{"id":1099,"date":"2025-07-13T22:24:13","date_gmt":"2025-07-13T22:24:13","guid":{"rendered":"http:\/\/fenster-discount.com\/?page_id=1099"},"modified":"2025-07-24T20:26:08","modified_gmt":"2025-07-24T20:26:08","slug":"office-building-new-york","status":"publish","type":"page","link":"http:\/\/fenster-discount.com\/de\/office-building-new-york\/","title":{"rendered":"B\u00fcrogeb\u00e4ude NEW YORK"},"content":{"rendered":"<div data-elementor-type=\"wp-page\" data-elementor-id=\"1099\" class=\"elementor elementor-1099\" data-elementor-settings=\"{&quot;ha_cmc_init_switcher&quot;:&quot;no&quot;}\">\n\t\t\t\t<div class=\"elementor-element elementor-element-a16ecb8 e-flex e-con-boxed wpr-particle-no wpr-jarallax-no wpr-parallax-no wpr-sticky-section-no e-con e-parent\" data-id=\"a16ecb8\" data-element_type=\"container\" data-settings=\"{&quot;_ha_eqh_enable&quot;:false}\">\n\t\t\t\t\t<div class=\"e-con-inner\">\n\t\t<div class=\"elementor-element elementor-element-2ca4e05 e-con-full e-flex wpr-particle-no wpr-jarallax-no wpr-parallax-no wpr-sticky-section-no e-con e-child\" data-id=\"2ca4e05\" data-element_type=\"container\" data-settings=\"{&quot;_ha_eqh_enable&quot;:false}\">\n\t\t\t\t<div class=\"elementor-element elementor-element-27dd82f exad-sticky-section-no exad-glass-effect-no elementor-widget elementor-widget-heading\" data-id=\"27dd82f\" data-element_type=\"widget\" data-widget_type=\"heading.default\">\n\t\t\t\t\t<h3 class=\"elementor-heading-title elementor-size-default\">B\u00fcrogeb\u00e4ude NEW YORK<\/h3>\t\t\t\t<\/div>\n\t\t\t\t<\/div>\n\t\t<div class=\"elementor-element elementor-element-2784f9d e-con-full e-flex wpr-particle-no wpr-jarallax-no wpr-parallax-no wpr-sticky-section-no e-con e-child\" data-id=\"2784f9d\" data-element_type=\"container\" data-settings=\"{&quot;_ha_eqh_enable&quot;:false}\">\n\t\t\t\t<\/div>\n\t\t\t\t\t<\/div>\n\t\t\t\t<\/div>\n\t\t<div class=\"elementor-element elementor-element-1248584 e-flex e-con-boxed wpr-particle-no wpr-jarallax-no wpr-parallax-no wpr-sticky-section-no e-con e-parent\" data-id=\"1248584\" data-element_type=\"container\" data-settings=\"{&quot;_ha_eqh_enable&quot;:false}\">\n\t\t\t\t\t<div class=\"e-con-inner\">\n\t\t<div class=\"elementor-element elementor-element-0e4499b e-con-full e-flex wpr-particle-no wpr-jarallax-no wpr-parallax-no wpr-sticky-section-no e-con e-child\" data-id=\"0e4499b\" data-element_type=\"container\" data-settings=\"{&quot;_ha_eqh_enable&quot;:false}\">\n\t\t\t\t<div class=\"elementor-element elementor-element-37ef23e elementor-icon-list--layout-traditional elementor-list-item-link-full_width exad-sticky-section-no exad-glass-effect-no elementor-widget elementor-widget-icon-list\" data-id=\"37ef23e\" data-element_type=\"widget\" data-widget_type=\"icon-list.default\">\n\t\t\t\t\t\t\t<ul class=\"elementor-icon-list-items\">\n\t\t\t\t\t\t\t<li class=\"elementor-icon-list-item\">\n\t\t\t\t\t\t\t\t\t\t\t<span class=\"elementor-icon-list-icon\">\n\t\t\t\t\t\t\t<svg aria-hidden=\"true\" class=\"e-font-icon-svg e-fas-check\" viewbox=\"0 0 512 512\" xmlns=\"http:\/\/www.w3.org\/2000\/svg\"><path d=\"M173.898 439.404l-166.4-166.4c-9.997-9.997-9.997-26.206 0-36.204l36.203-36.204c9.997-9.998 26.207-9.998 36.204 0L192 312.69 432.095 72.596c9.997-9.997 26.207-9.997 36.204 0l36.203 36.204c9.997 9.997 9.997 26.206 0 36.204l-294.4 294.401c-9.998 9.997-26.207 9.997-36.204-.001z\"><\/path><\/svg>\t\t\t\t\t\t<\/span>\n\t\t\t\t\t\t\t\t\t\t<span class=\"elementor-icon-list-text\">Umfassende In-House-F\u00e4higkeiten<\/span>\n\t\t\t\t\t\t\t\t\t<\/li>\n\t\t\t\t\t\t\t\t<li class=\"elementor-icon-list-item\">\n\t\t\t\t\t\t\t\t\t\t\t<span class=\"elementor-icon-list-icon\">\n\t\t\t\t\t\t\t<svg aria-hidden=\"true\" class=\"e-font-icon-svg e-fas-check\" viewbox=\"0 0 512 512\" xmlns=\"http:\/\/www.w3.org\/2000\/svg\"><path d=\"M173.898 439.404l-166.4-166.4c-9.997-9.997-9.997-26.206 0-36.204l36.203-36.204c9.997-9.998 26.207-9.998 36.204 0L192 312.69 432.095 72.596c9.997-9.997 26.207-9.997 36.204 0l36.203 36.204c9.997 9.997 9.997 26.206 0 36.204l-294.4 294.401c-9.998 9.997-26.207 9.997-36.204-.001z\"><\/path><\/svg>\t\t\t\t\t\t<\/span>\n\t\t\t\t\t\t\t\t\t\t<span class=\"elementor-icon-list-text\">Fortschrittliche Technologie &amp; Innovation<\/span>\n\t\t\t\t\t\t\t\t\t<\/li>\n\t\t\t\t\t\t\t\t<li class=\"elementor-icon-list-item\">\n\t\t\t\t\t\t\t\t\t\t\t<span class=\"elementor-icon-list-icon\">\n\t\t\t\t\t\t\t<svg aria-hidden=\"true\" class=\"e-font-icon-svg e-fas-check\" viewbox=\"0 0 512 512\" xmlns=\"http:\/\/www.w3.org\/2000\/svg\"><path d=\"M173.898 439.404l-166.4-166.4c-9.997-9.997-9.997-26.206 0-36.204l36.203-36.204c9.997-9.998 26.207-9.998 36.204 0L192 312.69 432.095 72.596c9.997-9.997 26.207-9.997 36.204 0l36.203 36.204c9.997 9.997 9.997 26.206 0 36.204l-294.4 294.401c-9.998 9.997-26.207 9.997-36.204-.001z\"><\/path><\/svg>\t\t\t\t\t\t<\/span>\n\t\t\t\t\t\t\t\t\t\t<span class=\"elementor-icon-list-text\">Qualit\u00e4tsorientiert &amp; kundenfokussiert<\/span>\n\t\t\t\t\t\t\t\t\t<\/li>\n\t\t\t\t\t\t\t\t<li class=\"elementor-icon-list-item\">\n\t\t\t\t\t\t\t\t\t\t\t<span class=\"elementor-icon-list-icon\">\n\t\t\t\t\t\t\t<svg aria-hidden=\"true\" class=\"e-font-icon-svg e-fas-check\" viewbox=\"0 0 512 512\" xmlns=\"http:\/\/www.w3.org\/2000\/svg\"><path d=\"M173.898 439.404l-166.4-166.4c-9.997-9.997-9.997-26.206 0-36.204l36.203-36.204c9.997-9.998 26.207-9.998 36.204 0L192 312.69 432.095 72.596c9.997-9.997 26.207-9.997 36.204 0l36.203 36.204c9.997 9.997 9.997 26.206 0 36.204l-294.4 294.401c-9.998 9.997-26.207 9.997-36.204-.001z\"><\/path><\/svg>\t\t\t\t\t\t<\/span>\n\t\t\t\t\t\t\t\t\t\t<span class=\"elementor-icon-list-text\">Nachhaltiger &amp; zukunftsf\u00e4higer Ansatz<\/span>\n\t\t\t\t\t\t\t\t\t<\/li>\n\t\t\t\t\t\t<\/ul>\n\t\t\t\t\t\t<\/div>\n\t\t\t\t<\/div>\n\t\t<div class=\"elementor-element elementor-element-fafa7eb e-con-full e-flex wpr-particle-no wpr-jarallax-no wpr-parallax-no wpr-sticky-section-no e-con e-child\" data-id=\"fafa7eb\" data-element_type=\"container\" data-settings=\"{&quot;_ha_eqh_enable&quot;:false}\">\n\t\t\t\t<div class=\"elementor-element elementor-element-3afd2a2 exad-sticky-section-no exad-glass-effect-no elementor-widget elementor-widget-image\" data-id=\"3afd2a2\" data-element_type=\"widget\" data-widget_type=\"image.default\">\n\t\t\t\t\t\t\t\t\t\t\t\t\t\t\t<img fetchpriority=\"high\" decoding=\"async\" width=\"1024\" height=\"768\" src=\"http:\/\/fenster-discount.com\/wp-content\/uploads\/2025\/07\/1-8-1024x768.jpeg\" class=\"attachment-large size-large wp-image-1102\" alt=\"\" srcset=\"http:\/\/fenster-discount.com\/wp-content\/uploads\/2025\/07\/1-8-1024x768.jpeg 1024w, http:\/\/fenster-discount.com\/wp-content\/uploads\/2025\/07\/1-8-300x225.jpeg 300w, http:\/\/fenster-discount.com\/wp-content\/uploads\/2025\/07\/1-8-768x576.jpeg 768w, http:\/\/fenster-discount.com\/wp-content\/uploads\/2025\/07\/1-8-1536x1152.jpeg 1536w, http:\/\/fenster-discount.com\/wp-content\/uploads\/2025\/07\/1-8.jpeg 1600w\" sizes=\"(max-width: 1024px) 100vw, 1024px\" \/>\t\t\t\t\t\t\t\t\t\t\t\t\t\t\t<\/div>\n\t\t\t\t<div class=\"elementor-element elementor-element-2e281d9 exad-sticky-section-no exad-glass-effect-no elementor-widget elementor-widget-text-editor\" data-id=\"2e281d9\" data-element_type=\"widget\" data-widget_type=\"text-editor.default\">\n\t\t\t\t\t\t\t\t\t<p><span style=\"font-weight: 400;\">Der Erfolg des Projekts ist ein Beweis f\u00fcr die F\u00e4higkeit von Fenster Discount, komplexe st\u00e4dtische Bauumgebungen zu meistern und gleichzeitig Qualit\u00e4t, Geschwindigkeit und langfristige Leistung zu gew\u00e4hrleisten. Dieses Projekt spiegelt unser anhaltendes Engagement wider, Skylines mit ebenso langlebigen wie zukunftsweisenden L\u00f6sungen zu ver\u00e4ndern.<\/span><\/p>\t\t\t\t\t\t\t\t<\/div>\n\t\t\t\t<\/div>\n\t\t\t\t\t<\/div>\n\t\t\t\t<\/div>\n\t\t<div class=\"elementor-element elementor-element-48cacaf e-flex e-con-boxed wpr-particle-no wpr-jarallax-no wpr-parallax-no wpr-sticky-section-no e-con e-parent\" data-id=\"48cacaf\" data-element_type=\"container\" data-settings=\"{&quot;_ha_eqh_enable&quot;:false}\">\n\t\t\t\t\t<div class=\"e-con-inner\">\n\t\t\t\t<div class=\"elementor-element elementor-element-ec77f6e gallery-spacing-custom exad-sticky-section-no exad-glass-effect-no elementor-widget elementor-widget-image-gallery\" data-id=\"ec77f6e\" data-element_type=\"widget\" data-widget_type=\"image-gallery.default\">\n\t\t\t\t\t\t\t<div class=\"elementor-image-gallery\">\n\t\t\t<div id='gallery-1' class='gallery galleryid-1099 gallery-columns-3 gallery-size-full'><figure class='gallery-item'>\n\t\t\t<div class='gallery-icon landscape'>\n\t\t\t\t<a data-elementor-open-lightbox=\"yes\" data-elementor-lightbox-slideshow=\"ec77f6e\" data-elementor-lightbox-title=\"2 (10)\" data-e-action-hash=\"#elementor-action%3Aaction%3Dlightbox%26settings%3DeyJpZCI6MTEwMSwidXJsIjoiaHR0cDpcL1wvZmVuc3Rlci1kaXNjb3VudC5jb21cL3dwLWNvbnRlbnRcL3VwbG9hZHNcLzIwMjVcLzA3XC8yLTEwLmpwZWciLCJzbGlkZXNob3ciOiJlYzc3ZjZlIn0%3D\" href='http:\/\/fenster-discount.com\/wp-content\/uploads\/2025\/07\/2-10.jpeg'><img decoding=\"async\" width=\"1600\" height=\"1200\" src=\"http:\/\/fenster-discount.com\/wp-content\/uploads\/2025\/07\/2-10.jpeg\" class=\"attachment-full size-full\" alt=\"\" srcset=\"http:\/\/fenster-discount.com\/wp-content\/uploads\/2025\/07\/2-10.jpeg 1600w, http:\/\/fenster-discount.com\/wp-content\/uploads\/2025\/07\/2-10-300x225.jpeg 300w, http:\/\/fenster-discount.com\/wp-content\/uploads\/2025\/07\/2-10-1024x768.jpeg 1024w, http:\/\/fenster-discount.com\/wp-content\/uploads\/2025\/07\/2-10-768x576.jpeg 768w, http:\/\/fenster-discount.com\/wp-content\/uploads\/2025\/07\/2-10-1536x1152.jpeg 1536w\" sizes=\"(max-width: 1600px) 100vw, 1600px\" \/><\/a>\n\t\t\t<\/div><\/figure><figure class='gallery-item'>\n\t\t\t<div class='gallery-icon landscape'>\n\t\t\t\t<a data-elementor-open-lightbox=\"yes\" data-elementor-lightbox-slideshow=\"ec77f6e\" data-elementor-lightbox-title=\"1 (8)\" data-e-action-hash=\"#elementor-action%3Aaction%3Dlightbox%26settings%3DeyJpZCI6MTEwMiwidXJsIjoiaHR0cDpcL1wvZmVuc3Rlci1kaXNjb3VudC5jb21cL3dwLWNvbnRlbnRcL3VwbG9hZHNcLzIwMjVcLzA3XC8xLTguanBlZyIsInNsaWRlc2hvdyI6ImVjNzdmNmUifQ%3D%3D\" href='http:\/\/fenster-discount.com\/wp-content\/uploads\/2025\/07\/1-8.jpeg'><img decoding=\"async\" width=\"1600\" height=\"1200\" src=\"http:\/\/fenster-discount.com\/wp-content\/uploads\/2025\/07\/1-8.jpeg\" class=\"attachment-full size-full\" alt=\"\" srcset=\"http:\/\/fenster-discount.com\/wp-content\/uploads\/2025\/07\/1-8.jpeg 1600w, http:\/\/fenster-discount.com\/wp-content\/uploads\/2025\/07\/1-8-300x225.jpeg 300w, http:\/\/fenster-discount.com\/wp-content\/uploads\/2025\/07\/1-8-1024x768.jpeg 1024w, http:\/\/fenster-discount.com\/wp-content\/uploads\/2025\/07\/1-8-768x576.jpeg 768w, http:\/\/fenster-discount.com\/wp-content\/uploads\/2025\/07\/1-8-1536x1152.jpeg 1536w\" sizes=\"(max-width: 1600px) 100vw, 1600px\" \/><\/a>\n\t\t\t<\/div><\/figure><figure class='gallery-item'>\n\t\t\t<div class='gallery-icon portrait'>\n\t\t\t\t<a data-elementor-open-lightbox=\"yes\" data-elementor-lightbox-slideshow=\"ec77f6e\" data-elementor-lightbox-title=\"2bulova\" data-e-action-hash=\"#elementor-action%3Aaction%3Dlightbox%26settings%3DeyJpZCI6MTExMCwidXJsIjoiaHR0cDpcL1wvZmVuc3Rlci1kaXNjb3VudC5jb21cL3dwLWNvbnRlbnRcL3VwbG9hZHNcLzIwMjVcLzA3XC8yYnVsb3ZhLmpwZWciLCJzbGlkZXNob3ciOiJlYzc3ZjZlIn0%3D\" href='http:\/\/fenster-discount.com\/wp-content\/uploads\/2025\/07\/2bulova.jpeg'><img loading=\"lazy\" decoding=\"async\" width=\"1072\" height=\"1476\" src=\"http:\/\/fenster-discount.com\/wp-content\/uploads\/2025\/07\/2bulova.jpeg\" class=\"attachment-full size-full\" alt=\"\" srcset=\"http:\/\/fenster-discount.com\/wp-content\/uploads\/2025\/07\/2bulova.jpeg 1072w, http:\/\/fenster-discount.com\/wp-content\/uploads\/2025\/07\/2bulova-218x300.jpeg 218w, http:\/\/fenster-discount.com\/wp-content\/uploads\/2025\/07\/2bulova-744x1024.jpeg 744w, http:\/\/fenster-discount.com\/wp-content\/uploads\/2025\/07\/2bulova-768x1057.jpeg 768w\" sizes=\"(max-width: 1072px) 100vw, 1072px\" \/><\/a>\n\t\t\t<\/div><\/figure>\n\t\t<\/div>\n\t\t<\/div>\n\t\t\t\t\t\t<\/div>\n\t\t\t\t\t<\/div>\n\t\t\t\t<\/div>\n\t\t\t\t<\/div>","protected":false},"excerpt":{"rendered":"<p>Office Building NEW YORK Comprehensive In-House Capabilities Advanced Technology &#038; Innovation Quality-Driven &#038; Client-Focused Sustainable &#038; Future-Ready Approach The development\u2019s success stands as proof of Fenster Discount\u2019s ability to navigate complex urban construction environments while ensuring quality, speed, and long-term performance. This project reflects our ongoing commitment to transforming skylines with solutions that are as durable as they are design-forward.<\/p>","protected":false},"author":1,"featured_media":0,"parent":0,"menu_order":0,"comment_status":"closed","ping_status":"closed","template":"elementor_canvas","meta":{"site-sidebar-layout":"default","site-content-layout":"","ast-site-content-layout":"default","site-content-style":"default","site-sidebar-style":"default","ast-global-header-display":"","ast-banner-title-visibility":"","ast-main-header-display":"","ast-hfb-above-header-display":"","ast-hfb-below-header-display":"","ast-hfb-mobile-header-display":"","site-post-title":"","ast-breadcrumbs-content":"","ast-featured-img":"","footer-sml-layout":"","theme-transparent-header-meta":"","adv-header-id-meta":"","stick-header-meta":"","header-above-stick-meta":"","header-main-stick-meta":"","header-below-stick-meta":"","astra-migrate-meta-layouts":"default","ast-page-background-enabled":"default","ast-page-background-meta":{"desktop":{"background-color":"var(--ast-global-color-5)","background-image":"","background-repeat":"repeat","background-position":"center center","background-size":"auto","background-attachment":"scroll","background-type":"","background-media":"","overlay-type":"","overlay-color":"","overlay-opacity":"","overlay-gradient":""},"tablet":{"background-color":"","background-image":"","background-repeat":"repeat","background-position":"center center","background-size":"auto","background-attachment":"scroll","background-type":"","background-media":"","overlay-type":"","overlay-color":"","overlay-opacity":"","overlay-gradient":""},"mobile":{"background-color":"","background-image":"","background-repeat":"repeat","background-position":"center center","background-size":"auto","background-attachment":"scroll","background-type":"","background-media":"","overlay-type":"","overlay-color":"","overlay-opacity":"","overlay-gradient":""}},"ast-content-background-meta":{"desktop":{"background-color":"var(--ast-global-color-4)","background-image":"","background-repeat":"repeat","background-position":"center center","background-size":"auto","background-attachment":"scroll","background-type":"","background-media":"","overlay-type":"","overlay-color":"","overlay-opacity":"","overlay-gradient":""},"tablet":{"background-color":"var(--ast-global-color-4)","background-image":"","background-repeat":"repeat","background-position":"center center","background-size":"auto","background-attachment":"scroll","background-type":"","background-media":"","overlay-type":"","overlay-color":"","overlay-opacity":"","overlay-gradient":""},"mobile":{"background-color":"var(--ast-global-color-4)","background-image":"","background-repeat":"repeat","background-position":"center center","background-size":"auto","background-attachment":"scroll","background-type":"","background-media":"","overlay-type":"","overlay-color":"","overlay-opacity":"","overlay-gradient":""}},"footnotes":""},"class_list":["post-1099","page","type-page","status-publish","hentry"],"_links":{"self":[{"href":"http:\/\/fenster-discount.com\/de\/wp-json\/wp\/v2\/pages\/1099","targetHints":{"allow":["GET"]}}],"collection":[{"href":"http:\/\/fenster-discount.com\/de\/wp-json\/wp\/v2\/pages"}],"about":[{"href":"http:\/\/fenster-discount.com\/de\/wp-json\/wp\/v2\/types\/page"}],"author":[{"embeddable":true,"href":"http:\/\/fenster-discount.com\/de\/wp-json\/wp\/v2\/users\/1"}],"replies":[{"embeddable":true,"href":"http:\/\/fenster-discount.com\/de\/wp-json\/wp\/v2\/comments?post=1099"}],"version-history":[{"count":0,"href":"http:\/\/fenster-discount.com\/de\/wp-json\/wp\/v2\/pages\/1099\/revisions"}],"wp:attachment":[{"href":"http:\/\/fenster-discount.com\/de\/wp-json\/wp\/v2\/media?parent=1099"}],"curies":[{"name":"wp","href":"https:\/\/api.w.org\/{rel}","templated":true}]}}