{"id":1379,"date":"2025-07-15T13:05:10","date_gmt":"2025-07-15T13:05:10","guid":{"rendered":"http:\/\/fenster-discount.com\/?page_id=1379"},"modified":"2025-07-25T10:58:01","modified_gmt":"2025-07-25T10:58:01","slug":"individual-villa","status":"publish","type":"page","link":"http:\/\/fenster-discount.com\/de\/individual-villa\/","title":{"rendered":"Individuelle Villa"},"content":{"rendered":"<div data-elementor-type=\"wp-page\" data-elementor-id=\"1379\" class=\"elementor elementor-1379\" data-elementor-settings=\"{&quot;ha_cmc_init_switcher&quot;:&quot;no&quot;}\">\n\t\t\t\t<div class=\"elementor-element elementor-element-a16ecb8 e-flex e-con-boxed wpr-particle-no wpr-jarallax-no wpr-parallax-no wpr-sticky-section-no e-con e-parent\" data-id=\"a16ecb8\" data-element_type=\"container\" data-settings=\"{&quot;_ha_eqh_enable&quot;:false}\">\n\t\t\t\t\t<div class=\"e-con-inner\">\n\t\t<div class=\"elementor-element elementor-element-2ca4e05 e-con-full e-flex wpr-particle-no wpr-jarallax-no wpr-parallax-no wpr-sticky-section-no e-con e-child\" data-id=\"2ca4e05\" data-element_type=\"container\" data-settings=\"{&quot;_ha_eqh_enable&quot;:false}\">\n\t\t\t\t<div class=\"elementor-element elementor-element-27dd82f exad-sticky-section-no exad-glass-effect-no elementor-widget elementor-widget-heading\" data-id=\"27dd82f\" data-element_type=\"widget\" data-widget_type=\"heading.default\">\n\t\t\t\t\t<h3 class=\"elementor-heading-title elementor-size-default\">EINZELVILLA<\/h3>\t\t\t\t<\/div>\n\t\t\t\t<\/div>\n\t\t<div class=\"elementor-element elementor-element-2784f9d e-con-full e-flex wpr-particle-no wpr-jarallax-no wpr-parallax-no wpr-sticky-section-no e-con e-child\" data-id=\"2784f9d\" data-element_type=\"container\" data-settings=\"{&quot;_ha_eqh_enable&quot;:false}\">\n\t\t\t\t<\/div>\n\t\t\t\t\t<\/div>\n\t\t\t\t<\/div>\n\t\t<div class=\"elementor-element elementor-element-1248584 e-flex e-con-boxed wpr-particle-no wpr-jarallax-no wpr-parallax-no wpr-sticky-section-no e-con e-parent\" data-id=\"1248584\" data-element_type=\"container\" data-settings=\"{&quot;_ha_eqh_enable&quot;:false}\">\n\t\t\t\t\t<div class=\"e-con-inner\">\n\t\t<div class=\"elementor-element elementor-element-0e4499b e-con-full e-flex wpr-particle-no wpr-jarallax-no wpr-parallax-no wpr-sticky-section-no e-con e-child\" data-id=\"0e4499b\" data-element_type=\"container\" data-settings=\"{&quot;_ha_eqh_enable&quot;:false}\">\n\t\t\t\t<div class=\"elementor-element elementor-element-37ef23e elementor-icon-list--layout-traditional elementor-list-item-link-full_width exad-sticky-section-no exad-glass-effect-no elementor-widget elementor-widget-icon-list\" data-id=\"37ef23e\" data-element_type=\"widget\" data-widget_type=\"icon-list.default\">\n\t\t\t\t\t\t\t<ul class=\"elementor-icon-list-items\">\n\t\t\t\t\t\t\t<li class=\"elementor-icon-list-item\">\n\t\t\t\t\t\t\t\t\t\t\t<span class=\"elementor-icon-list-icon\">\n\t\t\t\t\t\t\t<svg aria-hidden=\"true\" class=\"e-font-icon-svg e-fas-check\" viewbox=\"0 0 512 512\" xmlns=\"http:\/\/www.w3.org\/2000\/svg\"><path d=\"M173.898 439.404l-166.4-166.4c-9.997-9.997-9.997-26.206 0-36.204l36.203-36.204c9.997-9.998 26.207-9.998 36.204 0L192 312.69 432.095 72.596c9.997-9.997 26.207-9.997 36.204 0l36.203 36.204c9.997 9.997 9.997 26.206 0 36.204l-294.4 294.401c-9.998 9.997-26.207 9.997-36.204-.001z\"><\/path><\/svg>\t\t\t\t\t\t<\/span>\n\t\t\t\t\t\t\t\t\t\t<span class=\"elementor-icon-list-text\">Umfassende In-House-F\u00e4higkeiten<\/span>\n\t\t\t\t\t\t\t\t\t<\/li>\n\t\t\t\t\t\t\t\t<li class=\"elementor-icon-list-item\">\n\t\t\t\t\t\t\t\t\t\t\t<span class=\"elementor-icon-list-icon\">\n\t\t\t\t\t\t\t<svg aria-hidden=\"true\" class=\"e-font-icon-svg e-fas-check\" viewbox=\"0 0 512 512\" xmlns=\"http:\/\/www.w3.org\/2000\/svg\"><path d=\"M173.898 439.404l-166.4-166.4c-9.997-9.997-9.997-26.206 0-36.204l36.203-36.204c9.997-9.998 26.207-9.998 36.204 0L192 312.69 432.095 72.596c9.997-9.997 26.207-9.997 36.204 0l36.203 36.204c9.997 9.997 9.997 26.206 0 36.204l-294.4 294.401c-9.998 9.997-26.207 9.997-36.204-.001z\"><\/path><\/svg>\t\t\t\t\t\t<\/span>\n\t\t\t\t\t\t\t\t\t\t<span class=\"elementor-icon-list-text\">Fortschrittliche Technologie &amp; Innovation<\/span>\n\t\t\t\t\t\t\t\t\t<\/li>\n\t\t\t\t\t\t\t\t<li class=\"elementor-icon-list-item\">\n\t\t\t\t\t\t\t\t\t\t\t<span class=\"elementor-icon-list-icon\">\n\t\t\t\t\t\t\t<svg aria-hidden=\"true\" class=\"e-font-icon-svg e-fas-check\" viewbox=\"0 0 512 512\" xmlns=\"http:\/\/www.w3.org\/2000\/svg\"><path d=\"M173.898 439.404l-166.4-166.4c-9.997-9.997-9.997-26.206 0-36.204l36.203-36.204c9.997-9.998 26.207-9.998 36.204 0L192 312.69 432.095 72.596c9.997-9.997 26.207-9.997 36.204 0l36.203 36.204c9.997 9.997 9.997 26.206 0 36.204l-294.4 294.401c-9.998 9.997-26.207 9.997-36.204-.001z\"><\/path><\/svg>\t\t\t\t\t\t<\/span>\n\t\t\t\t\t\t\t\t\t\t<span class=\"elementor-icon-list-text\">Qualit\u00e4tsorientiert &amp; kundenfokussiert<\/span>\n\t\t\t\t\t\t\t\t\t<\/li>\n\t\t\t\t\t\t\t\t<li class=\"elementor-icon-list-item\">\n\t\t\t\t\t\t\t\t\t\t\t<span class=\"elementor-icon-list-icon\">\n\t\t\t\t\t\t\t<svg aria-hidden=\"true\" class=\"e-font-icon-svg e-fas-check\" viewbox=\"0 0 512 512\" xmlns=\"http:\/\/www.w3.org\/2000\/svg\"><path d=\"M173.898 439.404l-166.4-166.4c-9.997-9.997-9.997-26.206 0-36.204l36.203-36.204c9.997-9.998 26.207-9.998 36.204 0L192 312.69 432.095 72.596c9.997-9.997 26.207-9.997 36.204 0l36.203 36.204c9.997 9.997 9.997 26.206 0 36.204l-294.4 294.401c-9.998 9.997-26.207 9.997-36.204-.001z\"><\/path><\/svg>\t\t\t\t\t\t<\/span>\n\t\t\t\t\t\t\t\t\t\t<span class=\"elementor-icon-list-text\">Nachhaltiger &amp; zukunftsf\u00e4higer Ansatz<\/span>\n\t\t\t\t\t\t\t\t\t<\/li>\n\t\t\t\t\t\t<\/ul>\n\t\t\t\t\t\t<\/div>\n\t\t\t\t<\/div>\n\t\t<div class=\"elementor-element elementor-element-fafa7eb e-con-full e-flex wpr-particle-no wpr-jarallax-no wpr-parallax-no wpr-sticky-section-no e-con e-child\" data-id=\"fafa7eb\" data-element_type=\"container\" data-settings=\"{&quot;_ha_eqh_enable&quot;:false}\">\n\t\t\t\t<div class=\"elementor-element elementor-element-3afd2a2 exad-sticky-section-no exad-glass-effect-no elementor-widget elementor-widget-image\" data-id=\"3afd2a2\" data-element_type=\"widget\" data-widget_type=\"image.default\">\n\t\t\t\t\t\t\t\t\t\t\t\t\t\t\t<img fetchpriority=\"high\" decoding=\"async\" width=\"1024\" height=\"768\" src=\"http:\/\/fenster-discount.com\/wp-content\/uploads\/2025\/07\/1-9-1024x768.jpeg\" class=\"attachment-large size-large wp-image-1383\" alt=\"\" srcset=\"http:\/\/fenster-discount.com\/wp-content\/uploads\/2025\/07\/1-9-1024x768.jpeg 1024w, http:\/\/fenster-discount.com\/wp-content\/uploads\/2025\/07\/1-9-300x225.jpeg 300w, http:\/\/fenster-discount.com\/wp-content\/uploads\/2025\/07\/1-9-768x576.jpeg 768w, http:\/\/fenster-discount.com\/wp-content\/uploads\/2025\/07\/1-9.jpeg 1280w\" sizes=\"(max-width: 1024px) 100vw, 1024px\" \/>\t\t\t\t\t\t\t\t\t\t\t\t\t\t\t<\/div>\n\t\t\t\t<div class=\"elementor-element elementor-element-2e281d9 exad-sticky-section-no exad-glass-effect-no elementor-widget elementor-widget-text-editor\" data-id=\"2e281d9\" data-element_type=\"widget\" data-widget_type=\"text-editor.default\">\n\t\t\t\t\t\t\t\t\t<p><span style=\"font-weight: 400;\">Diese individuelle Villa ist ein modernes Projekt, das zeitgen\u00f6ssische Architektur mit fortschrittlichen Baumaterialien und Technologien verbindet. Das Projekt nutzt die Aluminiumsysteme Alumil Smartia S560 und Alumil M6, die f\u00fcr ihre hervorragende W\u00e4rmed\u00e4mmung und hohe Witterungsbest\u00e4ndigkeit bekannt sind.<\/span><\/p><p><span style=\"font-weight: 400;\">Die Pivot-T\u00fcren SD115 und die Schiebet\u00fcren Supreme S700 bieten maximale Funktionalit\u00e4t und Eleganz beim Zugang und verbessern so den Raum und die Benutzerfreundlichkeit in der gesamten Villa. Die Fassade ist mit Hochleistungst\u00fcren und -fenstern ausgestattet, die die Energieeffizienz verbessern und f\u00fcr optimale nat\u00fcrliche Beleuchtung sorgen.<\/span><\/p><p><span style=\"font-weight: 400;\">Im gesamten Projekt kommt Guardian Glas zum Einsatz, das maximale Sicherheit, W\u00e4rme- und Schalld\u00e4mmung sowie ein angenehmes Raumklima bietet. Glasgel\u00e4nder aus Alumil M6 umgeben Balkone und Au\u00dfenbereiche und sorgen f\u00fcr eine moderne und elegante Optik sowie Sicherheit und Langlebigkeit.<\/span><\/p><p><span style=\"font-weight: 400;\">Dieses Projekt ist ein Beispiel f\u00fcr die perfekte Balance zwischen \u00c4sthetik, Funktionalit\u00e4t und fortschrittlicher Technologie und schafft eine luxuri\u00f6se, sichere und komfortable Wohnumgebung.<\/span><\/p>\t\t\t\t\t\t\t\t<\/div>\n\t\t\t\t<\/div>\n\t\t\t\t\t<\/div>\n\t\t\t\t<\/div>\n\t\t<div class=\"elementor-element elementor-element-1711648 e-flex e-con-boxed wpr-particle-no wpr-jarallax-no wpr-parallax-no wpr-sticky-section-no e-con e-parent\" data-id=\"1711648\" data-element_type=\"container\" data-settings=\"{&quot;_ha_eqh_enable&quot;:false}\">\n\t\t\t\t\t<div class=\"e-con-inner\">\n\t\t\t\t<div class=\"elementor-element elementor-element-9c7f110 gallery-spacing-custom exad-sticky-section-no exad-glass-effect-no elementor-widget elementor-widget-image-gallery\" data-id=\"9c7f110\" data-element_type=\"widget\" data-widget_type=\"image-gallery.default\">\n\t\t\t\t\t\t\t<div class=\"elementor-image-gallery\">\n\t\t\t<div id='gallery-1' class='gallery galleryid-1379 gallery-columns-3 gallery-size-full'><figure class='gallery-item'>\n\t\t\t<div class='gallery-icon landscape'>\n\t\t\t\t<a data-elementor-open-lightbox=\"yes\" data-elementor-lightbox-slideshow=\"9c7f110\" data-elementor-lightbox-title=\"1 (9)\" data-e-action-hash=\"#elementor-action%3Aaction%3Dlightbox%26settings%3DeyJpZCI6MTM4MywidXJsIjoiaHR0cDpcL1wvZmVuc3Rlci1kaXNjb3VudC5jb21cL3dwLWNvbnRlbnRcL3VwbG9hZHNcLzIwMjVcLzA3XC8xLTkuanBlZyIsInNsaWRlc2hvdyI6IjljN2YxMTAifQ%3D%3D\" href='http:\/\/fenster-discount.com\/wp-content\/uploads\/2025\/07\/1-9.jpeg'><img decoding=\"async\" width=\"1280\" height=\"960\" src=\"http:\/\/fenster-discount.com\/wp-content\/uploads\/2025\/07\/1-9.jpeg\" class=\"attachment-full size-full\" alt=\"\" srcset=\"http:\/\/fenster-discount.com\/wp-content\/uploads\/2025\/07\/1-9.jpeg 1280w, http:\/\/fenster-discount.com\/wp-content\/uploads\/2025\/07\/1-9-300x225.jpeg 300w, http:\/\/fenster-discount.com\/wp-content\/uploads\/2025\/07\/1-9-1024x768.jpeg 1024w, http:\/\/fenster-discount.com\/wp-content\/uploads\/2025\/07\/1-9-768x576.jpeg 768w\" sizes=\"(max-width: 1280px) 100vw, 1280px\" \/><\/a>\n\t\t\t<\/div><\/figure><figure class='gallery-item'>\n\t\t\t<div class='gallery-icon landscape'>\n\t\t\t\t<a data-elementor-open-lightbox=\"yes\" data-elementor-lightbox-slideshow=\"9c7f110\" data-elementor-lightbox-title=\"2 (12)\" data-e-action-hash=\"#elementor-action%3Aaction%3Dlightbox%26settings%3DeyJpZCI6MTM4MiwidXJsIjoiaHR0cDpcL1wvZmVuc3Rlci1kaXNjb3VudC5jb21cL3dwLWNvbnRlbnRcL3VwbG9hZHNcLzIwMjVcLzA3XC8yLTEyLmpwZWciLCJzbGlkZXNob3ciOiI5YzdmMTEwIn0%3D\" href='http:\/\/fenster-discount.com\/wp-content\/uploads\/2025\/07\/2-12.jpeg'><img decoding=\"async\" width=\"1280\" height=\"960\" src=\"http:\/\/fenster-discount.com\/wp-content\/uploads\/2025\/07\/2-12.jpeg\" class=\"attachment-full size-full\" alt=\"\" srcset=\"http:\/\/fenster-discount.com\/wp-content\/uploads\/2025\/07\/2-12.jpeg 1280w, http:\/\/fenster-discount.com\/wp-content\/uploads\/2025\/07\/2-12-300x225.jpeg 300w, http:\/\/fenster-discount.com\/wp-content\/uploads\/2025\/07\/2-12-1024x768.jpeg 1024w, http:\/\/fenster-discount.com\/wp-content\/uploads\/2025\/07\/2-12-768x576.jpeg 768w\" sizes=\"(max-width: 1280px) 100vw, 1280px\" \/><\/a>\n\t\t\t<\/div><\/figure><figure class='gallery-item'>\n\t\t\t<div class='gallery-icon landscape'>\n\t\t\t\t<a data-elementor-open-lightbox=\"yes\" data-elementor-lightbox-slideshow=\"9c7f110\" data-elementor-lightbox-title=\"5 (6)\" data-e-action-hash=\"#elementor-action%3Aaction%3Dlightbox%26settings%3DeyJpZCI6MTM4MSwidXJsIjoiaHR0cDpcL1wvZmVuc3Rlci1kaXNjb3VudC5jb21cL3dwLWNvbnRlbnRcL3VwbG9hZHNcLzIwMjVcLzA3XC81LTYuanBlZyIsInNsaWRlc2hvdyI6IjljN2YxMTAifQ%3D%3D\" href='http:\/\/fenster-discount.com\/wp-content\/uploads\/2025\/07\/5-6.jpeg'><img loading=\"lazy\" decoding=\"async\" width=\"1280\" height=\"960\" src=\"http:\/\/fenster-discount.com\/wp-content\/uploads\/2025\/07\/5-6.jpeg\" class=\"attachment-full size-full\" alt=\"\" srcset=\"http:\/\/fenster-discount.com\/wp-content\/uploads\/2025\/07\/5-6.jpeg 1280w, http:\/\/fenster-discount.com\/wp-content\/uploads\/2025\/07\/5-6-300x225.jpeg 300w, http:\/\/fenster-discount.com\/wp-content\/uploads\/2025\/07\/5-6-1024x768.jpeg 1024w, http:\/\/fenster-discount.com\/wp-content\/uploads\/2025\/07\/5-6-768x576.jpeg 768w\" sizes=\"(max-width: 1280px) 100vw, 1280px\" \/><\/a>\n\t\t\t<\/div><\/figure><figure class='gallery-item'>\n\t\t\t<div class='gallery-icon portrait'>\n\t\t\t\t<a data-elementor-open-lightbox=\"yes\" data-elementor-lightbox-slideshow=\"9c7f110\" data-elementor-lightbox-title=\"3 (6)\" data-e-action-hash=\"#elementor-action%3Aaction%3Dlightbox%26settings%3DeyJpZCI6ODQzLCJ1cmwiOiJodHRwOlwvXC9mZW5zdGVyLWRpc2NvdW50LmNvbVwvd3AtY29udGVudFwvdXBsb2Fkc1wvMjAyNVwvMDdcLzMtNi5qcGVnIiwic2xpZGVzaG93IjoiOWM3ZjExMCJ9\" href='http:\/\/fenster-discount.com\/wp-content\/uploads\/2025\/07\/3-6.jpeg'><img loading=\"lazy\" decoding=\"async\" width=\"960\" height=\"1280\" src=\"http:\/\/fenster-discount.com\/wp-content\/uploads\/2025\/07\/3-6.jpeg\" class=\"attachment-full size-full\" alt=\"\" srcset=\"http:\/\/fenster-discount.com\/wp-content\/uploads\/2025\/07\/3-6.jpeg 960w, http:\/\/fenster-discount.com\/wp-content\/uploads\/2025\/07\/3-6-225x300.jpeg 225w, http:\/\/fenster-discount.com\/wp-content\/uploads\/2025\/07\/3-6-768x1024.jpeg 768w\" sizes=\"(max-width: 960px) 100vw, 960px\" \/><\/a>\n\t\t\t<\/div><\/figure><figure class='gallery-item'>\n\t\t\t<div class='gallery-icon portrait'>\n\t\t\t\t<a data-elementor-open-lightbox=\"yes\" data-elementor-lightbox-slideshow=\"9c7f110\" data-elementor-lightbox-title=\"4 (6)\" data-e-action-hash=\"#elementor-action%3Aaction%3Dlightbox%26settings%3DeyJpZCI6ODQyLCJ1cmwiOiJodHRwOlwvXC9mZW5zdGVyLWRpc2NvdW50LmNvbVwvd3AtY29udGVudFwvdXBsb2Fkc1wvMjAyNVwvMDdcLzQtNi5qcGVnIiwic2xpZGVzaG93IjoiOWM3ZjExMCJ9\" href='http:\/\/fenster-discount.com\/wp-content\/uploads\/2025\/07\/4-6.jpeg'><img loading=\"lazy\" decoding=\"async\" width=\"960\" height=\"1280\" src=\"http:\/\/fenster-discount.com\/wp-content\/uploads\/2025\/07\/4-6.jpeg\" class=\"attachment-full size-full\" alt=\"\" srcset=\"http:\/\/fenster-discount.com\/wp-content\/uploads\/2025\/07\/4-6.jpeg 960w, http:\/\/fenster-discount.com\/wp-content\/uploads\/2025\/07\/4-6-225x300.jpeg 225w, http:\/\/fenster-discount.com\/wp-content\/uploads\/2025\/07\/4-6-768x1024.jpeg 768w\" sizes=\"(max-width: 960px) 100vw, 960px\" \/><\/a>\n\t\t\t<\/div><\/figure>\n\t\t<\/div>\n\t\t<\/div>\n\t\t\t\t\t\t<\/div>\n\t\t\t\t\t<\/div>\n\t\t\t\t<\/div>\n\t\t\t\t<\/div>","protected":false},"excerpt":{"rendered":"<p>INDIVIDUELLE VILLA Umfassende interne Kapazit\u00e4ten Fortschrittliche Technologie und Innovation Qualit\u00e4tsorientiert und kundenorientiert Nachhaltiger und zukunftssicherer Ansatz Diese individuelle Villa ist ein modernes Projekt, das zeitgen\u00f6ssische Architektur mit fortschrittlichen Baumaterialien und -technologien kombiniert. Das Projekt nutzt die Aluminiumsysteme Alumil Smartia S560 und Alumil M6, die f\u00fcr ihre hervorragende W\u00e4rmed\u00e4mmung und hohe Witterungsbest\u00e4ndigkeit bekannt sind. Pivot-T\u00fcren SD115 und Schiebet\u00fcren Supreme S700 bieten maximale Funktionalit\u00e4t und Eleganz beim Zugang und vergr\u00f6\u00dfern so den Raum und die Benutzerfreundlichkeit in der gesamten Villa. Die Fassade wird durch Hochleistungst\u00fcren und -fenster vervollst\u00e4ndigt, die die Energieeffizienz verbessern und f\u00fcr optimale nat\u00fcrliche Beleuchtung sorgen. Im gesamten Projekt wird Guardian-Glas verwendet, das maximale Sicherheit, W\u00e4rme- und Schalld\u00e4mmung sowie ein angenehmes Raumklima bietet. Glasgel\u00e4nder aus Alumil M6 umgeben Balkone und Au\u00dfenbereiche und verleihen ein modernes und elegantes Aussehen, w\u00e4hrend sie gleichzeitig Sicherheit und Haltbarkeit gew\u00e4hrleisten. Dieses Projekt veranschaulicht die perfekte Balance zwischen \u00c4sthetik, Funktionalit\u00e4t und fortschrittlicher Technologie und schafft ein luxuri\u00f6ses, sicheres und komfortables Wohnumfeld.<\/p>","protected":false},"author":1,"featured_media":0,"parent":0,"menu_order":0,"comment_status":"closed","ping_status":"closed","template":"elementor_canvas","meta":{"site-sidebar-layout":"default","site-content-layout":"","ast-site-content-layout":"default","site-content-style":"default","site-sidebar-style":"default","ast-global-header-display":"","ast-banner-title-visibility":"","ast-main-header-display":"","ast-hfb-above-header-display":"","ast-hfb-below-header-display":"","ast-hfb-mobile-header-display":"","site-post-title":"","ast-breadcrumbs-content":"","ast-featured-img":"","footer-sml-layout":"","theme-transparent-header-meta":"","adv-header-id-meta":"","stick-header-meta":"","header-above-stick-meta":"","header-main-stick-meta":"","header-below-stick-meta":"","astra-migrate-meta-layouts":"default","ast-page-background-enabled":"default","ast-page-background-meta":{"desktop":{"background-color":"var(--ast-global-color-5)","background-image":"","background-repeat":"repeat","background-position":"center center","background-size":"auto","background-attachment":"scroll","background-type":"","background-media":"","overlay-type":"","overlay-color":"","overlay-opacity":"","overlay-gradient":""},"tablet":{"background-color":"","background-image":"","background-repeat":"repeat","background-position":"center center","background-size":"auto","background-attachment":"scroll","background-type":"","background-media":"","overlay-type":"","overlay-color":"","overlay-opacity":"","overlay-gradient":""},"mobile":{"background-color":"","background-image":"","background-repeat":"repeat","background-position":"center center","background-size":"auto","background-attachment":"scroll","background-type":"","background-media":"","overlay-type":"","overlay-color":"","overlay-opacity":"","overlay-gradient":""}},"ast-content-background-meta":{"desktop":{"background-color":"var(--ast-global-color-4)","background-image":"","background-repeat":"repeat","background-position":"center center","background-size":"auto","background-attachment":"scroll","background-type":"","background-media":"","overlay-type":"","overlay-color":"","overlay-opacity":"","overlay-gradient":""},"tablet":{"background-color":"var(--ast-global-color-4)","background-image":"","background-repeat":"repeat","background-position":"center center","background-size":"auto","background-attachment":"scroll","background-type":"","background-media":"","overlay-type":"","overlay-color":"","overlay-opacity":"","overlay-gradient":""},"mobile":{"background-color":"var(--ast-global-color-4)","background-image":"","background-repeat":"repeat","background-position":"center center","background-size":"auto","background-attachment":"scroll","background-type":"","background-media":"","overlay-type":"","overlay-color":"","overlay-opacity":"","overlay-gradient":""}},"footnotes":""},"class_list":["post-1379","page","type-page","status-publish","hentry"],"_links":{"self":[{"href":"http:\/\/fenster-discount.com\/de\/wp-json\/wp\/v2\/pages\/1379","targetHints":{"allow":["GET"]}}],"collection":[{"href":"http:\/\/fenster-discount.com\/de\/wp-json\/wp\/v2\/pages"}],"about":[{"href":"http:\/\/fenster-discount.com\/de\/wp-json\/wp\/v2\/types\/page"}],"author":[{"embeddable":true,"href":"http:\/\/fenster-discount.com\/de\/wp-json\/wp\/v2\/users\/1"}],"replies":[{"embeddable":true,"href":"http:\/\/fenster-discount.com\/de\/wp-json\/wp\/v2\/comments?post=1379"}],"version-history":[{"count":0,"href":"http:\/\/fenster-discount.com\/de\/wp-json\/wp\/v2\/pages\/1379\/revisions"}],"wp:attachment":[{"href":"http:\/\/fenster-discount.com\/de\/wp-json\/wp\/v2\/media?parent=1379"}],"curies":[{"name":"wp","href":"https:\/\/api.w.org\/{rel}","templated":true}]}}