{"id":1477,"date":"2025-07-15T18:06:11","date_gmt":"2025-07-15T18:06:11","guid":{"rendered":"http:\/\/fenster-discount.com\/?page_id=1477"},"modified":"2025-07-25T13:34:18","modified_gmt":"2025-07-25T13:34:18","slug":"individual-villa3","status":"publish","type":"page","link":"http:\/\/fenster-discount.com\/de\/individual-villa3\/","title":{"rendered":"Individuelle Villa"},"content":{"rendered":"<div data-elementor-type=\"wp-page\" data-elementor-id=\"1477\" class=\"elementor elementor-1477\" data-elementor-settings=\"{&quot;ha_cmc_init_switcher&quot;:&quot;no&quot;}\">\n\t\t\t\t<div class=\"elementor-element elementor-element-a16ecb8 e-flex e-con-boxed wpr-particle-no wpr-jarallax-no wpr-parallax-no wpr-sticky-section-no e-con e-parent\" data-id=\"a16ecb8\" data-element_type=\"container\" data-settings=\"{&quot;_ha_eqh_enable&quot;:false}\">\n\t\t\t\t\t<div class=\"e-con-inner\">\n\t\t<div class=\"elementor-element elementor-element-2ca4e05 e-con-full e-flex wpr-particle-no wpr-jarallax-no wpr-parallax-no wpr-sticky-section-no e-con e-child\" data-id=\"2ca4e05\" data-element_type=\"container\" data-settings=\"{&quot;_ha_eqh_enable&quot;:false}\">\n\t\t\t\t<div class=\"elementor-element elementor-element-27dd82f exad-sticky-section-no exad-glass-effect-no elementor-widget elementor-widget-heading\" data-id=\"27dd82f\" data-element_type=\"widget\" data-widget_type=\"heading.default\">\n\t\t\t\t\t<h3 class=\"elementor-heading-title elementor-size-default\">Individuelle Villa<\/h3>\t\t\t\t<\/div>\n\t\t\t\t<\/div>\n\t\t<div class=\"elementor-element elementor-element-2784f9d e-con-full e-flex wpr-particle-no wpr-jarallax-no wpr-parallax-no wpr-sticky-section-no e-con e-child\" data-id=\"2784f9d\" data-element_type=\"container\" data-settings=\"{&quot;_ha_eqh_enable&quot;:false}\">\n\t\t\t\t<\/div>\n\t\t\t\t\t<\/div>\n\t\t\t\t<\/div>\n\t\t<div class=\"elementor-element elementor-element-1248584 e-flex e-con-boxed wpr-particle-no wpr-jarallax-no wpr-parallax-no wpr-sticky-section-no e-con e-parent\" data-id=\"1248584\" data-element_type=\"container\" data-settings=\"{&quot;_ha_eqh_enable&quot;:false}\">\n\t\t\t\t\t<div class=\"e-con-inner\">\n\t\t<div class=\"elementor-element elementor-element-0e4499b e-con-full e-flex wpr-particle-no wpr-jarallax-no wpr-parallax-no wpr-sticky-section-no e-con e-child\" data-id=\"0e4499b\" data-element_type=\"container\" data-settings=\"{&quot;_ha_eqh_enable&quot;:false}\">\n\t\t\t\t<div class=\"elementor-element elementor-element-37ef23e elementor-icon-list--layout-traditional elementor-list-item-link-full_width exad-sticky-section-no exad-glass-effect-no elementor-widget elementor-widget-icon-list\" data-id=\"37ef23e\" data-element_type=\"widget\" data-widget_type=\"icon-list.default\">\n\t\t\t\t\t\t\t<ul class=\"elementor-icon-list-items\">\n\t\t\t\t\t\t\t<li class=\"elementor-icon-list-item\">\n\t\t\t\t\t\t\t\t\t\t\t<span class=\"elementor-icon-list-icon\">\n\t\t\t\t\t\t\t<svg aria-hidden=\"true\" class=\"e-font-icon-svg e-fas-check\" viewbox=\"0 0 512 512\" xmlns=\"http:\/\/www.w3.org\/2000\/svg\"><path d=\"M173.898 439.404l-166.4-166.4c-9.997-9.997-9.997-26.206 0-36.204l36.203-36.204c9.997-9.998 26.207-9.998 36.204 0L192 312.69 432.095 72.596c9.997-9.997 26.207-9.997 36.204 0l36.203 36.204c9.997 9.997 9.997 26.206 0 36.204l-294.4 294.401c-9.998 9.997-26.207 9.997-36.204-.001z\"><\/path><\/svg>\t\t\t\t\t\t<\/span>\n\t\t\t\t\t\t\t\t\t\t<span class=\"elementor-icon-list-text\">Umfassende In-House-F\u00e4higkeiten<\/span>\n\t\t\t\t\t\t\t\t\t<\/li>\n\t\t\t\t\t\t\t\t<li class=\"elementor-icon-list-item\">\n\t\t\t\t\t\t\t\t\t\t\t<span class=\"elementor-icon-list-icon\">\n\t\t\t\t\t\t\t<svg aria-hidden=\"true\" class=\"e-font-icon-svg e-fas-check\" viewbox=\"0 0 512 512\" xmlns=\"http:\/\/www.w3.org\/2000\/svg\"><path d=\"M173.898 439.404l-166.4-166.4c-9.997-9.997-9.997-26.206 0-36.204l36.203-36.204c9.997-9.998 26.207-9.998 36.204 0L192 312.69 432.095 72.596c9.997-9.997 26.207-9.997 36.204 0l36.203 36.204c9.997 9.997 9.997 26.206 0 36.204l-294.4 294.401c-9.998 9.997-26.207 9.997-36.204-.001z\"><\/path><\/svg>\t\t\t\t\t\t<\/span>\n\t\t\t\t\t\t\t\t\t\t<span class=\"elementor-icon-list-text\">Fortschrittliche Technologie &amp; Innovation<\/span>\n\t\t\t\t\t\t\t\t\t<\/li>\n\t\t\t\t\t\t\t\t<li class=\"elementor-icon-list-item\">\n\t\t\t\t\t\t\t\t\t\t\t<span class=\"elementor-icon-list-icon\">\n\t\t\t\t\t\t\t<svg aria-hidden=\"true\" class=\"e-font-icon-svg e-fas-check\" viewbox=\"0 0 512 512\" xmlns=\"http:\/\/www.w3.org\/2000\/svg\"><path d=\"M173.898 439.404l-166.4-166.4c-9.997-9.997-9.997-26.206 0-36.204l36.203-36.204c9.997-9.998 26.207-9.998 36.204 0L192 312.69 432.095 72.596c9.997-9.997 26.207-9.997 36.204 0l36.203 36.204c9.997 9.997 9.997 26.206 0 36.204l-294.4 294.401c-9.998 9.997-26.207 9.997-36.204-.001z\"><\/path><\/svg>\t\t\t\t\t\t<\/span>\n\t\t\t\t\t\t\t\t\t\t<span class=\"elementor-icon-list-text\">Qualit\u00e4tsorientiert &amp; kundenfokussiert<\/span>\n\t\t\t\t\t\t\t\t\t<\/li>\n\t\t\t\t\t\t\t\t<li class=\"elementor-icon-list-item\">\n\t\t\t\t\t\t\t\t\t\t\t<span class=\"elementor-icon-list-icon\">\n\t\t\t\t\t\t\t<svg aria-hidden=\"true\" class=\"e-font-icon-svg e-fas-check\" viewbox=\"0 0 512 512\" xmlns=\"http:\/\/www.w3.org\/2000\/svg\"><path d=\"M173.898 439.404l-166.4-166.4c-9.997-9.997-9.997-26.206 0-36.204l36.203-36.204c9.997-9.998 26.207-9.998 36.204 0L192 312.69 432.095 72.596c9.997-9.997 26.207-9.997 36.204 0l36.203 36.204c9.997 9.997 9.997 26.206 0 36.204l-294.4 294.401c-9.998 9.997-26.207 9.997-36.204-.001z\"><\/path><\/svg>\t\t\t\t\t\t<\/span>\n\t\t\t\t\t\t\t\t\t\t<span class=\"elementor-icon-list-text\">Nachhaltiger &amp; zukunftsf\u00e4higer Ansatz<\/span>\n\t\t\t\t\t\t\t\t\t<\/li>\n\t\t\t\t\t\t<\/ul>\n\t\t\t\t\t\t<\/div>\n\t\t\t\t<\/div>\n\t\t<div class=\"elementor-element elementor-element-fafa7eb e-con-full e-flex wpr-particle-no wpr-jarallax-no wpr-parallax-no wpr-sticky-section-no e-con e-child\" data-id=\"fafa7eb\" data-element_type=\"container\" data-settings=\"{&quot;_ha_eqh_enable&quot;:false}\">\n\t\t\t\t<div class=\"elementor-element elementor-element-3afd2a2 exad-sticky-section-no exad-glass-effect-no elementor-widget elementor-widget-image\" data-id=\"3afd2a2\" data-element_type=\"widget\" data-widget_type=\"image.default\">\n\t\t\t\t\t\t\t\t\t\t\t\t\t\t\t<img fetchpriority=\"high\" decoding=\"async\" width=\"1009\" height=\"648\" src=\"http:\/\/fenster-discount.com\/wp-content\/uploads\/2025\/07\/1-1.webp\" class=\"attachment-large size-large wp-image-1480\" alt=\"\" srcset=\"http:\/\/fenster-discount.com\/wp-content\/uploads\/2025\/07\/1-1.webp 1009w, http:\/\/fenster-discount.com\/wp-content\/uploads\/2025\/07\/1-1-300x193.webp 300w, http:\/\/fenster-discount.com\/wp-content\/uploads\/2025\/07\/1-1-768x493.webp 768w\" sizes=\"(max-width: 1009px) 100vw, 1009px\" \/>\t\t\t\t\t\t\t\t\t\t\t\t\t\t\t<\/div>\n\t\t\t\t<div class=\"elementor-element elementor-element-2e281d9 exad-sticky-section-no exad-glass-effect-no elementor-widget elementor-widget-text-editor\" data-id=\"2e281d9\" data-element_type=\"widget\" data-widget_type=\"text-editor.default\">\n\t\t\t\t\t\t\t\t\t<p><span style=\"font-weight: 400;\">Diese individuelle Villa kombiniert modernes architektonisches Design mit hochwertigen Materialien und fortschrittlichen Baul\u00f6sungen. Das Projekt verf\u00fcgt \u00fcber Bogenfenster aus Trocal Nussbaum PVC, die f\u00fcr hervorragende W\u00e4rmed\u00e4mmung, Langlebigkeit und ein elegantes Aussehen sorgen.<\/span><\/p><p><span style=\"font-weight: 400;\">T\u00fcren und Fenster sind mit dem Profine AluClip-System ausgestattet, das Stabilit\u00e4t und Sicherheit in der gesamten Villa gew\u00e4hrleistet. Die Verglasung besteht aus hochwertigem Guardian-Glas und bietet hervorragende Klarheit, Energieeffizienz und Schutz vor \u00e4u\u00dferen Einfl\u00fcssen.<\/span><\/p><p><span style=\"font-weight: 400;\">Um Komfort und Privatsph\u00e4re zu verbessern, wurden Z90-Jalousien installiert, die eine flexible Steuerung des nat\u00fcrlichen Lichts erm\u00f6glichen und gleichzeitig zur Energieeinsparung beitragen.<\/span><\/p><p><span style=\"font-weight: 400;\">Dieses Projekt stellt eine harmonische Mischung aus Funktionalit\u00e4t, Haltbarkeit und \u00c4sthetik dar und schafft eine stilvolle und komfortable Wohnumgebung.<\/span><\/p>\t\t\t\t\t\t\t\t<\/div>\n\t\t\t\t<\/div>\n\t\t\t\t\t<\/div>\n\t\t\t\t<\/div>\n\t\t<div class=\"elementor-element elementor-element-b4fde08 e-flex e-con-boxed wpr-particle-no wpr-jarallax-no wpr-parallax-no wpr-sticky-section-no e-con e-parent\" data-id=\"b4fde08\" data-element_type=\"container\" data-settings=\"{&quot;_ha_eqh_enable&quot;:false}\">\n\t\t\t\t\t<div class=\"e-con-inner\">\n\t\t\t\t<div class=\"elementor-element elementor-element-5888bf0 gallery-spacing-custom exad-sticky-section-no exad-glass-effect-no elementor-widget elementor-widget-image-gallery\" data-id=\"5888bf0\" data-element_type=\"widget\" data-widget_type=\"image-gallery.default\">\n\t\t\t\t\t\t\t<div class=\"elementor-image-gallery\">\n\t\t\t<div id='gallery-1' class='gallery galleryid-1477 gallery-columns-3 gallery-size-full'><figure class='gallery-item'>\n\t\t\t<div class='gallery-icon landscape'>\n\t\t\t\t<a data-elementor-open-lightbox=\"yes\" data-elementor-lightbox-slideshow=\"5888bf0\" data-elementor-lightbox-title=\"2\" data-e-action-hash=\"#elementor-action%3Aaction%3Dlightbox%26settings%3DeyJpZCI6MTQ3OSwidXJsIjoiaHR0cDpcL1wvZmVuc3Rlci1kaXNjb3VudC5jb21cL3dwLWNvbnRlbnRcL3VwbG9hZHNcLzIwMjVcLzA3XC8yLndlYnAiLCJzbGlkZXNob3ciOiI1ODg4YmYwIn0%3D\" href='http:\/\/fenster-discount.com\/wp-content\/uploads\/2025\/07\/2.webp'><img decoding=\"async\" width=\"1344\" height=\"866\" src=\"http:\/\/fenster-discount.com\/wp-content\/uploads\/2025\/07\/2.webp\" class=\"attachment-full size-full\" alt=\"\" srcset=\"http:\/\/fenster-discount.com\/wp-content\/uploads\/2025\/07\/2.webp 1344w, http:\/\/fenster-discount.com\/wp-content\/uploads\/2025\/07\/2-300x193.webp 300w, http:\/\/fenster-discount.com\/wp-content\/uploads\/2025\/07\/2-1024x660.webp 1024w, http:\/\/fenster-discount.com\/wp-content\/uploads\/2025\/07\/2-768x495.webp 768w\" sizes=\"(max-width: 1344px) 100vw, 1344px\" \/><\/a>\n\t\t\t<\/div><\/figure><figure class='gallery-item'>\n\t\t\t<div class='gallery-icon landscape'>\n\t\t\t\t<a data-elementor-open-lightbox=\"yes\" data-elementor-lightbox-slideshow=\"5888bf0\" data-elementor-lightbox-title=\"WhatsApp Image 2025-07-25 at 14.24.05_ac403d27\" data-e-action-hash=\"#elementor-action%3Aaction%3Dlightbox%26settings%3DeyJpZCI6MjExOCwidXJsIjoiaHR0cDpcL1wvZmVuc3Rlci1kaXNjb3VudC5jb21cL3dwLWNvbnRlbnRcL3VwbG9hZHNcLzIwMjVcLzA3XC9XaGF0c0FwcC1JbWFnZS0yMDI1LTA3LTI1LWF0LTE0LjI0LjA1X2FjNDAzZDI3LXNjYWxlZC5qcGciLCJzbGlkZXNob3ciOiI1ODg4YmYwIn0%3D\" href='http:\/\/fenster-discount.com\/wp-content\/uploads\/2025\/07\/WhatsApp-Image-2025-07-25-at-14.24.05_ac403d27-scaled.jpg'><img decoding=\"async\" width=\"2560\" height=\"1152\" src=\"http:\/\/fenster-discount.com\/wp-content\/uploads\/2025\/07\/WhatsApp-Image-2025-07-25-at-14.24.05_ac403d27-scaled.jpg\" class=\"attachment-full size-full\" alt=\"\" srcset=\"http:\/\/fenster-discount.com\/wp-content\/uploads\/2025\/07\/WhatsApp-Image-2025-07-25-at-14.24.05_ac403d27-scaled.jpg 2560w, http:\/\/fenster-discount.com\/wp-content\/uploads\/2025\/07\/WhatsApp-Image-2025-07-25-at-14.24.05_ac403d27-300x135.jpg 300w, http:\/\/fenster-discount.com\/wp-content\/uploads\/2025\/07\/WhatsApp-Image-2025-07-25-at-14.24.05_ac403d27-1024x461.jpg 1024w, http:\/\/fenster-discount.com\/wp-content\/uploads\/2025\/07\/WhatsApp-Image-2025-07-25-at-14.24.05_ac403d27-768x346.jpg 768w, http:\/\/fenster-discount.com\/wp-content\/uploads\/2025\/07\/WhatsApp-Image-2025-07-25-at-14.24.05_ac403d27-1536x691.jpg 1536w, http:\/\/fenster-discount.com\/wp-content\/uploads\/2025\/07\/WhatsApp-Image-2025-07-25-at-14.24.05_ac403d27-2048x922.jpg 2048w, http:\/\/fenster-discount.com\/wp-content\/uploads\/2025\/07\/WhatsApp-Image-2025-07-25-at-14.24.05_ac403d27-18x8.jpg 18w\" sizes=\"(max-width: 2560px) 100vw, 2560px\" \/><\/a>\n\t\t\t<\/div><\/figure><figure class='gallery-item'>\n\t\t\t<div class='gallery-icon landscape'>\n\t\t\t\t<a data-elementor-open-lightbox=\"yes\" data-elementor-lightbox-slideshow=\"5888bf0\" data-elementor-lightbox-title=\"WhatsApp Image 2025-07-25 at 14.24.05_ac049281\" data-e-action-hash=\"#elementor-action%3Aaction%3Dlightbox%26settings%3DeyJpZCI6MjExOSwidXJsIjoiaHR0cDpcL1wvZmVuc3Rlci1kaXNjb3VudC5jb21cL3dwLWNvbnRlbnRcL3VwbG9hZHNcLzIwMjVcLzA3XC9XaGF0c0FwcC1JbWFnZS0yMDI1LTA3LTI1LWF0LTE0LjI0LjA1X2FjMDQ5MjgxLXNjYWxlZC5qcGciLCJzbGlkZXNob3ciOiI1ODg4YmYwIn0%3D\" href='http:\/\/fenster-discount.com\/wp-content\/uploads\/2025\/07\/WhatsApp-Image-2025-07-25-at-14.24.05_ac049281-scaled.jpg'><img loading=\"lazy\" decoding=\"async\" width=\"2560\" height=\"1152\" src=\"http:\/\/fenster-discount.com\/wp-content\/uploads\/2025\/07\/WhatsApp-Image-2025-07-25-at-14.24.05_ac049281-scaled.jpg\" class=\"attachment-full size-full\" alt=\"\" srcset=\"http:\/\/fenster-discount.com\/wp-content\/uploads\/2025\/07\/WhatsApp-Image-2025-07-25-at-14.24.05_ac049281-scaled.jpg 2560w, http:\/\/fenster-discount.com\/wp-content\/uploads\/2025\/07\/WhatsApp-Image-2025-07-25-at-14.24.05_ac049281-300x135.jpg 300w, http:\/\/fenster-discount.com\/wp-content\/uploads\/2025\/07\/WhatsApp-Image-2025-07-25-at-14.24.05_ac049281-1024x461.jpg 1024w, http:\/\/fenster-discount.com\/wp-content\/uploads\/2025\/07\/WhatsApp-Image-2025-07-25-at-14.24.05_ac049281-768x346.jpg 768w, http:\/\/fenster-discount.com\/wp-content\/uploads\/2025\/07\/WhatsApp-Image-2025-07-25-at-14.24.05_ac049281-1536x691.jpg 1536w, http:\/\/fenster-discount.com\/wp-content\/uploads\/2025\/07\/WhatsApp-Image-2025-07-25-at-14.24.05_ac049281-2048x922.jpg 2048w, http:\/\/fenster-discount.com\/wp-content\/uploads\/2025\/07\/WhatsApp-Image-2025-07-25-at-14.24.05_ac049281-18x8.jpg 18w\" sizes=\"(max-width: 2560px) 100vw, 2560px\" \/><\/a>\n\t\t\t<\/div><\/figure><figure class='gallery-item'>\n\t\t\t<div class='gallery-icon landscape'>\n\t\t\t\t<a data-elementor-open-lightbox=\"yes\" data-elementor-lightbox-slideshow=\"5888bf0\" data-elementor-lightbox-title=\"WhatsApp Image 2025-07-25 at 14.32.57_77f7dd09\" data-e-action-hash=\"#elementor-action%3Aaction%3Dlightbox%26settings%3DeyJpZCI6MjEyMywidXJsIjoiaHR0cDpcL1wvZmVuc3Rlci1kaXNjb3VudC5jb21cL3dwLWNvbnRlbnRcL3VwbG9hZHNcLzIwMjVcLzA3XC9XaGF0c0FwcC1JbWFnZS0yMDI1LTA3LTI1LWF0LTE0LjMyLjU3Xzc3ZjdkZDA5LmpwZyIsInNsaWRlc2hvdyI6IjU4ODhiZjAifQ%3D%3D\" href='http:\/\/fenster-discount.com\/wp-content\/uploads\/2025\/07\/WhatsApp-Image-2025-07-25-at-14.32.57_77f7dd09.jpg'><img loading=\"lazy\" decoding=\"async\" width=\"1600\" height=\"900\" src=\"http:\/\/fenster-discount.com\/wp-content\/uploads\/2025\/07\/WhatsApp-Image-2025-07-25-at-14.32.57_77f7dd09.jpg\" class=\"attachment-full size-full\" alt=\"\" srcset=\"http:\/\/fenster-discount.com\/wp-content\/uploads\/2025\/07\/WhatsApp-Image-2025-07-25-at-14.32.57_77f7dd09.jpg 1600w, http:\/\/fenster-discount.com\/wp-content\/uploads\/2025\/07\/WhatsApp-Image-2025-07-25-at-14.32.57_77f7dd09-300x169.jpg 300w, http:\/\/fenster-discount.com\/wp-content\/uploads\/2025\/07\/WhatsApp-Image-2025-07-25-at-14.32.57_77f7dd09-1024x576.jpg 1024w, http:\/\/fenster-discount.com\/wp-content\/uploads\/2025\/07\/WhatsApp-Image-2025-07-25-at-14.32.57_77f7dd09-768x432.jpg 768w, http:\/\/fenster-discount.com\/wp-content\/uploads\/2025\/07\/WhatsApp-Image-2025-07-25-at-14.32.57_77f7dd09-1536x864.jpg 1536w, http:\/\/fenster-discount.com\/wp-content\/uploads\/2025\/07\/WhatsApp-Image-2025-07-25-at-14.32.57_77f7dd09-18x10.jpg 18w\" sizes=\"(max-width: 1600px) 100vw, 1600px\" \/><\/a>\n\t\t\t<\/div><\/figure>\n\t\t<\/div>\n\t\t<\/div>\n\t\t\t\t\t\t<\/div>\n\t\t\t\t\t<\/div>\n\t\t\t\t<\/div>\n\t\t\t\t<\/div>","protected":false},"excerpt":{"rendered":"<p>Individual Villa Comprehensive In-House Capabilities Advanced Technology &#038; Innovation Quality-Driven &#038; Client-Focused Sustainable &#038; Future-Ready Approach This Individual Villa combines modern architectural design with high-quality materials and advanced building solutions. The project features arched windows made of Trocal Nussbaum PVC, providing excellent thermal insulation, durability, and an elegant look. Doors and windows utilize the Profine AluClip system, ensuring stability and security throughout the villa. The glazing is completed with premium Guardian Glass, offering superior clarity, energy efficiency, and protection from external elements. To enhance comfort and privacy, Z90 jalousie blinds are installed, allowing flexible control of natural light while contributing to energy savings. This project represents a harmonious blend of functionality, durability, and aesthetic appeal, creating a stylish and comfortable living environment.<\/p>","protected":false},"author":1,"featured_media":0,"parent":0,"menu_order":0,"comment_status":"closed","ping_status":"closed","template":"elementor_canvas","meta":{"site-sidebar-layout":"default","site-content-layout":"","ast-site-content-layout":"default","site-content-style":"default","site-sidebar-style":"default","ast-global-header-display":"","ast-banner-title-visibility":"","ast-main-header-display":"","ast-hfb-above-header-display":"","ast-hfb-below-header-display":"","ast-hfb-mobile-header-display":"","site-post-title":"","ast-breadcrumbs-content":"","ast-featured-img":"","footer-sml-layout":"","theme-transparent-header-meta":"","adv-header-id-meta":"","stick-header-meta":"","header-above-stick-meta":"","header-main-stick-meta":"","header-below-stick-meta":"","astra-migrate-meta-layouts":"default","ast-page-background-enabled":"default","ast-page-background-meta":{"desktop":{"background-color":"var(--ast-global-color-5)","background-image":"","background-repeat":"repeat","background-position":"center center","background-size":"auto","background-attachment":"scroll","background-type":"","background-media":"","overlay-type":"","overlay-color":"","overlay-opacity":"","overlay-gradient":""},"tablet":{"background-color":"","background-image":"","background-repeat":"repeat","background-position":"center center","background-size":"auto","background-attachment":"scroll","background-type":"","background-media":"","overlay-type":"","overlay-color":"","overlay-opacity":"","overlay-gradient":""},"mobile":{"background-color":"","background-image":"","background-repeat":"repeat","background-position":"center center","background-size":"auto","background-attachment":"scroll","background-type":"","background-media":"","overlay-type":"","overlay-color":"","overlay-opacity":"","overlay-gradient":""}},"ast-content-background-meta":{"desktop":{"background-color":"var(--ast-global-color-4)","background-image":"","background-repeat":"repeat","background-position":"center center","background-size":"auto","background-attachment":"scroll","background-type":"","background-media":"","overlay-type":"","overlay-color":"","overlay-opacity":"","overlay-gradient":""},"tablet":{"background-color":"var(--ast-global-color-4)","background-image":"","background-repeat":"repeat","background-position":"center center","background-size":"auto","background-attachment":"scroll","background-type":"","background-media":"","overlay-type":"","overlay-color":"","overlay-opacity":"","overlay-gradient":""},"mobile":{"background-color":"var(--ast-global-color-4)","background-image":"","background-repeat":"repeat","background-position":"center center","background-size":"auto","background-attachment":"scroll","background-type":"","background-media":"","overlay-type":"","overlay-color":"","overlay-opacity":"","overlay-gradient":""}},"footnotes":""},"class_list":["post-1477","page","type-page","status-publish","hentry"],"_links":{"self":[{"href":"http:\/\/fenster-discount.com\/de\/wp-json\/wp\/v2\/pages\/1477","targetHints":{"allow":["GET"]}}],"collection":[{"href":"http:\/\/fenster-discount.com\/de\/wp-json\/wp\/v2\/pages"}],"about":[{"href":"http:\/\/fenster-discount.com\/de\/wp-json\/wp\/v2\/types\/page"}],"author":[{"embeddable":true,"href":"http:\/\/fenster-discount.com\/de\/wp-json\/wp\/v2\/users\/1"}],"replies":[{"embeddable":true,"href":"http:\/\/fenster-discount.com\/de\/wp-json\/wp\/v2\/comments?post=1477"}],"version-history":[{"count":0,"href":"http:\/\/fenster-discount.com\/de\/wp-json\/wp\/v2\/pages\/1477\/revisions"}],"wp:attachment":[{"href":"http:\/\/fenster-discount.com\/de\/wp-json\/wp\/v2\/media?parent=1477"}],"curies":[{"name":"wp","href":"https:\/\/api.w.org\/{rel}","templated":true}]}}