{"id":707,"date":"2025-07-12T00:22:07","date_gmt":"2025-07-12T00:22:07","guid":{"rendered":"http:\/\/ginz.local\/?page_id=707"},"modified":"2025-07-25T10:57:13","modified_gmt":"2025-07-25T10:57:13","slug":"hotel-facility1","status":"publish","type":"page","link":"http:\/\/fenster-discount.com\/de\/hotel-facility1\/","title":{"rendered":"Hoteleinrichtung"},"content":{"rendered":"<div data-elementor-type=\"wp-page\" data-elementor-id=\"707\" class=\"elementor elementor-707\" data-elementor-settings=\"{&quot;ha_cmc_init_switcher&quot;:&quot;no&quot;}\">\n\t\t\t\t<div class=\"elementor-element elementor-element-a16ecb8 e-flex e-con-boxed wpr-particle-no wpr-jarallax-no wpr-parallax-no wpr-sticky-section-no e-con e-parent\" data-id=\"a16ecb8\" data-element_type=\"container\" data-settings=\"{&quot;_ha_eqh_enable&quot;:false}\">\n\t\t\t\t\t<div class=\"e-con-inner\">\n\t\t<div class=\"elementor-element elementor-element-2ca4e05 e-con-full e-flex wpr-particle-no wpr-jarallax-no wpr-parallax-no wpr-sticky-section-no e-con e-child\" data-id=\"2ca4e05\" data-element_type=\"container\" data-settings=\"{&quot;_ha_eqh_enable&quot;:false}\">\n\t\t\t\t<div class=\"elementor-element elementor-element-27dd82f exad-sticky-section-no exad-glass-effect-no elementor-widget elementor-widget-heading\" data-id=\"27dd82f\" data-element_type=\"widget\" data-widget_type=\"heading.default\">\n\t\t\t\t\t<h3 class=\"elementor-heading-title elementor-size-default\">HOTELANLAGE<\/h3>\t\t\t\t<\/div>\n\t\t\t\t<\/div>\n\t\t<div class=\"elementor-element elementor-element-2784f9d e-con-full e-flex wpr-particle-no wpr-jarallax-no wpr-parallax-no wpr-sticky-section-no e-con e-child\" data-id=\"2784f9d\" data-element_type=\"container\" data-settings=\"{&quot;_ha_eqh_enable&quot;:false}\">\n\t\t\t\t<\/div>\n\t\t\t\t\t<\/div>\n\t\t\t\t<\/div>\n\t\t<div class=\"elementor-element elementor-element-1248584 e-flex e-con-boxed wpr-particle-no wpr-jarallax-no wpr-parallax-no wpr-sticky-section-no e-con e-parent\" data-id=\"1248584\" data-element_type=\"container\" data-settings=\"{&quot;_ha_eqh_enable&quot;:false}\">\n\t\t\t\t\t<div class=\"e-con-inner\">\n\t\t<div class=\"elementor-element elementor-element-0e4499b e-con-full e-flex wpr-particle-no wpr-jarallax-no wpr-parallax-no wpr-sticky-section-no e-con e-child\" data-id=\"0e4499b\" data-element_type=\"container\" data-settings=\"{&quot;_ha_eqh_enable&quot;:false}\">\n\t\t\t\t<div class=\"elementor-element elementor-element-37ef23e elementor-icon-list--layout-traditional elementor-list-item-link-full_width exad-sticky-section-no exad-glass-effect-no elementor-widget elementor-widget-icon-list\" data-id=\"37ef23e\" data-element_type=\"widget\" data-widget_type=\"icon-list.default\">\n\t\t\t\t\t\t\t<ul class=\"elementor-icon-list-items\">\n\t\t\t\t\t\t\t<li class=\"elementor-icon-list-item\">\n\t\t\t\t\t\t\t\t\t\t\t<span class=\"elementor-icon-list-icon\">\n\t\t\t\t\t\t\t<svg aria-hidden=\"true\" class=\"e-font-icon-svg e-fas-check\" viewbox=\"0 0 512 512\" xmlns=\"http:\/\/www.w3.org\/2000\/svg\"><path d=\"M173.898 439.404l-166.4-166.4c-9.997-9.997-9.997-26.206 0-36.204l36.203-36.204c9.997-9.998 26.207-9.998 36.204 0L192 312.69 432.095 72.596c9.997-9.997 26.207-9.997 36.204 0l36.203 36.204c9.997 9.997 9.997 26.206 0 36.204l-294.4 294.401c-9.998 9.997-26.207 9.997-36.204-.001z\"><\/path><\/svg>\t\t\t\t\t\t<\/span>\n\t\t\t\t\t\t\t\t\t\t<span class=\"elementor-icon-list-text\">Umfassende In-House-F\u00e4higkeiten<\/span>\n\t\t\t\t\t\t\t\t\t<\/li>\n\t\t\t\t\t\t\t\t<li class=\"elementor-icon-list-item\">\n\t\t\t\t\t\t\t\t\t\t\t<span class=\"elementor-icon-list-icon\">\n\t\t\t\t\t\t\t<svg aria-hidden=\"true\" class=\"e-font-icon-svg e-fas-check\" viewbox=\"0 0 512 512\" xmlns=\"http:\/\/www.w3.org\/2000\/svg\"><path d=\"M173.898 439.404l-166.4-166.4c-9.997-9.997-9.997-26.206 0-36.204l36.203-36.204c9.997-9.998 26.207-9.998 36.204 0L192 312.69 432.095 72.596c9.997-9.997 26.207-9.997 36.204 0l36.203 36.204c9.997 9.997 9.997 26.206 0 36.204l-294.4 294.401c-9.998 9.997-26.207 9.997-36.204-.001z\"><\/path><\/svg>\t\t\t\t\t\t<\/span>\n\t\t\t\t\t\t\t\t\t\t<span class=\"elementor-icon-list-text\">Fortschrittliche Technologie &amp; Innovation<\/span>\n\t\t\t\t\t\t\t\t\t<\/li>\n\t\t\t\t\t\t\t\t<li class=\"elementor-icon-list-item\">\n\t\t\t\t\t\t\t\t\t\t\t<span class=\"elementor-icon-list-icon\">\n\t\t\t\t\t\t\t<svg aria-hidden=\"true\" class=\"e-font-icon-svg e-fas-check\" viewbox=\"0 0 512 512\" xmlns=\"http:\/\/www.w3.org\/2000\/svg\"><path d=\"M173.898 439.404l-166.4-166.4c-9.997-9.997-9.997-26.206 0-36.204l36.203-36.204c9.997-9.998 26.207-9.998 36.204 0L192 312.69 432.095 72.596c9.997-9.997 26.207-9.997 36.204 0l36.203 36.204c9.997 9.997 9.997 26.206 0 36.204l-294.4 294.401c-9.998 9.997-26.207 9.997-36.204-.001z\"><\/path><\/svg>\t\t\t\t\t\t<\/span>\n\t\t\t\t\t\t\t\t\t\t<span class=\"elementor-icon-list-text\">Qualit\u00e4tsorientiert &amp; kundenfokussiert<\/span>\n\t\t\t\t\t\t\t\t\t<\/li>\n\t\t\t\t\t\t\t\t<li class=\"elementor-icon-list-item\">\n\t\t\t\t\t\t\t\t\t\t\t<span class=\"elementor-icon-list-icon\">\n\t\t\t\t\t\t\t<svg aria-hidden=\"true\" class=\"e-font-icon-svg e-fas-check\" viewbox=\"0 0 512 512\" xmlns=\"http:\/\/www.w3.org\/2000\/svg\"><path d=\"M173.898 439.404l-166.4-166.4c-9.997-9.997-9.997-26.206 0-36.204l36.203-36.204c9.997-9.998 26.207-9.998 36.204 0L192 312.69 432.095 72.596c9.997-9.997 26.207-9.997 36.204 0l36.203 36.204c9.997 9.997 9.997 26.206 0 36.204l-294.4 294.401c-9.998 9.997-26.207 9.997-36.204-.001z\"><\/path><\/svg>\t\t\t\t\t\t<\/span>\n\t\t\t\t\t\t\t\t\t\t<span class=\"elementor-icon-list-text\">Nachhaltiger &amp; zukunftsf\u00e4higer Ansatz<\/span>\n\t\t\t\t\t\t\t\t\t<\/li>\n\t\t\t\t\t\t<\/ul>\n\t\t\t\t\t\t<\/div>\n\t\t\t\t<\/div>\n\t\t<div class=\"elementor-element elementor-element-fafa7eb e-con-full e-flex wpr-particle-no wpr-jarallax-no wpr-parallax-no wpr-sticky-section-no e-con e-child\" data-id=\"fafa7eb\" data-element_type=\"container\" data-settings=\"{&quot;_ha_eqh_enable&quot;:false}\">\n\t\t\t\t<div class=\"elementor-element elementor-element-3afd2a2 exad-sticky-section-no exad-glass-effect-no elementor-widget elementor-widget-image\" data-id=\"3afd2a2\" data-element_type=\"widget\" data-widget_type=\"image.default\">\n\t\t\t\t\t\t\t\t\t\t\t\t\t\t\t<img fetchpriority=\"high\" decoding=\"async\" width=\"1024\" height=\"768\" src=\"http:\/\/fenster-discount.com\/wp-content\/uploads\/2025\/07\/26-1024x768.webp\" class=\"attachment-large size-large wp-image-1257\" alt=\"\" srcset=\"http:\/\/fenster-discount.com\/wp-content\/uploads\/2025\/07\/26-1024x768.webp 1024w, http:\/\/fenster-discount.com\/wp-content\/uploads\/2025\/07\/26-300x225.webp 300w, http:\/\/fenster-discount.com\/wp-content\/uploads\/2025\/07\/26-768x576.webp 768w, http:\/\/fenster-discount.com\/wp-content\/uploads\/2025\/07\/26-1536x1152.webp 1536w, http:\/\/fenster-discount.com\/wp-content\/uploads\/2025\/07\/26.webp 1600w\" sizes=\"(max-width: 1024px) 100vw, 1024px\" \/>\t\t\t\t\t\t\t\t\t\t\t\t\t\t\t<\/div>\n\t\t\t\t<div class=\"elementor-element elementor-element-2e281d9 exad-sticky-section-no exad-glass-effect-no elementor-widget elementor-widget-text-editor\" data-id=\"2e281d9\" data-element_type=\"widget\" data-widget_type=\"text-editor.default\">\n\t\t\t\t\t\t\t\t\t<p><span style=\"font-weight: 400;\">Bei dieser Hotelanlage handelt es sich um ein angesehenes Gastgewerbeprojekt, das sich durch modernes architektonisches Design und hochwertige Materialien auszeichnet, die Langlebigkeit, \u00c4sthetik und G\u00e4stekomfort gew\u00e4hrleisten.<br \/><\/span><span style=\"font-weight: 400;\">Das Geb\u00e4ude verf\u00fcgt \u00fcber eine hinterl\u00fcftete Fundermax-Fassade, die hervorragende W\u00e4rmed\u00e4mmung und Witterungsschutz bietet und gleichzeitig ein elegantes, modernes Erscheinungsbild verleiht. Dieses hinterl\u00fcftete System erh\u00f6ht die Energieeffizienz und Langlebigkeit des Geb\u00e4udes.<br \/><\/span><span style=\"font-weight: 400;\">Ein bemerkenswertes Highlight des Designs ist die Verwendung eines Spinnenfassadensystems, das eine transparente und optisch beeindruckende Glasfront bietet, die von minimalistischen Stahlbeschl\u00e4gen getragen wird und so weite Ausblicke und nat\u00fcrliches Lichteinfall erm\u00f6glicht.<br \/><\/span><span style=\"font-weight: 400;\">Der Strukturrahmen besteht aus robustem Stahl und ist mit Aluminiumverbundplatten verkleidet, die St\u00e4rke mit moderner Eleganz verbinden und dem Hotel ein unverwechselbares und elegantes Aussehen verleihen.<br \/><\/span><span style=\"font-weight: 400;\">F\u00fcr alle Glaselemente wird GUARDIAN-Glas verwendet, das f\u00fcr seine \u00fcberragende Klarheit, Haltbarkeit und Isoliereigenschaften bekannt ist und zur allgemeinen Nachhaltigkeit und zum Komfort des Hotels beitr\u00e4gt.<br \/><\/span><span style=\"font-weight: 400;\">Die Fassade wird durch das fortschrittliche Vorhangfassadensystem ALUMIL SMARTIA M6 M11000 getragen, das optimale Leistung und architektonische Pr\u00e4zision gew\u00e4hrleistet.<\/span><span style=\"font-weight: 400;\">Zusammen schaffen diese Elemente eine anspruchsvolle und einladende Umgebung f\u00fcr G\u00e4ste und verbinden innovative Bautechniken mit raffinierter \u00c4sthetik.<\/span><\/p>\t\t\t\t\t\t\t\t<\/div>\n\t\t\t\t<\/div>\n\t\t\t\t\t<\/div>\n\t\t\t\t<\/div>\n\t\t<div class=\"elementor-element elementor-element-d3f0914 e-flex e-con-boxed wpr-particle-no wpr-jarallax-no wpr-parallax-no wpr-sticky-section-no e-con e-parent\" data-id=\"d3f0914\" data-element_type=\"container\" data-settings=\"{&quot;_ha_eqh_enable&quot;:false}\">\n\t\t\t\t\t<div class=\"e-con-inner\">\n\t\t\t\t<div class=\"elementor-element elementor-element-319350c gallery-spacing-custom exad-sticky-section-no exad-glass-effect-no elementor-widget elementor-widget-image-gallery\" data-id=\"319350c\" data-element_type=\"widget\" data-widget_type=\"image-gallery.default\">\n\t\t\t\t\t\t\t<div class=\"elementor-image-gallery\">\n\t\t\t<div id='gallery-1' class='gallery galleryid-707 gallery-columns-3 gallery-size-full'><figure class='gallery-item'>\n\t\t\t<div class='gallery-icon landscape'>\n\t\t\t\t<a data-elementor-open-lightbox=\"yes\" data-elementor-lightbox-slideshow=\"319350c\" data-elementor-lightbox-title=\"2(6)\" data-e-action-hash=\"#elementor-action%3Aaction%3Dlightbox%26settings%3DeyJpZCI6MTI1NywidXJsIjoiaHR0cDpcL1wvZmVuc3Rlci1kaXNjb3VudC5jb21cL3dwLWNvbnRlbnRcL3VwbG9hZHNcLzIwMjVcLzA3XC8yNi53ZWJwIiwic2xpZGVzaG93IjoiMzE5MzUwYyJ9\" href='http:\/\/fenster-discount.com\/wp-content\/uploads\/2025\/07\/26.webp'><img decoding=\"async\" width=\"1600\" height=\"1200\" src=\"http:\/\/fenster-discount.com\/wp-content\/uploads\/2025\/07\/26.webp\" class=\"attachment-full size-full\" alt=\"\" srcset=\"http:\/\/fenster-discount.com\/wp-content\/uploads\/2025\/07\/26.webp 1600w, http:\/\/fenster-discount.com\/wp-content\/uploads\/2025\/07\/26-300x225.webp 300w, http:\/\/fenster-discount.com\/wp-content\/uploads\/2025\/07\/26-1024x768.webp 1024w, http:\/\/fenster-discount.com\/wp-content\/uploads\/2025\/07\/26-768x576.webp 768w, http:\/\/fenster-discount.com\/wp-content\/uploads\/2025\/07\/26-1536x1152.webp 1536w\" sizes=\"(max-width: 1600px) 100vw, 1600px\" \/><\/a>\n\t\t\t<\/div><\/figure><figure class='gallery-item'>\n\t\t\t<div class='gallery-icon landscape'>\n\t\t\t\t<a data-elementor-open-lightbox=\"yes\" data-elementor-lightbox-slideshow=\"319350c\" data-elementor-lightbox-title=\"3\" data-e-action-hash=\"#elementor-action%3Aaction%3Dlightbox%26settings%3DeyJpZCI6MTI1NiwidXJsIjoiaHR0cDpcL1wvZmVuc3Rlci1kaXNjb3VudC5jb21cL3dwLWNvbnRlbnRcL3VwbG9hZHNcLzIwMjVcLzA3XC8zLndlYnAiLCJzbGlkZXNob3ciOiIzMTkzNTBjIn0%3D\" href='http:\/\/fenster-discount.com\/wp-content\/uploads\/2025\/07\/3.webp'><img decoding=\"async\" width=\"1600\" height=\"1200\" src=\"http:\/\/fenster-discount.com\/wp-content\/uploads\/2025\/07\/3.webp\" class=\"attachment-full size-full\" alt=\"\" srcset=\"http:\/\/fenster-discount.com\/wp-content\/uploads\/2025\/07\/3.webp 1600w, http:\/\/fenster-discount.com\/wp-content\/uploads\/2025\/07\/3-300x225.webp 300w, http:\/\/fenster-discount.com\/wp-content\/uploads\/2025\/07\/3-1024x768.webp 1024w, http:\/\/fenster-discount.com\/wp-content\/uploads\/2025\/07\/3-768x576.webp 768w, http:\/\/fenster-discount.com\/wp-content\/uploads\/2025\/07\/3-1536x1152.webp 1536w\" sizes=\"(max-width: 1600px) 100vw, 1600px\" \/><\/a>\n\t\t\t<\/div><\/figure><figure class='gallery-item'>\n\t\t\t<div class='gallery-icon landscape'>\n\t\t\t\t<a data-elementor-open-lightbox=\"yes\" data-elementor-lightbox-slideshow=\"319350c\" data-elementor-lightbox-title=\"5(3)\" data-e-action-hash=\"#elementor-action%3Aaction%3Dlightbox%26settings%3DeyJpZCI6MTI1NSwidXJsIjoiaHR0cDpcL1wvZmVuc3Rlci1kaXNjb3VudC5jb21cL3dwLWNvbnRlbnRcL3VwbG9hZHNcLzIwMjVcLzA3XC81My53ZWJwIiwic2xpZGVzaG93IjoiMzE5MzUwYyJ9\" href='http:\/\/fenster-discount.com\/wp-content\/uploads\/2025\/07\/53.webp'><img loading=\"lazy\" decoding=\"async\" width=\"1600\" height=\"1200\" src=\"http:\/\/fenster-discount.com\/wp-content\/uploads\/2025\/07\/53.webp\" class=\"attachment-full size-full\" alt=\"\" srcset=\"http:\/\/fenster-discount.com\/wp-content\/uploads\/2025\/07\/53.webp 1600w, http:\/\/fenster-discount.com\/wp-content\/uploads\/2025\/07\/53-300x225.webp 300w, http:\/\/fenster-discount.com\/wp-content\/uploads\/2025\/07\/53-1024x768.webp 1024w, http:\/\/fenster-discount.com\/wp-content\/uploads\/2025\/07\/53-768x576.webp 768w, http:\/\/fenster-discount.com\/wp-content\/uploads\/2025\/07\/53-1536x1152.webp 1536w\" sizes=\"(max-width: 1600px) 100vw, 1600px\" \/><\/a>\n\t\t\t<\/div><\/figure>\n\t\t<\/div>\n\t\t<\/div>\n\t\t\t\t\t\t<\/div>\n\t\t\t\t\t<\/div>\n\t\t\t\t<\/div>\n\t\t\t\t<\/div>","protected":false},"excerpt":{"rendered":"<p>HOTELANLAGE Umfassende interne Kapazit\u00e4ten Fortschrittliche Technologie und Innovation Qualit\u00e4tsorientiert und kundenorientiert Nachhaltiger und zukunftsorientierter Ansatz Diese Hotelanlage ist ein angesehenes Gastgewerbeprojekt, das sich durch modernes architektonisches Design und hochwertige Materialien auszeichnet, die Haltbarkeit, \u00c4sthetik und G\u00e4stekomfort gew\u00e4hrleisten. Das Geb\u00e4ude verf\u00fcgt \u00fcber eine hinterl\u00fcftete Fundermax-Fassade, die eine hervorragende W\u00e4rmed\u00e4mmung und Wetterschutz bietet und gleichzeitig ein elegantes, modernes \u00e4u\u00dferes Erscheinungsbild erzeugt. Dieses bel\u00fcftete System verbessert die Energieeffizienz und Langlebigkeit des Geb\u00e4udes. Ein bemerkenswertes Highlight des Designs ist die Verwendung eines Spinnenfassadensystems, das eine transparente und optisch beeindruckende Glasfront bietet, die von minimalistischen Stahlbeschl\u00e4gen getragen wird und so weite Ausblicke und nat\u00fcrliches Lichteinfall erm\u00f6glicht. Der Strukturrahmen besteht aus robustem Stahl und ist mit Aluminiumverbundplatten verkleidet, die St\u00e4rke mit moderner Eleganz kombinieren und dem Hotel ein unverwechselbares und elegantes Aussehen verleihen. Alle Glaselemente bestehen aus GUARDIAN-Glas, das f\u00fcr seine \u00fcberragende Klarheit, Haltbarkeit und Isoliereigenschaften bekannt ist und zur allgemeinen Nachhaltigkeit und zum Komfort des Hotels beitr\u00e4gt. Die Fassade wird vom fortschrittlichen Vorhangfassadensystem ALUMIL SMARTIA M6 M11000 getragen, das optimale Leistung und architektonische Pr\u00e4zision gew\u00e4hrleistet. Zusammen schaffen diese Elemente eine anspruchsvolle und einladende Umgebung f\u00fcr G\u00e4ste und verbinden innovative Bautechniken mit raffinierter \u00c4sthetik.<\/p>","protected":false},"author":1,"featured_media":0,"parent":0,"menu_order":0,"comment_status":"closed","ping_status":"closed","template":"elementor_canvas","meta":{"site-sidebar-layout":"default","site-content-layout":"","ast-site-content-layout":"default","site-content-style":"default","site-sidebar-style":"default","ast-global-header-display":"","ast-banner-title-visibility":"","ast-main-header-display":"","ast-hfb-above-header-display":"","ast-hfb-below-header-display":"","ast-hfb-mobile-header-display":"","site-post-title":"","ast-breadcrumbs-content":"","ast-featured-img":"","footer-sml-layout":"","theme-transparent-header-meta":"","adv-header-id-meta":"","stick-header-meta":"","header-above-stick-meta":"","header-main-stick-meta":"","header-below-stick-meta":"","astra-migrate-meta-layouts":"default","ast-page-background-enabled":"default","ast-page-background-meta":{"desktop":{"background-color":"var(--ast-global-color-5)","background-image":"","background-repeat":"repeat","background-position":"center center","background-size":"auto","background-attachment":"scroll","background-type":"","background-media":"","overlay-type":"","overlay-color":"","overlay-opacity":"","overlay-gradient":""},"tablet":{"background-color":"","background-image":"","background-repeat":"repeat","background-position":"center center","background-size":"auto","background-attachment":"scroll","background-type":"","background-media":"","overlay-type":"","overlay-color":"","overlay-opacity":"","overlay-gradient":""},"mobile":{"background-color":"","background-image":"","background-repeat":"repeat","background-position":"center center","background-size":"auto","background-attachment":"scroll","background-type":"","background-media":"","overlay-type":"","overlay-color":"","overlay-opacity":"","overlay-gradient":""}},"ast-content-background-meta":{"desktop":{"background-color":"var(--ast-global-color-4)","background-image":"","background-repeat":"repeat","background-position":"center center","background-size":"auto","background-attachment":"scroll","background-type":"","background-media":"","overlay-type":"","overlay-color":"","overlay-opacity":"","overlay-gradient":""},"tablet":{"background-color":"var(--ast-global-color-4)","background-image":"","background-repeat":"repeat","background-position":"center center","background-size":"auto","background-attachment":"scroll","background-type":"","background-media":"","overlay-type":"","overlay-color":"","overlay-opacity":"","overlay-gradient":""},"mobile":{"background-color":"var(--ast-global-color-4)","background-image":"","background-repeat":"repeat","background-position":"center center","background-size":"auto","background-attachment":"scroll","background-type":"","background-media":"","overlay-type":"","overlay-color":"","overlay-opacity":"","overlay-gradient":""}},"footnotes":""},"class_list":["post-707","page","type-page","status-publish","hentry"],"_links":{"self":[{"href":"http:\/\/fenster-discount.com\/de\/wp-json\/wp\/v2\/pages\/707","targetHints":{"allow":["GET"]}}],"collection":[{"href":"http:\/\/fenster-discount.com\/de\/wp-json\/wp\/v2\/pages"}],"about":[{"href":"http:\/\/fenster-discount.com\/de\/wp-json\/wp\/v2\/types\/page"}],"author":[{"embeddable":true,"href":"http:\/\/fenster-discount.com\/de\/wp-json\/wp\/v2\/users\/1"}],"replies":[{"embeddable":true,"href":"http:\/\/fenster-discount.com\/de\/wp-json\/wp\/v2\/comments?post=707"}],"version-history":[{"count":0,"href":"http:\/\/fenster-discount.com\/de\/wp-json\/wp\/v2\/pages\/707\/revisions"}],"wp:attachment":[{"href":"http:\/\/fenster-discount.com\/de\/wp-json\/wp\/v2\/media?parent=707"}],"curies":[{"name":"wp","href":"https:\/\/api.w.org\/{rel}","templated":true}]}}