{"id":735,"date":"2025-07-12T00:29:00","date_gmt":"2025-07-12T00:29:00","guid":{"rendered":"http:\/\/ginz.local\/?page_id=735"},"modified":"2025-07-24T20:41:11","modified_gmt":"2025-07-24T20:41:11","slug":"vila-rosenau","status":"publish","type":"page","link":"http:\/\/fenster-discount.com\/de\/vila-rosenau\/","title":{"rendered":"Vila Rosenau"},"content":{"rendered":"<div data-elementor-type=\"wp-page\" data-elementor-id=\"735\" class=\"elementor elementor-735\" data-elementor-settings=\"{&quot;ha_cmc_init_switcher&quot;:&quot;no&quot;}\">\n\t\t\t\t<div class=\"elementor-element elementor-element-a16ecb8 e-flex e-con-boxed wpr-particle-no wpr-jarallax-no wpr-parallax-no wpr-sticky-section-no e-con e-parent\" data-id=\"a16ecb8\" data-element_type=\"container\" data-settings=\"{&quot;_ha_eqh_enable&quot;:false}\">\n\t\t\t\t\t<div class=\"e-con-inner\">\n\t\t<div class=\"elementor-element elementor-element-2ca4e05 e-con-full e-flex wpr-particle-no wpr-jarallax-no wpr-parallax-no wpr-sticky-section-no e-con e-child\" data-id=\"2ca4e05\" data-element_type=\"container\" data-settings=\"{&quot;_ha_eqh_enable&quot;:false}\">\n\t\t\t\t<div class=\"elementor-element elementor-element-27dd82f exad-sticky-section-no exad-glass-effect-no elementor-widget elementor-widget-heading\" data-id=\"27dd82f\" data-element_type=\"widget\" data-widget_type=\"heading.default\">\n\t\t\t\t\t<h3 class=\"elementor-heading-title elementor-size-default\">Vila Rosenau, Frankreich<\/h3>\t\t\t\t<\/div>\n\t\t\t\t<\/div>\n\t\t<div class=\"elementor-element elementor-element-2784f9d e-con-full e-flex wpr-particle-no wpr-jarallax-no wpr-parallax-no wpr-sticky-section-no e-con e-child\" data-id=\"2784f9d\" data-element_type=\"container\" data-settings=\"{&quot;_ha_eqh_enable&quot;:false}\">\n\t\t\t\t<\/div>\n\t\t\t\t\t<\/div>\n\t\t\t\t<\/div>\n\t\t<div class=\"elementor-element elementor-element-1248584 e-flex e-con-boxed wpr-particle-no wpr-jarallax-no wpr-parallax-no wpr-sticky-section-no e-con e-parent\" data-id=\"1248584\" data-element_type=\"container\" data-settings=\"{&quot;_ha_eqh_enable&quot;:false}\">\n\t\t\t\t\t<div class=\"e-con-inner\">\n\t\t<div class=\"elementor-element elementor-element-0e4499b e-con-full e-flex wpr-particle-no wpr-jarallax-no wpr-parallax-no wpr-sticky-section-no e-con e-child\" data-id=\"0e4499b\" data-element_type=\"container\" data-settings=\"{&quot;_ha_eqh_enable&quot;:false}\">\n\t\t\t\t<div class=\"elementor-element elementor-element-37ef23e elementor-icon-list--layout-traditional elementor-list-item-link-full_width exad-sticky-section-no exad-glass-effect-no elementor-widget elementor-widget-icon-list\" data-id=\"37ef23e\" data-element_type=\"widget\" data-widget_type=\"icon-list.default\">\n\t\t\t\t\t\t\t<ul class=\"elementor-icon-list-items\">\n\t\t\t\t\t\t\t<li class=\"elementor-icon-list-item\">\n\t\t\t\t\t\t\t\t\t\t\t<span class=\"elementor-icon-list-icon\">\n\t\t\t\t\t\t\t<svg aria-hidden=\"true\" class=\"e-font-icon-svg e-fas-check\" viewbox=\"0 0 512 512\" xmlns=\"http:\/\/www.w3.org\/2000\/svg\"><path d=\"M173.898 439.404l-166.4-166.4c-9.997-9.997-9.997-26.206 0-36.204l36.203-36.204c9.997-9.998 26.207-9.998 36.204 0L192 312.69 432.095 72.596c9.997-9.997 26.207-9.997 36.204 0l36.203 36.204c9.997 9.997 9.997 26.206 0 36.204l-294.4 294.401c-9.998 9.997-26.207 9.997-36.204-.001z\"><\/path><\/svg>\t\t\t\t\t\t<\/span>\n\t\t\t\t\t\t\t\t\t\t<span class=\"elementor-icon-list-text\">Umfassende In-House-F\u00e4higkeiten<\/span>\n\t\t\t\t\t\t\t\t\t<\/li>\n\t\t\t\t\t\t\t\t<li class=\"elementor-icon-list-item\">\n\t\t\t\t\t\t\t\t\t\t\t<span class=\"elementor-icon-list-icon\">\n\t\t\t\t\t\t\t<svg aria-hidden=\"true\" class=\"e-font-icon-svg e-fas-check\" viewbox=\"0 0 512 512\" xmlns=\"http:\/\/www.w3.org\/2000\/svg\"><path d=\"M173.898 439.404l-166.4-166.4c-9.997-9.997-9.997-26.206 0-36.204l36.203-36.204c9.997-9.998 26.207-9.998 36.204 0L192 312.69 432.095 72.596c9.997-9.997 26.207-9.997 36.204 0l36.203 36.204c9.997 9.997 9.997 26.206 0 36.204l-294.4 294.401c-9.998 9.997-26.207 9.997-36.204-.001z\"><\/path><\/svg>\t\t\t\t\t\t<\/span>\n\t\t\t\t\t\t\t\t\t\t<span class=\"elementor-icon-list-text\">Fortschrittliche Technologie &amp; Innovation<\/span>\n\t\t\t\t\t\t\t\t\t<\/li>\n\t\t\t\t\t\t\t\t<li class=\"elementor-icon-list-item\">\n\t\t\t\t\t\t\t\t\t\t\t<span class=\"elementor-icon-list-icon\">\n\t\t\t\t\t\t\t<svg aria-hidden=\"true\" class=\"e-font-icon-svg e-fas-check\" viewbox=\"0 0 512 512\" xmlns=\"http:\/\/www.w3.org\/2000\/svg\"><path d=\"M173.898 439.404l-166.4-166.4c-9.997-9.997-9.997-26.206 0-36.204l36.203-36.204c9.997-9.998 26.207-9.998 36.204 0L192 312.69 432.095 72.596c9.997-9.997 26.207-9.997 36.204 0l36.203 36.204c9.997 9.997 9.997 26.206 0 36.204l-294.4 294.401c-9.998 9.997-26.207 9.997-36.204-.001z\"><\/path><\/svg>\t\t\t\t\t\t<\/span>\n\t\t\t\t\t\t\t\t\t\t<span class=\"elementor-icon-list-text\">Qualit\u00e4tsorientiert &amp; kundenfokussiert<\/span>\n\t\t\t\t\t\t\t\t\t<\/li>\n\t\t\t\t\t\t\t\t<li class=\"elementor-icon-list-item\">\n\t\t\t\t\t\t\t\t\t\t\t<span class=\"elementor-icon-list-icon\">\n\t\t\t\t\t\t\t<svg aria-hidden=\"true\" class=\"e-font-icon-svg e-fas-check\" viewbox=\"0 0 512 512\" xmlns=\"http:\/\/www.w3.org\/2000\/svg\"><path d=\"M173.898 439.404l-166.4-166.4c-9.997-9.997-9.997-26.206 0-36.204l36.203-36.204c9.997-9.998 26.207-9.998 36.204 0L192 312.69 432.095 72.596c9.997-9.997 26.207-9.997 36.204 0l36.203 36.204c9.997 9.997 9.997 26.206 0 36.204l-294.4 294.401c-9.998 9.997-26.207 9.997-36.204-.001z\"><\/path><\/svg>\t\t\t\t\t\t<\/span>\n\t\t\t\t\t\t\t\t\t\t<span class=\"elementor-icon-list-text\">Nachhaltiger &amp; zukunftsf\u00e4higer Ansatz<\/span>\n\t\t\t\t\t\t\t\t\t<\/li>\n\t\t\t\t\t\t<\/ul>\n\t\t\t\t\t\t<\/div>\n\t\t\t\t<\/div>\n\t\t<div class=\"elementor-element elementor-element-fafa7eb e-con-full e-flex wpr-particle-no wpr-jarallax-no wpr-parallax-no wpr-sticky-section-no e-con e-child\" data-id=\"fafa7eb\" data-element_type=\"container\" data-settings=\"{&quot;_ha_eqh_enable&quot;:false}\">\n\t\t\t\t<div class=\"elementor-element elementor-element-3afd2a2 exad-sticky-section-no exad-glass-effect-no elementor-widget elementor-widget-image\" data-id=\"3afd2a2\" data-element_type=\"widget\" data-widget_type=\"image.default\">\n\t\t\t\t\t\t\t\t\t\t\t\t\t\t\t<img fetchpriority=\"high\" decoding=\"async\" width=\"1024\" height=\"461\" src=\"http:\/\/fenster-discount.com\/wp-content\/uploads\/2025\/07\/32-1024x461.webp\" class=\"attachment-large size-large wp-image-1270\" alt=\"\" srcset=\"http:\/\/fenster-discount.com\/wp-content\/uploads\/2025\/07\/32-1024x461.webp 1024w, http:\/\/fenster-discount.com\/wp-content\/uploads\/2025\/07\/32-300x135.webp 300w, http:\/\/fenster-discount.com\/wp-content\/uploads\/2025\/07\/32-768x346.webp 768w, http:\/\/fenster-discount.com\/wp-content\/uploads\/2025\/07\/32-1536x691.webp 1536w, http:\/\/fenster-discount.com\/wp-content\/uploads\/2025\/07\/32.webp 1600w\" sizes=\"(max-width: 1024px) 100vw, 1024px\" \/>\t\t\t\t\t\t\t\t\t\t\t\t\t\t\t<\/div>\n\t\t\t\t<div class=\"elementor-element elementor-element-2e281d9 exad-sticky-section-no exad-glass-effect-no elementor-widget elementor-widget-text-editor\" data-id=\"2e281d9\" data-element_type=\"widget\" data-widget_type=\"text-editor.default\">\n\t\t\t\t\t\t\t\t\t<p data-start=\"170\" data-end=\"355\"><strong data-start=\"170\" data-end=\"195\">Villa Rosenau, Frankreich<\/strong> ist ein zeitgen\u00f6ssisches Wohnprojekt, das modernes Design mit leistungsstarken Geb\u00e4udel\u00f6sungen vereint, um ein raffiniertes und komfortables Wohnerlebnis zu schaffen.<\/p><p data-start=\"357\" data-end=\"486\">Daf\u00fcr werden Premiumsysteme von <strong data-start=\"395\" data-end=\"405\">Alumil<\/strong> wurden ausgew\u00e4hlt, da sie \u00fcberlegene Energieeffizienz, Funktionalit\u00e4t und \u00c4sthetik bieten:<\/p><ul data-start=\"488\" data-end=\"1234\"><li data-start=\"488\" data-end=\"647\"><p data-start=\"490\" data-end=\"647\"><strong data-start=\"490\" data-end=\"524\">T\u00fcren und Fenster \u2013 Alumil S77<\/strong><br data-start=\"524\" data-end=\"527\" \/>Der <strong data-start=\"533\" data-end=\"540\">S77<\/strong> Das System bietet eine hervorragende W\u00e4rme- und Schalld\u00e4mmung und sorgt so das ganze Jahr \u00fcber f\u00fcr Komfort und Energieeinsparungen.<\/p><\/li><li data-start=\"649\" data-end=\"965\"><p data-start=\"651\" data-end=\"749\"><strong data-start=\"651\" data-end=\"691\">Schiebesysteme \u2013 S700 und S650 PHOS<\/strong><br data-start=\"691\" data-end=\"694\" \/>Ma\u00dfgeschneidert f\u00fcr weite \u00d6ffnungen und moderne Architektur:<\/p><ul data-start=\"752\" data-end=\"965\"><li data-start=\"752\" data-end=\"856\"><p data-start=\"754\" data-end=\"856\"><strong data-start=\"754\" data-end=\"762\">S700<\/strong>: Ein Hochleistungs-Schiebesystem, das einen reibungslosen Betrieb und gro\u00dfe Spannweiten bei minimalem Kraftaufwand bietet.<\/p><\/li><li data-start=\"859\" data-end=\"965\"><p data-start=\"861\" data-end=\"965\"><strong data-start=\"861\" data-end=\"874\">S650 PHOS<\/strong>: Ein schlankes, minimalistisches Schiebesystem, das f\u00fcr maximales Tageslicht und einen Panoramablick konzipiert ist.<\/p><\/li><\/ul><\/li><li data-start=\"967\" data-end=\"1234\"><p data-start=\"969\" data-end=\"1234\"><strong data-start=\"969\" data-end=\"986\">Jalousine Z90<\/strong><br data-start=\"986\" data-end=\"989\" \/>Der <strong data-start=\"995\" data-end=\"1012\">Z90 Jalousine<\/strong> Das System bietet fortschrittlichen Sonnenschutz, Privatsph\u00e4re und Bel\u00fcftung. Mit verstellbaren Aluminiumlamellen verbessert es die Energieeffizienz und die architektonische Attraktivit\u00e4t der Villa und bietet sowohl Funktionalit\u00e4t als auch ein klares, modernes Aussehen.<\/p><\/li><\/ul><hr data-start=\"1236\" data-end=\"1239\" \/><p data-start=\"1241\" data-end=\"1445\" data-is-last-node=\"\" data-is-only-node=\"\">Durch den Einsatz dieser hochmodernen Systeme <em data-start=\"1292\" data-end=\"1315\">Villa Rosenau, Frankreich<\/em> ist ein Beispiel f\u00fcr die Verschmelzung von Spitzentechnologie und zeitlosem Design und setzt einen neuen Standard f\u00fcr die moderne Wohnarchitektur.<\/p>\t\t\t\t\t\t\t\t<\/div>\n\t\t\t\t<\/div>\n\t\t\t\t\t<\/div>\n\t\t\t\t<\/div>\n\t\t<div class=\"elementor-element elementor-element-5b311fa e-flex e-con-boxed wpr-particle-no wpr-jarallax-no wpr-parallax-no wpr-sticky-section-no e-con e-parent\" data-id=\"5b311fa\" data-element_type=\"container\" data-settings=\"{&quot;_ha_eqh_enable&quot;:false}\">\n\t\t\t\t\t<div class=\"e-con-inner\">\n\t\t\t\t<div class=\"elementor-element elementor-element-15b45ad gallery-spacing-custom exad-sticky-section-no exad-glass-effect-no elementor-widget elementor-widget-image-gallery\" data-id=\"15b45ad\" data-element_type=\"widget\" data-widget_type=\"image-gallery.default\">\n\t\t\t\t\t\t\t<div class=\"elementor-image-gallery\">\n\t\t\t<div id='gallery-1' class='gallery galleryid-735 gallery-columns-3 gallery-size-full'><figure class='gallery-item'>\n\t\t\t<div class='gallery-icon landscape'>\n\t\t\t\t<a data-elementor-open-lightbox=\"yes\" data-elementor-lightbox-slideshow=\"15b45ad\" data-elementor-lightbox-title=\"rosenau1\" data-e-action-hash=\"#elementor-action%3Aaction%3Dlightbox%26settings%3DeyJpZCI6MTYzNywidXJsIjoiaHR0cDpcL1wvZmVuc3Rlci1kaXNjb3VudC5jb21cL3dwLWNvbnRlbnRcL3VwbG9hZHNcLzIwMjVcLzA3XC9yb3NlbmF1MS5qcGciLCJzbGlkZXNob3ciOiIxNWI0NWFkIn0%3D\" href='http:\/\/fenster-discount.com\/wp-content\/uploads\/2025\/07\/rosenau1.jpg'><img decoding=\"async\" width=\"1600\" height=\"1200\" src=\"http:\/\/fenster-discount.com\/wp-content\/uploads\/2025\/07\/rosenau1.jpg\" class=\"attachment-full size-full\" alt=\"\" srcset=\"http:\/\/fenster-discount.com\/wp-content\/uploads\/2025\/07\/rosenau1.jpg 1600w, http:\/\/fenster-discount.com\/wp-content\/uploads\/2025\/07\/rosenau1-300x225.jpg 300w, http:\/\/fenster-discount.com\/wp-content\/uploads\/2025\/07\/rosenau1-1024x768.jpg 1024w, http:\/\/fenster-discount.com\/wp-content\/uploads\/2025\/07\/rosenau1-768x576.jpg 768w, http:\/\/fenster-discount.com\/wp-content\/uploads\/2025\/07\/rosenau1-1536x1152.jpg 1536w\" sizes=\"(max-width: 1600px) 100vw, 1600px\" \/><\/a>\n\t\t\t<\/div><\/figure><figure class='gallery-item'>\n\t\t\t<div class='gallery-icon landscape'>\n\t\t\t\t<a data-elementor-open-lightbox=\"yes\" data-elementor-lightbox-slideshow=\"15b45ad\" data-elementor-lightbox-title=\"rosenau\" data-e-action-hash=\"#elementor-action%3Aaction%3Dlightbox%26settings%3DeyJpZCI6MTYzNiwidXJsIjoiaHR0cDpcL1wvZmVuc3Rlci1kaXNjb3VudC5jb21cL3dwLWNvbnRlbnRcL3VwbG9hZHNcLzIwMjVcLzA3XC9yb3NlbmF1LmpwZyIsInNsaWRlc2hvdyI6IjE1YjQ1YWQifQ%3D%3D\" href='http:\/\/fenster-discount.com\/wp-content\/uploads\/2025\/07\/rosenau.jpg'><img decoding=\"async\" width=\"1600\" height=\"1200\" src=\"http:\/\/fenster-discount.com\/wp-content\/uploads\/2025\/07\/rosenau.jpg\" class=\"attachment-full size-full\" alt=\"\" srcset=\"http:\/\/fenster-discount.com\/wp-content\/uploads\/2025\/07\/rosenau.jpg 1600w, http:\/\/fenster-discount.com\/wp-content\/uploads\/2025\/07\/rosenau-300x225.jpg 300w, http:\/\/fenster-discount.com\/wp-content\/uploads\/2025\/07\/rosenau-1024x768.jpg 1024w, http:\/\/fenster-discount.com\/wp-content\/uploads\/2025\/07\/rosenau-768x576.jpg 768w, http:\/\/fenster-discount.com\/wp-content\/uploads\/2025\/07\/rosenau-1536x1152.jpg 1536w\" sizes=\"(max-width: 1600px) 100vw, 1600px\" \/><\/a>\n\t\t\t<\/div><\/figure><figure class='gallery-item'>\n\t\t\t<div class='gallery-icon landscape'>\n\t\t\t\t<a data-elementor-open-lightbox=\"yes\" data-elementor-lightbox-slideshow=\"15b45ad\" data-elementor-lightbox-title=\"3(2)\" data-e-action-hash=\"#elementor-action%3Aaction%3Dlightbox%26settings%3DeyJpZCI6MTI3MCwidXJsIjoiaHR0cDpcL1wvZmVuc3Rlci1kaXNjb3VudC5jb21cL3dwLWNvbnRlbnRcL3VwbG9hZHNcLzIwMjVcLzA3XC8zMi53ZWJwIiwic2xpZGVzaG93IjoiMTViNDVhZCJ9\" href='http:\/\/fenster-discount.com\/wp-content\/uploads\/2025\/07\/32.webp'><img loading=\"lazy\" decoding=\"async\" width=\"1600\" height=\"720\" src=\"http:\/\/fenster-discount.com\/wp-content\/uploads\/2025\/07\/32.webp\" class=\"attachment-full size-full\" alt=\"\" srcset=\"http:\/\/fenster-discount.com\/wp-content\/uploads\/2025\/07\/32.webp 1600w, http:\/\/fenster-discount.com\/wp-content\/uploads\/2025\/07\/32-300x135.webp 300w, http:\/\/fenster-discount.com\/wp-content\/uploads\/2025\/07\/32-1024x461.webp 1024w, http:\/\/fenster-discount.com\/wp-content\/uploads\/2025\/07\/32-768x346.webp 768w, http:\/\/fenster-discount.com\/wp-content\/uploads\/2025\/07\/32-1536x691.webp 1536w\" sizes=\"(max-width: 1600px) 100vw, 1600px\" \/><\/a>\n\t\t\t<\/div><\/figure><figure class='gallery-item'>\n\t\t\t<div class='gallery-icon landscape'>\n\t\t\t\t<a data-elementor-open-lightbox=\"yes\" data-elementor-lightbox-slideshow=\"15b45ad\" data-elementor-lightbox-title=\"4(1)\" data-e-action-hash=\"#elementor-action%3Aaction%3Dlightbox%26settings%3DeyJpZCI6MTI2OSwidXJsIjoiaHR0cDpcL1wvZmVuc3Rlci1kaXNjb3VudC5jb21cL3dwLWNvbnRlbnRcL3VwbG9hZHNcLzIwMjVcLzA3XC80MS53ZWJwIiwic2xpZGVzaG93IjoiMTViNDVhZCJ9\" href='http:\/\/fenster-discount.com\/wp-content\/uploads\/2025\/07\/41.webp'><img loading=\"lazy\" decoding=\"async\" width=\"1600\" height=\"720\" src=\"http:\/\/fenster-discount.com\/wp-content\/uploads\/2025\/07\/41.webp\" class=\"attachment-full size-full\" alt=\"\" srcset=\"http:\/\/fenster-discount.com\/wp-content\/uploads\/2025\/07\/41.webp 1600w, http:\/\/fenster-discount.com\/wp-content\/uploads\/2025\/07\/41-300x135.webp 300w, http:\/\/fenster-discount.com\/wp-content\/uploads\/2025\/07\/41-1024x461.webp 1024w, http:\/\/fenster-discount.com\/wp-content\/uploads\/2025\/07\/41-768x346.webp 768w, http:\/\/fenster-discount.com\/wp-content\/uploads\/2025\/07\/41-1536x691.webp 1536w\" sizes=\"(max-width: 1600px) 100vw, 1600px\" \/><\/a>\n\t\t\t<\/div><\/figure>\n\t\t<\/div>\n\t\t<\/div>\n\t\t\t\t\t\t<\/div>\n\t\t\t\t\t<\/div>\n\t\t\t\t<\/div>\n\t\t\t\t<\/div>","protected":false},"excerpt":{"rendered":"<p>Vila Rosenau, France Comprehensive In-House Capabilities Advanced Technology &#038; Innovation Quality-Driven &#038; Client-Focused Sustainable &#038; Future-Ready Approach Villa Rosenau, France is a contemporary residential project that unites modern design with high-performance building solutions to create a refined and comfortable living experience. To achieve this, premium systems from Alumil were chosen, offering superior energy efficiency, functionality, and aesthetics: Doors and Windows \u2013 Alumil S77The S77 system delivers excellent thermal and acoustic insulation, ensuring year-round comfort and energy savings. Sliding Systems \u2013 S700 and S650 PHOSTailored for wide openings and modern architecture: S700: A heavy-duty sliding system offering smooth operation and large spans with minimal effort. S650 PHOS: A slim, minimalist sliding system designed to maximize natural light and panoramic views. Jalousine Z90The Z90 Jalousine system provides advanced sun protection, privacy, and ventilation. With adjustable aluminum slats, it enhances the villa\u2019s energy performance and architectural appeal, offering both functionality and a clean, modern look. Through the use of these state-of-the-art systems, Villa Rosenau, France exemplifies the fusion of cutting-edge technology and timeless design\u2014setting a new standard for modern residential architecture.<\/p>","protected":false},"author":1,"featured_media":0,"parent":0,"menu_order":0,"comment_status":"closed","ping_status":"closed","template":"elementor_canvas","meta":{"site-sidebar-layout":"default","site-content-layout":"","ast-site-content-layout":"default","site-content-style":"default","site-sidebar-style":"default","ast-global-header-display":"","ast-banner-title-visibility":"","ast-main-header-display":"","ast-hfb-above-header-display":"","ast-hfb-below-header-display":"","ast-hfb-mobile-header-display":"","site-post-title":"","ast-breadcrumbs-content":"","ast-featured-img":"","footer-sml-layout":"","theme-transparent-header-meta":"","adv-header-id-meta":"","stick-header-meta":"","header-above-stick-meta":"","header-main-stick-meta":"","header-below-stick-meta":"","astra-migrate-meta-layouts":"default","ast-page-background-enabled":"default","ast-page-background-meta":{"desktop":{"background-color":"var(--ast-global-color-5)","background-image":"","background-repeat":"repeat","background-position":"center center","background-size":"auto","background-attachment":"scroll","background-type":"","background-media":"","overlay-type":"","overlay-color":"","overlay-opacity":"","overlay-gradient":""},"tablet":{"background-color":"","background-image":"","background-repeat":"repeat","background-position":"center center","background-size":"auto","background-attachment":"scroll","background-type":"","background-media":"","overlay-type":"","overlay-color":"","overlay-opacity":"","overlay-gradient":""},"mobile":{"background-color":"","background-image":"","background-repeat":"repeat","background-position":"center center","background-size":"auto","background-attachment":"scroll","background-type":"","background-media":"","overlay-type":"","overlay-color":"","overlay-opacity":"","overlay-gradient":""}},"ast-content-background-meta":{"desktop":{"background-color":"var(--ast-global-color-4)","background-image":"","background-repeat":"repeat","background-position":"center center","background-size":"auto","background-attachment":"scroll","background-type":"","background-media":"","overlay-type":"","overlay-color":"","overlay-opacity":"","overlay-gradient":""},"tablet":{"background-color":"var(--ast-global-color-4)","background-image":"","background-repeat":"repeat","background-position":"center center","background-size":"auto","background-attachment":"scroll","background-type":"","background-media":"","overlay-type":"","overlay-color":"","overlay-opacity":"","overlay-gradient":""},"mobile":{"background-color":"var(--ast-global-color-4)","background-image":"","background-repeat":"repeat","background-position":"center center","background-size":"auto","background-attachment":"scroll","background-type":"","background-media":"","overlay-type":"","overlay-color":"","overlay-opacity":"","overlay-gradient":""}},"footnotes":""},"class_list":["post-735","page","type-page","status-publish","hentry"],"_links":{"self":[{"href":"http:\/\/fenster-discount.com\/de\/wp-json\/wp\/v2\/pages\/735","targetHints":{"allow":["GET"]}}],"collection":[{"href":"http:\/\/fenster-discount.com\/de\/wp-json\/wp\/v2\/pages"}],"about":[{"href":"http:\/\/fenster-discount.com\/de\/wp-json\/wp\/v2\/types\/page"}],"author":[{"embeddable":true,"href":"http:\/\/fenster-discount.com\/de\/wp-json\/wp\/v2\/users\/1"}],"replies":[{"embeddable":true,"href":"http:\/\/fenster-discount.com\/de\/wp-json\/wp\/v2\/comments?post=735"}],"version-history":[{"count":0,"href":"http:\/\/fenster-discount.com\/de\/wp-json\/wp\/v2\/pages\/735\/revisions"}],"wp:attachment":[{"href":"http:\/\/fenster-discount.com\/de\/wp-json\/wp\/v2\/media?parent=735"}],"curies":[{"name":"wp","href":"https:\/\/api.w.org\/{rel}","templated":true}]}}