{"id":882,"date":"2025-07-12T22:34:19","date_gmt":"2025-07-12T22:34:19","guid":{"rendered":"http:\/\/ginz.local\/?page_id=882"},"modified":"2025-07-25T10:59:39","modified_gmt":"2025-07-25T10:59:39","slug":"multi-functional-building","status":"publish","type":"page","link":"http:\/\/fenster-discount.com\/de\/multi-functional-building\/","title":{"rendered":"Multi-Functional Building"},"content":{"rendered":"<div data-elementor-type=\"wp-page\" data-elementor-id=\"882\" class=\"elementor elementor-882\" data-elementor-settings=\"{&quot;ha_cmc_init_switcher&quot;:&quot;no&quot;}\">\n\t\t\t\t<div class=\"elementor-element elementor-element-a16ecb8 e-flex e-con-boxed wpr-particle-no wpr-jarallax-no wpr-parallax-no wpr-sticky-section-no e-con e-parent\" data-id=\"a16ecb8\" data-element_type=\"container\" data-settings=\"{&quot;_ha_eqh_enable&quot;:false}\">\n\t\t\t\t\t<div class=\"e-con-inner\">\n\t\t<div class=\"elementor-element elementor-element-2ca4e05 e-con-full e-flex wpr-particle-no wpr-jarallax-no wpr-parallax-no wpr-sticky-section-no e-con e-child\" data-id=\"2ca4e05\" data-element_type=\"container\" data-settings=\"{&quot;_ha_eqh_enable&quot;:false}\">\n\t\t\t\t<div class=\"elementor-element elementor-element-27dd82f exad-sticky-section-no exad-glass-effect-no elementor-widget elementor-widget-heading\" data-id=\"27dd82f\" data-element_type=\"widget\" data-widget_type=\"heading.default\">\n\t\t\t\t\t<h3 class=\"elementor-heading-title elementor-size-default\">MULTIFUNKTIONALES GEB\u00c4UDE<\/h3>\t\t\t\t<\/div>\n\t\t\t\t<\/div>\n\t\t<div class=\"elementor-element elementor-element-2784f9d e-con-full e-flex wpr-particle-no wpr-jarallax-no wpr-parallax-no wpr-sticky-section-no e-con e-child\" data-id=\"2784f9d\" data-element_type=\"container\" data-settings=\"{&quot;_ha_eqh_enable&quot;:false}\">\n\t\t\t\t<\/div>\n\t\t\t\t\t<\/div>\n\t\t\t\t<\/div>\n\t\t<div class=\"elementor-element elementor-element-1248584 e-flex e-con-boxed wpr-particle-no wpr-jarallax-no wpr-parallax-no wpr-sticky-section-no e-con e-parent\" data-id=\"1248584\" data-element_type=\"container\" data-settings=\"{&quot;_ha_eqh_enable&quot;:false}\">\n\t\t\t\t\t<div class=\"e-con-inner\">\n\t\t<div class=\"elementor-element elementor-element-0e4499b e-con-full e-flex wpr-particle-no wpr-jarallax-no wpr-parallax-no wpr-sticky-section-no e-con e-child\" data-id=\"0e4499b\" data-element_type=\"container\" data-settings=\"{&quot;_ha_eqh_enable&quot;:false}\">\n\t\t\t\t<div class=\"elementor-element elementor-element-37ef23e elementor-icon-list--layout-traditional elementor-list-item-link-full_width exad-sticky-section-no exad-glass-effect-no elementor-widget elementor-widget-icon-list\" data-id=\"37ef23e\" data-element_type=\"widget\" data-widget_type=\"icon-list.default\">\n\t\t\t\t\t\t\t<ul class=\"elementor-icon-list-items\">\n\t\t\t\t\t\t\t<li class=\"elementor-icon-list-item\">\n\t\t\t\t\t\t\t\t\t\t\t<span class=\"elementor-icon-list-icon\">\n\t\t\t\t\t\t\t<svg aria-hidden=\"true\" class=\"e-font-icon-svg e-fas-check\" viewbox=\"0 0 512 512\" xmlns=\"http:\/\/www.w3.org\/2000\/svg\"><path d=\"M173.898 439.404l-166.4-166.4c-9.997-9.997-9.997-26.206 0-36.204l36.203-36.204c9.997-9.998 26.207-9.998 36.204 0L192 312.69 432.095 72.596c9.997-9.997 26.207-9.997 36.204 0l36.203 36.204c9.997 9.997 9.997 26.206 0 36.204l-294.4 294.401c-9.998 9.997-26.207 9.997-36.204-.001z\"><\/path><\/svg>\t\t\t\t\t\t<\/span>\n\t\t\t\t\t\t\t\t\t\t<span class=\"elementor-icon-list-text\">Umfassende In-House-F\u00e4higkeiten<\/span>\n\t\t\t\t\t\t\t\t\t<\/li>\n\t\t\t\t\t\t\t\t<li class=\"elementor-icon-list-item\">\n\t\t\t\t\t\t\t\t\t\t\t<span class=\"elementor-icon-list-icon\">\n\t\t\t\t\t\t\t<svg aria-hidden=\"true\" class=\"e-font-icon-svg e-fas-check\" viewbox=\"0 0 512 512\" xmlns=\"http:\/\/www.w3.org\/2000\/svg\"><path d=\"M173.898 439.404l-166.4-166.4c-9.997-9.997-9.997-26.206 0-36.204l36.203-36.204c9.997-9.998 26.207-9.998 36.204 0L192 312.69 432.095 72.596c9.997-9.997 26.207-9.997 36.204 0l36.203 36.204c9.997 9.997 9.997 26.206 0 36.204l-294.4 294.401c-9.998 9.997-26.207 9.997-36.204-.001z\"><\/path><\/svg>\t\t\t\t\t\t<\/span>\n\t\t\t\t\t\t\t\t\t\t<span class=\"elementor-icon-list-text\">Fortschrittliche Technologie &amp; Innovation<\/span>\n\t\t\t\t\t\t\t\t\t<\/li>\n\t\t\t\t\t\t\t\t<li class=\"elementor-icon-list-item\">\n\t\t\t\t\t\t\t\t\t\t\t<span class=\"elementor-icon-list-icon\">\n\t\t\t\t\t\t\t<svg aria-hidden=\"true\" class=\"e-font-icon-svg e-fas-check\" viewbox=\"0 0 512 512\" xmlns=\"http:\/\/www.w3.org\/2000\/svg\"><path d=\"M173.898 439.404l-166.4-166.4c-9.997-9.997-9.997-26.206 0-36.204l36.203-36.204c9.997-9.998 26.207-9.998 36.204 0L192 312.69 432.095 72.596c9.997-9.997 26.207-9.997 36.204 0l36.203 36.204c9.997 9.997 9.997 26.206 0 36.204l-294.4 294.401c-9.998 9.997-26.207 9.997-36.204-.001z\"><\/path><\/svg>\t\t\t\t\t\t<\/span>\n\t\t\t\t\t\t\t\t\t\t<span class=\"elementor-icon-list-text\">Qualit\u00e4tsorientiert &amp; kundenfokussiert<\/span>\n\t\t\t\t\t\t\t\t\t<\/li>\n\t\t\t\t\t\t\t\t<li class=\"elementor-icon-list-item\">\n\t\t\t\t\t\t\t\t\t\t\t<span class=\"elementor-icon-list-icon\">\n\t\t\t\t\t\t\t<svg aria-hidden=\"true\" class=\"e-font-icon-svg e-fas-check\" viewbox=\"0 0 512 512\" xmlns=\"http:\/\/www.w3.org\/2000\/svg\"><path d=\"M173.898 439.404l-166.4-166.4c-9.997-9.997-9.997-26.206 0-36.204l36.203-36.204c9.997-9.998 26.207-9.998 36.204 0L192 312.69 432.095 72.596c9.997-9.997 26.207-9.997 36.204 0l36.203 36.204c9.997 9.997 9.997 26.206 0 36.204l-294.4 294.401c-9.998 9.997-26.207 9.997-36.204-.001z\"><\/path><\/svg>\t\t\t\t\t\t<\/span>\n\t\t\t\t\t\t\t\t\t\t<span class=\"elementor-icon-list-text\">Nachhaltiger &amp; zukunftsf\u00e4higer Ansatz<\/span>\n\t\t\t\t\t\t\t\t\t<\/li>\n\t\t\t\t\t\t<\/ul>\n\t\t\t\t\t\t<\/div>\n\t\t\t\t<\/div>\n\t\t<div class=\"elementor-element elementor-element-fafa7eb e-con-full e-flex wpr-particle-no wpr-jarallax-no wpr-parallax-no wpr-sticky-section-no e-con e-child\" data-id=\"fafa7eb\" data-element_type=\"container\" data-settings=\"{&quot;_ha_eqh_enable&quot;:false}\">\n\t\t\t\t<div class=\"elementor-element elementor-element-3afd2a2 exad-sticky-section-no exad-glass-effect-no elementor-widget elementor-widget-image\" data-id=\"3afd2a2\" data-element_type=\"widget\" data-widget_type=\"image.default\">\n\t\t\t\t\t\t\t\t\t\t\t\t\t\t\t<img fetchpriority=\"high\" decoding=\"async\" width=\"1024\" height=\"768\" src=\"http:\/\/fenster-discount.com\/wp-content\/uploads\/2025\/07\/DHF-4-1024x768.webp\" class=\"attachment-large size-large wp-image-1293\" alt=\"\" srcset=\"http:\/\/fenster-discount.com\/wp-content\/uploads\/2025\/07\/DHF-4-1024x768.webp 1024w, http:\/\/fenster-discount.com\/wp-content\/uploads\/2025\/07\/DHF-4-300x225.webp 300w, http:\/\/fenster-discount.com\/wp-content\/uploads\/2025\/07\/DHF-4-768x576.webp 768w, http:\/\/fenster-discount.com\/wp-content\/uploads\/2025\/07\/DHF-4.webp 1280w\" sizes=\"(max-width: 1024px) 100vw, 1024px\" \/>\t\t\t\t\t\t\t\t\t\t\t\t\t\t\t<\/div>\n\t\t\t\t<div class=\"elementor-element elementor-element-2e281d9 exad-sticky-section-no exad-glass-effect-no elementor-widget elementor-widget-text-editor\" data-id=\"2e281d9\" data-element_type=\"widget\" data-widget_type=\"text-editor.default\">\n\t\t\t\t\t\t\t\t\t<p><span style=\"font-weight: 400;\">Das multifunktionale Geb\u00e4ude ist ein hochmodernes Geb\u00e4ude mit gemischter Nutzung, das Gewerbefl\u00e4chen und Wohneinheiten in einem eleganten, modernen architektonischen Rahmen integriert. Das Projekt spiegelt einen anspruchsvollen Ansatz in Bezug auf Design, Nachhaltigkeit und Komfort f\u00fcr die Bewohner wider.<\/span><\/p><p><span style=\"font-weight: 400;\">Die Au\u00dfenfassade des Geb\u00e4udes besticht durch eine markante Glasfassade, die nahtlos mit einem hinterl\u00fcfteten Keramikfassadensystem kombiniert ist, das die W\u00e4rmed\u00e4mmung, Haltbarkeit und \u00c4sthetik verbessert. Die hinterl\u00fcftete Keramikverkleidung bietet hervorragenden Wetterschutz und tr\u00e4gt gleichzeitig zu einem unverwechselbaren und modernen Erscheinungsbild bei.<\/span><\/p><p><span style=\"font-weight: 400;\">Die Glasfassade wird durch das zuverl\u00e4ssige und energieeffiziente Vorhangfassadensystem ALUMIL SMARTIA M6 gest\u00fctzt, das f\u00fcr hervorragende Isolierung und strukturelle Integrit\u00e4t sorgt. Um den Zugang und die reibungslose Bewegung zwischen Innen- und Au\u00dfenbereich zu erleichtern, ist das Geb\u00e4ude mit modernen ALUMIL SMARTIA-Schiebesystemen (M650 und S700) ausgestattet, die einen reibungslosen Betrieb und verbesserte Funktionalit\u00e4t bieten.<\/span><\/p><p><span style=\"font-weight: 400;\">Die Wohn- und Gewerbeeinheiten sind mit hochwertigen PVC-Fenstern von Profine Aluclip ausgestattet, die f\u00fcr ihre Energieeffizienz, Langlebigkeit und ihr modernes Design bekannt sind. Erg\u00e4nzt werden diese durch PVC-Schiebet\u00fcren von Premidoor, die f\u00fcr maximales Tageslicht und optimale Bel\u00fcftung sorgen und gleichzeitig eine hohe W\u00e4rmed\u00e4mmung gew\u00e4hrleisten.<\/span><\/p><p><span style=\"font-weight: 400;\">Sicherheit und Stil stehen an erster Stelle. Elegante Glasgel\u00e4nder auf Balkonen und Terrassen erm\u00f6glichen ungehinderte Ausblicke und setzen ein minimalistisches Designelement. Um Privatsph\u00e4re und Kontrolle \u00fcber das Sonnenlicht zu gew\u00e4hrleisten, verf\u00fcgt das Geb\u00e4ude \u00fcber Z90 Jalousien, die sowohl funktional als auch optisch in die Fassade integriert sind.<\/span><\/p><p><span style=\"font-weight: 400;\">Das gesamte Verglasungssystem besteht aus hochwertigem GUARDIAN-Glas, das f\u00fcr seine Klarheit, W\u00e4rmeleistung und Robustheit bekannt ist und die allgemeinen Nachhaltigkeitsziele des Geb\u00e4udes unterst\u00fctzt.<\/span><\/p><p><span style=\"font-weight: 400;\">Diese Kombination aus innovativen Materialien und Systemen f\u00fchrt zu einem dynamischen und vielseitigen Geb\u00e4ude, das komfortable Wohnr\u00e4ume und effiziente Gewerbefl\u00e4chen bietet.<\/span><\/p>\t\t\t\t\t\t\t\t<\/div>\n\t\t\t\t<\/div>\n\t\t\t\t\t<\/div>\n\t\t\t\t<\/div>\n\t\t<div class=\"elementor-element elementor-element-5ea7abd e-flex e-con-boxed wpr-particle-no wpr-jarallax-no wpr-parallax-no wpr-sticky-section-no e-con e-parent\" data-id=\"5ea7abd\" data-element_type=\"container\" data-settings=\"{&quot;_ha_eqh_enable&quot;:false}\">\n\t\t\t\t\t<div class=\"e-con-inner\">\n\t\t\t\t<div class=\"elementor-element elementor-element-6e9c7b4 gallery-spacing-custom exad-sticky-section-no exad-glass-effect-no elementor-widget elementor-widget-image-gallery\" data-id=\"6e9c7b4\" data-element_type=\"widget\" data-widget_type=\"image-gallery.default\">\n\t\t\t\t\t\t\t<div class=\"elementor-image-gallery\">\n\t\t\t<div id='gallery-1' class='gallery galleryid-882 gallery-columns-3 gallery-size-full'><figure class='gallery-item'>\n\t\t\t<div class='gallery-icon landscape'>\n\t\t\t\t<a data-elementor-open-lightbox=\"yes\" data-elementor-lightbox-slideshow=\"6e9c7b4\" data-elementor-lightbox-title=\"DHF 1\" data-e-action-hash=\"#elementor-action%3Aaction%3Dlightbox%26settings%3DeyJpZCI6MTI5MSwidXJsIjoiaHR0cDpcL1wvZmVuc3Rlci1kaXNjb3VudC5jb21cL3dwLWNvbnRlbnRcL3VwbG9hZHNcLzIwMjVcLzA3XC9ESEYtMS53ZWJwIiwic2xpZGVzaG93IjoiNmU5YzdiNCJ9\" href='http:\/\/fenster-discount.com\/wp-content\/uploads\/2025\/07\/DHF-1.webp'><img decoding=\"async\" width=\"1280\" height=\"960\" src=\"http:\/\/fenster-discount.com\/wp-content\/uploads\/2025\/07\/DHF-1.webp\" class=\"attachment-full size-full\" alt=\"\" srcset=\"http:\/\/fenster-discount.com\/wp-content\/uploads\/2025\/07\/DHF-1.webp 1280w, http:\/\/fenster-discount.com\/wp-content\/uploads\/2025\/07\/DHF-1-300x225.webp 300w, http:\/\/fenster-discount.com\/wp-content\/uploads\/2025\/07\/DHF-1-1024x768.webp 1024w, http:\/\/fenster-discount.com\/wp-content\/uploads\/2025\/07\/DHF-1-768x576.webp 768w\" sizes=\"(max-width: 1280px) 100vw, 1280px\" \/><\/a>\n\t\t\t<\/div><\/figure><figure class='gallery-item'>\n\t\t\t<div class='gallery-icon landscape'>\n\t\t\t\t<a data-elementor-open-lightbox=\"yes\" data-elementor-lightbox-slideshow=\"6e9c7b4\" data-elementor-lightbox-title=\"DHF 2\" data-e-action-hash=\"#elementor-action%3Aaction%3Dlightbox%26settings%3DeyJpZCI6MTI5MiwidXJsIjoiaHR0cDpcL1wvZmVuc3Rlci1kaXNjb3VudC5jb21cL3dwLWNvbnRlbnRcL3VwbG9hZHNcLzIwMjVcLzA3XC9ESEYtMi53ZWJwIiwic2xpZGVzaG93IjoiNmU5YzdiNCJ9\" href='http:\/\/fenster-discount.com\/wp-content\/uploads\/2025\/07\/DHF-2.webp'><img decoding=\"async\" width=\"1280\" height=\"960\" src=\"http:\/\/fenster-discount.com\/wp-content\/uploads\/2025\/07\/DHF-2.webp\" class=\"attachment-full size-full\" alt=\"\" srcset=\"http:\/\/fenster-discount.com\/wp-content\/uploads\/2025\/07\/DHF-2.webp 1280w, http:\/\/fenster-discount.com\/wp-content\/uploads\/2025\/07\/DHF-2-300x225.webp 300w, http:\/\/fenster-discount.com\/wp-content\/uploads\/2025\/07\/DHF-2-1024x768.webp 1024w, http:\/\/fenster-discount.com\/wp-content\/uploads\/2025\/07\/DHF-2-768x576.webp 768w\" sizes=\"(max-width: 1280px) 100vw, 1280px\" \/><\/a>\n\t\t\t<\/div><\/figure><figure class='gallery-item'>\n\t\t\t<div class='gallery-icon landscape'>\n\t\t\t\t<a data-elementor-open-lightbox=\"yes\" data-elementor-lightbox-slideshow=\"6e9c7b4\" data-elementor-lightbox-title=\"DHF 4\" data-e-action-hash=\"#elementor-action%3Aaction%3Dlightbox%26settings%3DeyJpZCI6MTI5MywidXJsIjoiaHR0cDpcL1wvZmVuc3Rlci1kaXNjb3VudC5jb21cL3dwLWNvbnRlbnRcL3VwbG9hZHNcLzIwMjVcLzA3XC9ESEYtNC53ZWJwIiwic2xpZGVzaG93IjoiNmU5YzdiNCJ9\" href='http:\/\/fenster-discount.com\/wp-content\/uploads\/2025\/07\/DHF-4.webp'><img loading=\"lazy\" decoding=\"async\" width=\"1280\" height=\"960\" src=\"http:\/\/fenster-discount.com\/wp-content\/uploads\/2025\/07\/DHF-4.webp\" class=\"attachment-full size-full\" alt=\"\" srcset=\"http:\/\/fenster-discount.com\/wp-content\/uploads\/2025\/07\/DHF-4.webp 1280w, http:\/\/fenster-discount.com\/wp-content\/uploads\/2025\/07\/DHF-4-300x225.webp 300w, http:\/\/fenster-discount.com\/wp-content\/uploads\/2025\/07\/DHF-4-1024x768.webp 1024w, http:\/\/fenster-discount.com\/wp-content\/uploads\/2025\/07\/DHF-4-768x576.webp 768w\" sizes=\"(max-width: 1280px) 100vw, 1280px\" \/><\/a>\n\t\t\t<\/div><\/figure>\n\t\t<\/div>\n\t\t<\/div>\n\t\t\t\t\t\t<\/div>\n\t\t\t\t\t<\/div>\n\t\t\t\t<\/div>\n\t\t\t\t<\/div>","protected":false},"excerpt":{"rendered":"<p>MULTI-FUNCTIONAL BUILDING Comprehensive In-House Capabilities Advanced Technology &#038; Innovation Quality-Driven &#038; Client-Focused Sustainable &#038; Future-Ready Approach The Multi-functional building is a state of the art mixed-use development that integrates commercial spaces and residential units within a sleek, modern architectural framework. The project reflects a sophisticated approach to design, sustainability, and occupant comfort. The building\u2019s exterior showcases a striking glass fa\u00e7ade, seamlessly combined with a ventilated ceramic fa\u00e7ade system that enhances thermal performance, durability, and aesthetic appeal. The ventilated ceramic cladding offers excellent weather protection while contributing to a distinctive and contemporary look. Supporting the glass fa\u00e7ade is the reliable and energy-efficient ALUMIL SMARTIA M6 curtain wall system, providing superior insulation and structural integrity. To facilitate access and fluid movement between indoor and outdoor environments, the building is equipped with advanced ALUMIL SMARTIA sliding systems (M650 and S700), offering smooth operation and enhanced functionality. The residential and commercial units feature high-quality PVC windows from Profine Aluclip, known for their energy efficiency, durability, and modern design. Complementing these are PVC sliding doors by Premidoor, which maximize natural light and ventilation while maintaining tight thermal insulation. Safety and style are paramount, with elegant glass railings installed on balconies and terraces, promoting unobstructed views and adding a minimalist design element. To ensure privacy and control over sunlight, the building incorporates Z90 Jalousine shutters, which are both functional and visually integrated into the fa\u00e7ade. The entire glazing system utilizes premium GUARDIAN Glass, recognized for its clarity, thermal performance, and robustness, supporting the building\u2019s overall sustainability goals. This combination of innovative materials and systems results in a dynamic and versatile building, offering comfortable living spaces and efficient commercial areas.<\/p>","protected":false},"author":1,"featured_media":0,"parent":0,"menu_order":0,"comment_status":"closed","ping_status":"closed","template":"elementor_canvas","meta":{"site-sidebar-layout":"default","site-content-layout":"","ast-site-content-layout":"default","site-content-style":"default","site-sidebar-style":"default","ast-global-header-display":"","ast-banner-title-visibility":"","ast-main-header-display":"","ast-hfb-above-header-display":"","ast-hfb-below-header-display":"","ast-hfb-mobile-header-display":"","site-post-title":"","ast-breadcrumbs-content":"","ast-featured-img":"","footer-sml-layout":"","theme-transparent-header-meta":"","adv-header-id-meta":"","stick-header-meta":"","header-above-stick-meta":"","header-main-stick-meta":"","header-below-stick-meta":"","astra-migrate-meta-layouts":"default","ast-page-background-enabled":"default","ast-page-background-meta":{"desktop":{"background-color":"var(--ast-global-color-5)","background-image":"","background-repeat":"repeat","background-position":"center center","background-size":"auto","background-attachment":"scroll","background-type":"","background-media":"","overlay-type":"","overlay-color":"","overlay-opacity":"","overlay-gradient":""},"tablet":{"background-color":"","background-image":"","background-repeat":"repeat","background-position":"center center","background-size":"auto","background-attachment":"scroll","background-type":"","background-media":"","overlay-type":"","overlay-color":"","overlay-opacity":"","overlay-gradient":""},"mobile":{"background-color":"","background-image":"","background-repeat":"repeat","background-position":"center center","background-size":"auto","background-attachment":"scroll","background-type":"","background-media":"","overlay-type":"","overlay-color":"","overlay-opacity":"","overlay-gradient":""}},"ast-content-background-meta":{"desktop":{"background-color":"var(--ast-global-color-4)","background-image":"","background-repeat":"repeat","background-position":"center center","background-size":"auto","background-attachment":"scroll","background-type":"","background-media":"","overlay-type":"","overlay-color":"","overlay-opacity":"","overlay-gradient":""},"tablet":{"background-color":"var(--ast-global-color-4)","background-image":"","background-repeat":"repeat","background-position":"center center","background-size":"auto","background-attachment":"scroll","background-type":"","background-media":"","overlay-type":"","overlay-color":"","overlay-opacity":"","overlay-gradient":""},"mobile":{"background-color":"var(--ast-global-color-4)","background-image":"","background-repeat":"repeat","background-position":"center center","background-size":"auto","background-attachment":"scroll","background-type":"","background-media":"","overlay-type":"","overlay-color":"","overlay-opacity":"","overlay-gradient":""}},"footnotes":""},"class_list":["post-882","page","type-page","status-publish","hentry"],"_links":{"self":[{"href":"http:\/\/fenster-discount.com\/de\/wp-json\/wp\/v2\/pages\/882","targetHints":{"allow":["GET"]}}],"collection":[{"href":"http:\/\/fenster-discount.com\/de\/wp-json\/wp\/v2\/pages"}],"about":[{"href":"http:\/\/fenster-discount.com\/de\/wp-json\/wp\/v2\/types\/page"}],"author":[{"embeddable":true,"href":"http:\/\/fenster-discount.com\/de\/wp-json\/wp\/v2\/users\/1"}],"replies":[{"embeddable":true,"href":"http:\/\/fenster-discount.com\/de\/wp-json\/wp\/v2\/comments?post=882"}],"version-history":[{"count":0,"href":"http:\/\/fenster-discount.com\/de\/wp-json\/wp\/v2\/pages\/882\/revisions"}],"wp:attachment":[{"href":"http:\/\/fenster-discount.com\/de\/wp-json\/wp\/v2\/media?parent=882"}],"curies":[{"name":"wp","href":"https:\/\/api.w.org\/{rel}","templated":true}]}}