{"id":890,"date":"2025-07-12T22:35:58","date_gmt":"2025-07-12T22:35:58","guid":{"rendered":"http:\/\/ginz.local\/?page_id=890"},"modified":"2025-07-25T10:57:21","modified_gmt":"2025-07-25T10:57:21","slug":"hotel-facility2","status":"publish","type":"page","link":"http:\/\/fenster-discount.com\/de\/hotel-facility2\/","title":{"rendered":"Hoteleinrichtung"},"content":{"rendered":"<div data-elementor-type=\"wp-page\" data-elementor-id=\"890\" class=\"elementor elementor-890\" data-elementor-settings=\"{&quot;ha_cmc_init_switcher&quot;:&quot;no&quot;}\">\n\t\t\t\t<div class=\"elementor-element elementor-element-a16ecb8 e-flex e-con-boxed wpr-particle-no wpr-jarallax-no wpr-parallax-no wpr-sticky-section-no e-con e-parent\" data-id=\"a16ecb8\" data-element_type=\"container\" data-settings=\"{&quot;_ha_eqh_enable&quot;:false}\">\n\t\t\t\t\t<div class=\"e-con-inner\">\n\t\t<div class=\"elementor-element elementor-element-2ca4e05 e-con-full e-flex wpr-particle-no wpr-jarallax-no wpr-parallax-no wpr-sticky-section-no e-con e-child\" data-id=\"2ca4e05\" data-element_type=\"container\" data-settings=\"{&quot;_ha_eqh_enable&quot;:false}\">\n\t\t\t\t<div class=\"elementor-element elementor-element-27dd82f exad-sticky-section-no exad-glass-effect-no elementor-widget elementor-widget-heading\" data-id=\"27dd82f\" data-element_type=\"widget\" data-widget_type=\"heading.default\">\n\t\t\t\t\t<h3 class=\"elementor-heading-title elementor-size-default\">HOTEL-Einrichtung<\/h3>\t\t\t\t<\/div>\n\t\t\t\t<\/div>\n\t\t<div class=\"elementor-element elementor-element-2784f9d e-con-full e-flex wpr-particle-no wpr-jarallax-no wpr-parallax-no wpr-sticky-section-no e-con e-child\" data-id=\"2784f9d\" data-element_type=\"container\" data-settings=\"{&quot;_ha_eqh_enable&quot;:false}\">\n\t\t\t\t<\/div>\n\t\t\t\t\t<\/div>\n\t\t\t\t<\/div>\n\t\t<div class=\"elementor-element elementor-element-1248584 e-flex e-con-boxed wpr-particle-no wpr-jarallax-no wpr-parallax-no wpr-sticky-section-no e-con e-parent\" data-id=\"1248584\" data-element_type=\"container\" data-settings=\"{&quot;_ha_eqh_enable&quot;:false}\">\n\t\t\t\t\t<div class=\"e-con-inner\">\n\t\t<div class=\"elementor-element elementor-element-0e4499b e-con-full e-flex wpr-particle-no wpr-jarallax-no wpr-parallax-no wpr-sticky-section-no e-con e-child\" data-id=\"0e4499b\" data-element_type=\"container\" data-settings=\"{&quot;_ha_eqh_enable&quot;:false}\">\n\t\t\t\t<div class=\"elementor-element elementor-element-37ef23e elementor-icon-list--layout-traditional elementor-list-item-link-full_width exad-sticky-section-no exad-glass-effect-no elementor-widget elementor-widget-icon-list\" data-id=\"37ef23e\" data-element_type=\"widget\" data-widget_type=\"icon-list.default\">\n\t\t\t\t\t\t\t<ul class=\"elementor-icon-list-items\">\n\t\t\t\t\t\t\t<li class=\"elementor-icon-list-item\">\n\t\t\t\t\t\t\t\t\t\t\t<span class=\"elementor-icon-list-icon\">\n\t\t\t\t\t\t\t<svg aria-hidden=\"true\" class=\"e-font-icon-svg e-fas-check\" viewbox=\"0 0 512 512\" xmlns=\"http:\/\/www.w3.org\/2000\/svg\"><path d=\"M173.898 439.404l-166.4-166.4c-9.997-9.997-9.997-26.206 0-36.204l36.203-36.204c9.997-9.998 26.207-9.998 36.204 0L192 312.69 432.095 72.596c9.997-9.997 26.207-9.997 36.204 0l36.203 36.204c9.997 9.997 9.997 26.206 0 36.204l-294.4 294.401c-9.998 9.997-26.207 9.997-36.204-.001z\"><\/path><\/svg>\t\t\t\t\t\t<\/span>\n\t\t\t\t\t\t\t\t\t\t<span class=\"elementor-icon-list-text\">Umfassende In-House-F\u00e4higkeiten<\/span>\n\t\t\t\t\t\t\t\t\t<\/li>\n\t\t\t\t\t\t\t\t<li class=\"elementor-icon-list-item\">\n\t\t\t\t\t\t\t\t\t\t\t<span class=\"elementor-icon-list-icon\">\n\t\t\t\t\t\t\t<svg aria-hidden=\"true\" class=\"e-font-icon-svg e-fas-check\" viewbox=\"0 0 512 512\" xmlns=\"http:\/\/www.w3.org\/2000\/svg\"><path d=\"M173.898 439.404l-166.4-166.4c-9.997-9.997-9.997-26.206 0-36.204l36.203-36.204c9.997-9.998 26.207-9.998 36.204 0L192 312.69 432.095 72.596c9.997-9.997 26.207-9.997 36.204 0l36.203 36.204c9.997 9.997 9.997 26.206 0 36.204l-294.4 294.401c-9.998 9.997-26.207 9.997-36.204-.001z\"><\/path><\/svg>\t\t\t\t\t\t<\/span>\n\t\t\t\t\t\t\t\t\t\t<span class=\"elementor-icon-list-text\">Fortschrittliche Technologie &amp; Innovation<\/span>\n\t\t\t\t\t\t\t\t\t<\/li>\n\t\t\t\t\t\t\t\t<li class=\"elementor-icon-list-item\">\n\t\t\t\t\t\t\t\t\t\t\t<span class=\"elementor-icon-list-icon\">\n\t\t\t\t\t\t\t<svg aria-hidden=\"true\" class=\"e-font-icon-svg e-fas-check\" viewbox=\"0 0 512 512\" xmlns=\"http:\/\/www.w3.org\/2000\/svg\"><path d=\"M173.898 439.404l-166.4-166.4c-9.997-9.997-9.997-26.206 0-36.204l36.203-36.204c9.997-9.998 26.207-9.998 36.204 0L192 312.69 432.095 72.596c9.997-9.997 26.207-9.997 36.204 0l36.203 36.204c9.997 9.997 9.997 26.206 0 36.204l-294.4 294.401c-9.998 9.997-26.207 9.997-36.204-.001z\"><\/path><\/svg>\t\t\t\t\t\t<\/span>\n\t\t\t\t\t\t\t\t\t\t<span class=\"elementor-icon-list-text\">Qualit\u00e4tsorientiert &amp; kundenfokussiert<\/span>\n\t\t\t\t\t\t\t\t\t<\/li>\n\t\t\t\t\t\t\t\t<li class=\"elementor-icon-list-item\">\n\t\t\t\t\t\t\t\t\t\t\t<span class=\"elementor-icon-list-icon\">\n\t\t\t\t\t\t\t<svg aria-hidden=\"true\" class=\"e-font-icon-svg e-fas-check\" viewbox=\"0 0 512 512\" xmlns=\"http:\/\/www.w3.org\/2000\/svg\"><path d=\"M173.898 439.404l-166.4-166.4c-9.997-9.997-9.997-26.206 0-36.204l36.203-36.204c9.997-9.998 26.207-9.998 36.204 0L192 312.69 432.095 72.596c9.997-9.997 26.207-9.997 36.204 0l36.203 36.204c9.997 9.997 9.997 26.206 0 36.204l-294.4 294.401c-9.998 9.997-26.207 9.997-36.204-.001z\"><\/path><\/svg>\t\t\t\t\t\t<\/span>\n\t\t\t\t\t\t\t\t\t\t<span class=\"elementor-icon-list-text\">Nachhaltiger &amp; zukunftsf\u00e4higer Ansatz<\/span>\n\t\t\t\t\t\t\t\t\t<\/li>\n\t\t\t\t\t\t<\/ul>\n\t\t\t\t\t\t<\/div>\n\t\t\t\t<\/div>\n\t\t<div class=\"elementor-element elementor-element-fafa7eb e-con-full e-flex wpr-particle-no wpr-jarallax-no wpr-parallax-no wpr-sticky-section-no e-con e-child\" data-id=\"fafa7eb\" data-element_type=\"container\" data-settings=\"{&quot;_ha_eqh_enable&quot;:false}\">\n\t\t\t\t<div class=\"elementor-element elementor-element-3afd2a2 exad-sticky-section-no exad-glass-effect-no elementor-widget elementor-widget-image\" data-id=\"3afd2a2\" data-element_type=\"widget\" data-widget_type=\"image.default\">\n\t\t\t\t\t\t\t\t\t\t\t\t\t\t\t<img fetchpriority=\"high\" decoding=\"async\" width=\"1024\" height=\"682\" src=\"https:\/\/fenster-discount.com\/wp-content\/uploads\/2025\/07\/Trofta2-1024x682.webp\" class=\"attachment-large size-large wp-image-1302\" alt=\"\" srcset=\"https:\/\/fenster-discount.com\/wp-content\/uploads\/2025\/07\/Trofta2-1024x682.webp 1024w, https:\/\/fenster-discount.com\/wp-content\/uploads\/2025\/07\/Trofta2-300x200.webp 300w, https:\/\/fenster-discount.com\/wp-content\/uploads\/2025\/07\/Trofta2-768x511.webp 768w, https:\/\/fenster-discount.com\/wp-content\/uploads\/2025\/07\/Trofta2.webp 1280w\" sizes=\"(max-width: 1024px) 100vw, 1024px\" \/>\t\t\t\t\t\t\t\t\t\t\t\t\t\t\t<\/div>\n\t\t\t\t<div class=\"elementor-element elementor-element-2e281d9 exad-sticky-section-no exad-glass-effect-no elementor-widget elementor-widget-text-editor\" data-id=\"2e281d9\" data-element_type=\"widget\" data-widget_type=\"text-editor.default\">\n\t\t\t\t\t\t\t\t\t<p><span style=\"font-weight: 400;\">Dieses Hotel stellt eine harmonische Mischung aus zeitgen\u00f6ssischem Design und fortschrittlicher architektonischer Funktionalit\u00e4t dar. Das Hotel wurde konzipiert, um seinen G\u00e4sten ein gehobenes Erlebnis zu bieten und gleichzeitig den h\u00f6chsten Baustandards und der modernen \u00c4sthetik gerecht zu werden.<\/span><\/p><p><span style=\"font-weight: 400;\">Fassade und Au\u00dfenkonstruktion<\/span><\/p><p><span style=\"font-weight: 400;\">Die Au\u00dfenfassade des Hotels ist mit dem hinterl\u00fcfteten Fassadensystem REIDER verkleidet, das nicht nur ein elegantes und modernes Erscheinungsbild bietet, sondern auch eine hohe W\u00e4rmed\u00e4mmung und Witterungsbest\u00e4ndigkeit gew\u00e4hrleistet. Dieses hinterl\u00fcftete Fassadensystem verbessert die Energieeffizienz und verl\u00e4ngert die Lebensdauer des Geb\u00e4udes.<\/span><\/p><p><span style=\"font-weight: 400;\">Die Fassade wird durch das ALUMIL SMARTIA M6-System gest\u00fctzt, eine moderne Vorhangfassadenl\u00f6sung, die hervorragende strukturelle Stabilit\u00e4t, fortschrittliche W\u00e4rme- und Schalld\u00e4mmung sowie gro\u00dfe Gestaltungsflexibilit\u00e4t bietet.<\/span><\/p><p><span style=\"font-weight: 400;\">Innenr\u00e4ume und Funktionalit\u00e4t<\/span><\/p><p><span style=\"font-weight: 400;\">Der Hotelinnenraum ist mit SCH\u00dcCO IW40 B\u00fcrotrennw\u00e4nden intelligent unterteilt. Diese erm\u00f6glichen eine funktionale Raumtrennung, ohne das Gef\u00fchl von Offenheit zu verlieren. Diese Trennw\u00e4nde eignen sich ideal f\u00fcr Umgebungen mit hohen akustischen und visuellen Leistungsanforderungen.<\/span><\/p><p><span style=\"font-weight: 400;\">Um die nat\u00fcrliche Beleuchtung und Transparenz zu verbessern, wurde GUARDIAN-Glas verwendet \u2013 hochwertiges Architekturglas, das modernen Sicherheits- und D\u00e4mmstandards entspricht. Diese L\u00f6sung verbessert den Komfort im Innenbereich, indem sie viel nat\u00fcrliches Licht hereinl\u00e4sst und gleichzeitig W\u00e4rme- und UV-Schutz bietet.<\/span><\/p><p><span style=\"font-weight: 400;\">Zug\u00e4nglichkeit und Automatisierung<\/span><\/p><p><span style=\"font-weight: 400;\">F\u00fcr Bewegungsfreiheit und sicheren Zugang sind die Ein- und Ausg\u00e4nge des Hotels mit GEZE Sensort\u00fcren ausgestattet. Dabei handelt es sich um automatische T\u00fcren mit Sensoren, die den Nutzern hohe Funktionalit\u00e4t und Sicherheit bieten. Diese T\u00fcren sind so konzipiert, dass sie reibungslos, schnell und f\u00fcr alle Nutzer zug\u00e4nglich sind, auch f\u00fcr Menschen mit Behinderungen.<\/span><\/p>\t\t\t\t\t\t\t\t<\/div>\n\t\t\t\t<\/div>\n\t\t\t\t\t<\/div>\n\t\t\t\t<\/div>\n\t\t<div class=\"elementor-element elementor-element-b0210e5 e-flex e-con-boxed wpr-particle-no wpr-jarallax-no wpr-parallax-no wpr-sticky-section-no e-con e-parent\" data-id=\"b0210e5\" data-element_type=\"container\" data-settings=\"{&quot;_ha_eqh_enable&quot;:false}\">\n\t\t\t\t\t<div class=\"e-con-inner\">\n\t\t\t\t<div class=\"elementor-element elementor-element-59b631d gallery-spacing-custom exad-sticky-section-no exad-glass-effect-no elementor-widget elementor-widget-image-gallery\" data-id=\"59b631d\" data-element_type=\"widget\" data-widget_type=\"image-gallery.default\">\n\t\t\t\t\t\t\t<div class=\"elementor-image-gallery\">\n\t\t\t<div id='gallery-1' class='gallery galleryid-890 gallery-columns-3 gallery-size-full'><figure class='gallery-item'>\n\t\t\t<div class='gallery-icon landscape'>\n\t\t\t\t<a data-elementor-open-lightbox=\"yes\" data-elementor-lightbox-slideshow=\"59b631d\" data-elementor-lightbox-title=\"Trofta5\" data-e-action-hash=\"#elementor-action%3Aaction%3Dlightbox%26settings%3DeyJpZCI6MTMwMSwidXJsIjoiaHR0cHM6XC9cL2ZlbnN0ZXItZGlzY291bnQuY29tXC93cC1jb250ZW50XC91cGxvYWRzXC8yMDI1XC8wN1wvVHJvZnRhNS53ZWJwIiwic2xpZGVzaG93IjoiNTliNjMxZCJ9\" href='https:\/\/fenster-discount.com\/wp-content\/uploads\/2025\/07\/Trofta5.webp'><img decoding=\"async\" width=\"1024\" height=\"767\" src=\"https:\/\/fenster-discount.com\/wp-content\/uploads\/2025\/07\/Trofta5.webp\" class=\"attachment-full size-full\" alt=\"\" srcset=\"https:\/\/fenster-discount.com\/wp-content\/uploads\/2025\/07\/Trofta5.webp 1024w, https:\/\/fenster-discount.com\/wp-content\/uploads\/2025\/07\/Trofta5-300x225.webp 300w, https:\/\/fenster-discount.com\/wp-content\/uploads\/2025\/07\/Trofta5-768x575.webp 768w\" sizes=\"(max-width: 1024px) 100vw, 1024px\" \/><\/a>\n\t\t\t<\/div><\/figure><figure class='gallery-item'>\n\t\t\t<div class='gallery-icon landscape'>\n\t\t\t\t<a data-elementor-open-lightbox=\"yes\" data-elementor-lightbox-slideshow=\"59b631d\" data-elementor-lightbox-title=\"Trofta3\" data-e-action-hash=\"#elementor-action%3Aaction%3Dlightbox%26settings%3DeyJpZCI6ODk0LCJ1cmwiOiJodHRwczpcL1wvZmVuc3Rlci1kaXNjb3VudC5jb21cL3dwLWNvbnRlbnRcL3VwbG9hZHNcLzIwMjVcLzA3XC9Ucm9mdGEzLmpwZWciLCJzbGlkZXNob3ciOiI1OWI2MzFkIn0%3D\" href='https:\/\/fenster-discount.com\/wp-content\/uploads\/2025\/07\/Trofta3.jpeg'><img decoding=\"async\" width=\"1280\" height=\"960\" src=\"https:\/\/fenster-discount.com\/wp-content\/uploads\/2025\/07\/Trofta3.jpeg\" class=\"attachment-full size-full\" alt=\"\" srcset=\"https:\/\/fenster-discount.com\/wp-content\/uploads\/2025\/07\/Trofta3.jpeg 1280w, https:\/\/fenster-discount.com\/wp-content\/uploads\/2025\/07\/Trofta3-300x225.jpeg 300w, https:\/\/fenster-discount.com\/wp-content\/uploads\/2025\/07\/Trofta3-1024x768.jpeg 1024w, https:\/\/fenster-discount.com\/wp-content\/uploads\/2025\/07\/Trofta3-768x576.jpeg 768w\" sizes=\"(max-width: 1280px) 100vw, 1280px\" \/><\/a>\n\t\t\t<\/div><\/figure><figure class='gallery-item'>\n\t\t\t<div class='gallery-icon landscape'>\n\t\t\t\t<a data-elementor-open-lightbox=\"yes\" data-elementor-lightbox-slideshow=\"59b631d\" data-elementor-lightbox-title=\"Trofta2\" data-e-action-hash=\"#elementor-action%3Aaction%3Dlightbox%26settings%3DeyJpZCI6MTMwMiwidXJsIjoiaHR0cHM6XC9cL2ZlbnN0ZXItZGlzY291bnQuY29tXC93cC1jb250ZW50XC91cGxvYWRzXC8yMDI1XC8wN1wvVHJvZnRhMi53ZWJwIiwic2xpZGVzaG93IjoiNTliNjMxZCJ9\" href='https:\/\/fenster-discount.com\/wp-content\/uploads\/2025\/07\/Trofta2.webp'><img loading=\"lazy\" decoding=\"async\" width=\"1280\" height=\"852\" src=\"https:\/\/fenster-discount.com\/wp-content\/uploads\/2025\/07\/Trofta2.webp\" class=\"attachment-full size-full\" alt=\"\" srcset=\"https:\/\/fenster-discount.com\/wp-content\/uploads\/2025\/07\/Trofta2.webp 1280w, https:\/\/fenster-discount.com\/wp-content\/uploads\/2025\/07\/Trofta2-300x200.webp 300w, https:\/\/fenster-discount.com\/wp-content\/uploads\/2025\/07\/Trofta2-1024x682.webp 1024w, https:\/\/fenster-discount.com\/wp-content\/uploads\/2025\/07\/Trofta2-768x511.webp 768w\" sizes=\"(max-width: 1280px) 100vw, 1280px\" \/><\/a>\n\t\t\t<\/div><\/figure><figure class='gallery-item'>\n\t\t\t<div class='gallery-icon portrait'>\n\t\t\t\t<a data-elementor-open-lightbox=\"yes\" data-elementor-lightbox-slideshow=\"59b631d\" data-elementor-lightbox-title=\"Trofta4 (1)\" data-e-action-hash=\"#elementor-action%3Aaction%3Dlightbox%26settings%3DeyJpZCI6MTQyNiwidXJsIjoiaHR0cHM6XC9cL2ZlbnN0ZXItZGlzY291bnQuY29tXC93cC1jb250ZW50XC91cGxvYWRzXC8yMDI1XC8wN1wvVHJvZnRhNC0xLmpwZWciLCJzbGlkZXNob3ciOiI1OWI2MzFkIn0%3D\" href='https:\/\/fenster-discount.com\/wp-content\/uploads\/2025\/07\/Trofta4-1.jpeg'><img loading=\"lazy\" decoding=\"async\" width=\"720\" height=\"960\" src=\"https:\/\/fenster-discount.com\/wp-content\/uploads\/2025\/07\/Trofta4-1.jpeg\" class=\"attachment-full size-full\" alt=\"\" srcset=\"https:\/\/fenster-discount.com\/wp-content\/uploads\/2025\/07\/Trofta4-1.jpeg 720w, https:\/\/fenster-discount.com\/wp-content\/uploads\/2025\/07\/Trofta4-1-225x300.jpeg 225w\" sizes=\"(max-width: 720px) 100vw, 720px\" \/><\/a>\n\t\t\t<\/div><\/figure><figure class='gallery-item'>\n\t\t\t<div class='gallery-icon portrait'>\n\t\t\t\t<a data-elementor-open-lightbox=\"yes\" data-elementor-lightbox-slideshow=\"59b631d\" data-elementor-lightbox-title=\"Trofta1\" data-e-action-hash=\"#elementor-action%3Aaction%3Dlightbox%26settings%3DeyJpZCI6MTMwMCwidXJsIjoiaHR0cHM6XC9cL2ZlbnN0ZXItZGlzY291bnQuY29tXC93cC1jb250ZW50XC91cGxvYWRzXC8yMDI1XC8wN1wvVHJvZnRhMS53ZWJwIiwic2xpZGVzaG93IjoiNTliNjMxZCJ9\" href='https:\/\/fenster-discount.com\/wp-content\/uploads\/2025\/07\/Trofta1.webp'><img loading=\"lazy\" decoding=\"async\" width=\"588\" height=\"1008\" src=\"https:\/\/fenster-discount.com\/wp-content\/uploads\/2025\/07\/Trofta1.webp\" class=\"attachment-full size-full\" alt=\"\" srcset=\"https:\/\/fenster-discount.com\/wp-content\/uploads\/2025\/07\/Trofta1.webp 588w, https:\/\/fenster-discount.com\/wp-content\/uploads\/2025\/07\/Trofta1-175x300.webp 175w\" sizes=\"(max-width: 588px) 100vw, 588px\" \/><\/a>\n\t\t\t<\/div><\/figure>\n\t\t<\/div>\n\t\t<\/div>\n\t\t\t\t\t\t<\/div>\n\t\t\t\t\t<\/div>\n\t\t\t\t<\/div>\n\t\t\t\t<\/div>","protected":false},"excerpt":{"rendered":"<p>HOTEL Facility Comprehensive In-House Capabilities Advanced Technology &#038; Innovation Quality-Driven &#038; Client-Focused Sustainable &#038; Future-Ready Approach This Hotel represents a harmonious blend of contemporary design and advanced architectural functionality. This hotel was conceived to offer a refined experience for guests while adhering to the highest standards of construction and modern aesthetics. Facade and Exterior Structure The exterior of the hotel is clad with the REIDER Ventilated Facade system, which not only provides a sleek and modern appearance but also ensures high thermal insulation performance and durability against weather conditions. This ventilated facade system improves energy efficiency and extends the building\u2019s lifespan. Supporting the facade is the ALUMIL SMARTIA M6 system, a modern curtain wall solution that offers excellent structural stability, advanced thermal and acoustic insulation, and great design flexibility. Interior Spaces and Functionality The hotel\u2019s interior is smartly divided using SCH\u00dcCO IW40 Office Partitions, allowing functional separation of space without losing the sense of openness. These partitions are ideal for environments with high acoustic and visual performance requirements. To enhance natural lighting and transparency, GUARDIAN Glass has been used \u2014 high-quality architectural glass that meets modern safety and insulation standards. This solution improves indoor comfort by allowing abundant natural light while also offering thermal and UV protection. Accessibility and Automation For ease of movement and secure access, the hotel entrances and exits are equipped with GEZE Sensor Doors, automatic doors with sensors that provide high functionality and safety for users. These doors are designed to be smooth, fast, and accessible for all types of users, including people with disabilities.<\/p>","protected":false},"author":1,"featured_media":0,"parent":0,"menu_order":0,"comment_status":"closed","ping_status":"closed","template":"elementor_canvas","meta":{"site-sidebar-layout":"default","site-content-layout":"","ast-site-content-layout":"default","site-content-style":"default","site-sidebar-style":"default","ast-global-header-display":"","ast-banner-title-visibility":"","ast-main-header-display":"","ast-hfb-above-header-display":"","ast-hfb-below-header-display":"","ast-hfb-mobile-header-display":"","site-post-title":"","ast-breadcrumbs-content":"","ast-featured-img":"","footer-sml-layout":"","theme-transparent-header-meta":"","adv-header-id-meta":"","stick-header-meta":"","header-above-stick-meta":"","header-main-stick-meta":"","header-below-stick-meta":"","astra-migrate-meta-layouts":"default","ast-page-background-enabled":"default","ast-page-background-meta":{"desktop":{"background-color":"var(--ast-global-color-5)","background-image":"","background-repeat":"repeat","background-position":"center center","background-size":"auto","background-attachment":"scroll","background-type":"","background-media":"","overlay-type":"","overlay-color":"","overlay-opacity":"","overlay-gradient":""},"tablet":{"background-color":"","background-image":"","background-repeat":"repeat","background-position":"center center","background-size":"auto","background-attachment":"scroll","background-type":"","background-media":"","overlay-type":"","overlay-color":"","overlay-opacity":"","overlay-gradient":""},"mobile":{"background-color":"","background-image":"","background-repeat":"repeat","background-position":"center center","background-size":"auto","background-attachment":"scroll","background-type":"","background-media":"","overlay-type":"","overlay-color":"","overlay-opacity":"","overlay-gradient":""}},"ast-content-background-meta":{"desktop":{"background-color":"var(--ast-global-color-4)","background-image":"","background-repeat":"repeat","background-position":"center center","background-size":"auto","background-attachment":"scroll","background-type":"","background-media":"","overlay-type":"","overlay-color":"","overlay-opacity":"","overlay-gradient":""},"tablet":{"background-color":"var(--ast-global-color-4)","background-image":"","background-repeat":"repeat","background-position":"center center","background-size":"auto","background-attachment":"scroll","background-type":"","background-media":"","overlay-type":"","overlay-color":"","overlay-opacity":"","overlay-gradient":""},"mobile":{"background-color":"var(--ast-global-color-4)","background-image":"","background-repeat":"repeat","background-position":"center center","background-size":"auto","background-attachment":"scroll","background-type":"","background-media":"","overlay-type":"","overlay-color":"","overlay-opacity":"","overlay-gradient":""}},"footnotes":""},"class_list":["post-890","page","type-page","status-publish","hentry"],"_links":{"self":[{"href":"http:\/\/fenster-discount.com\/de\/wp-json\/wp\/v2\/pages\/890","targetHints":{"allow":["GET"]}}],"collection":[{"href":"http:\/\/fenster-discount.com\/de\/wp-json\/wp\/v2\/pages"}],"about":[{"href":"http:\/\/fenster-discount.com\/de\/wp-json\/wp\/v2\/types\/page"}],"author":[{"embeddable":true,"href":"http:\/\/fenster-discount.com\/de\/wp-json\/wp\/v2\/users\/1"}],"replies":[{"embeddable":true,"href":"http:\/\/fenster-discount.com\/de\/wp-json\/wp\/v2\/comments?post=890"}],"version-history":[{"count":0,"href":"http:\/\/fenster-discount.com\/de\/wp-json\/wp\/v2\/pages\/890\/revisions"}],"wp:attachment":[{"href":"http:\/\/fenster-discount.com\/de\/wp-json\/wp\/v2\/media?parent=890"}],"curies":[{"name":"wp","href":"https:\/\/api.w.org\/{rel}","templated":true}]}}