{"id":916,"date":"2025-07-12T22:43:56","date_gmt":"2025-07-12T22:43:56","guid":{"rendered":"http:\/\/ginz.local\/?page_id=916"},"modified":"2025-07-25T13:39:04","modified_gmt":"2025-07-25T13:39:04","slug":"individual-villa2","status":"publish","type":"page","link":"http:\/\/fenster-discount.com\/de\/individual-villa2\/","title":{"rendered":"Individuelle Villa"},"content":{"rendered":"<div data-elementor-type=\"wp-page\" data-elementor-id=\"916\" class=\"elementor elementor-916\" data-elementor-settings=\"{&quot;ha_cmc_init_switcher&quot;:&quot;no&quot;}\">\n\t\t\t\t<div class=\"elementor-element elementor-element-a16ecb8 e-flex e-con-boxed wpr-particle-no wpr-jarallax-no wpr-parallax-no wpr-sticky-section-no e-con e-parent\" data-id=\"a16ecb8\" data-element_type=\"container\" data-settings=\"{&quot;_ha_eqh_enable&quot;:false}\">\n\t\t\t\t\t<div class=\"e-con-inner\">\n\t\t<div class=\"elementor-element elementor-element-2ca4e05 e-con-full e-flex wpr-particle-no wpr-jarallax-no wpr-parallax-no wpr-sticky-section-no e-con e-child\" data-id=\"2ca4e05\" data-element_type=\"container\" data-settings=\"{&quot;_ha_eqh_enable&quot;:false}\">\n\t\t\t\t<div class=\"elementor-element elementor-element-27dd82f exad-sticky-section-no exad-glass-effect-no elementor-widget elementor-widget-heading\" data-id=\"27dd82f\" data-element_type=\"widget\" data-widget_type=\"heading.default\">\n\t\t\t\t\t<h3 class=\"elementor-heading-title elementor-size-default\">EINZELVILLA\n<\/h3>\t\t\t\t<\/div>\n\t\t\t\t<\/div>\n\t\t<div class=\"elementor-element elementor-element-2784f9d e-con-full e-flex wpr-particle-no wpr-jarallax-no wpr-parallax-no wpr-sticky-section-no e-con e-child\" data-id=\"2784f9d\" data-element_type=\"container\" data-settings=\"{&quot;_ha_eqh_enable&quot;:false}\">\n\t\t\t\t<\/div>\n\t\t\t\t\t<\/div>\n\t\t\t\t<\/div>\n\t\t<div class=\"elementor-element elementor-element-1248584 e-flex e-con-boxed wpr-particle-no wpr-jarallax-no wpr-parallax-no wpr-sticky-section-no e-con e-parent\" data-id=\"1248584\" data-element_type=\"container\" data-settings=\"{&quot;_ha_eqh_enable&quot;:false}\">\n\t\t\t\t\t<div class=\"e-con-inner\">\n\t\t<div class=\"elementor-element elementor-element-0e4499b e-con-full e-flex wpr-particle-no wpr-jarallax-no wpr-parallax-no wpr-sticky-section-no e-con e-child\" data-id=\"0e4499b\" data-element_type=\"container\" data-settings=\"{&quot;_ha_eqh_enable&quot;:false}\">\n\t\t\t\t<div class=\"elementor-element elementor-element-37ef23e elementor-icon-list--layout-traditional elementor-list-item-link-full_width exad-sticky-section-no exad-glass-effect-no elementor-widget elementor-widget-icon-list\" data-id=\"37ef23e\" data-element_type=\"widget\" data-widget_type=\"icon-list.default\">\n\t\t\t\t\t\t\t<ul class=\"elementor-icon-list-items\">\n\t\t\t\t\t\t\t<li class=\"elementor-icon-list-item\">\n\t\t\t\t\t\t\t\t\t\t\t<span class=\"elementor-icon-list-icon\">\n\t\t\t\t\t\t\t<svg aria-hidden=\"true\" class=\"e-font-icon-svg e-fas-check\" viewbox=\"0 0 512 512\" xmlns=\"http:\/\/www.w3.org\/2000\/svg\"><path d=\"M173.898 439.404l-166.4-166.4c-9.997-9.997-9.997-26.206 0-36.204l36.203-36.204c9.997-9.998 26.207-9.998 36.204 0L192 312.69 432.095 72.596c9.997-9.997 26.207-9.997 36.204 0l36.203 36.204c9.997 9.997 9.997 26.206 0 36.204l-294.4 294.401c-9.998 9.997-26.207 9.997-36.204-.001z\"><\/path><\/svg>\t\t\t\t\t\t<\/span>\n\t\t\t\t\t\t\t\t\t\t<span class=\"elementor-icon-list-text\">Umfassende In-House-F\u00e4higkeiten<\/span>\n\t\t\t\t\t\t\t\t\t<\/li>\n\t\t\t\t\t\t\t\t<li class=\"elementor-icon-list-item\">\n\t\t\t\t\t\t\t\t\t\t\t<span class=\"elementor-icon-list-icon\">\n\t\t\t\t\t\t\t<svg aria-hidden=\"true\" class=\"e-font-icon-svg e-fas-check\" viewbox=\"0 0 512 512\" xmlns=\"http:\/\/www.w3.org\/2000\/svg\"><path d=\"M173.898 439.404l-166.4-166.4c-9.997-9.997-9.997-26.206 0-36.204l36.203-36.204c9.997-9.998 26.207-9.998 36.204 0L192 312.69 432.095 72.596c9.997-9.997 26.207-9.997 36.204 0l36.203 36.204c9.997 9.997 9.997 26.206 0 36.204l-294.4 294.401c-9.998 9.997-26.207 9.997-36.204-.001z\"><\/path><\/svg>\t\t\t\t\t\t<\/span>\n\t\t\t\t\t\t\t\t\t\t<span class=\"elementor-icon-list-text\">Fortschrittliche Technologie &amp; Innovation<\/span>\n\t\t\t\t\t\t\t\t\t<\/li>\n\t\t\t\t\t\t\t\t<li class=\"elementor-icon-list-item\">\n\t\t\t\t\t\t\t\t\t\t\t<span class=\"elementor-icon-list-icon\">\n\t\t\t\t\t\t\t<svg aria-hidden=\"true\" class=\"e-font-icon-svg e-fas-check\" viewbox=\"0 0 512 512\" xmlns=\"http:\/\/www.w3.org\/2000\/svg\"><path d=\"M173.898 439.404l-166.4-166.4c-9.997-9.997-9.997-26.206 0-36.204l36.203-36.204c9.997-9.998 26.207-9.998 36.204 0L192 312.69 432.095 72.596c9.997-9.997 26.207-9.997 36.204 0l36.203 36.204c9.997 9.997 9.997 26.206 0 36.204l-294.4 294.401c-9.998 9.997-26.207 9.997-36.204-.001z\"><\/path><\/svg>\t\t\t\t\t\t<\/span>\n\t\t\t\t\t\t\t\t\t\t<span class=\"elementor-icon-list-text\">Qualit\u00e4tsorientiert &amp; kundenfokussiert<\/span>\n\t\t\t\t\t\t\t\t\t<\/li>\n\t\t\t\t\t\t\t\t<li class=\"elementor-icon-list-item\">\n\t\t\t\t\t\t\t\t\t\t\t<span class=\"elementor-icon-list-icon\">\n\t\t\t\t\t\t\t<svg aria-hidden=\"true\" class=\"e-font-icon-svg e-fas-check\" viewbox=\"0 0 512 512\" xmlns=\"http:\/\/www.w3.org\/2000\/svg\"><path d=\"M173.898 439.404l-166.4-166.4c-9.997-9.997-9.997-26.206 0-36.204l36.203-36.204c9.997-9.998 26.207-9.998 36.204 0L192 312.69 432.095 72.596c9.997-9.997 26.207-9.997 36.204 0l36.203 36.204c9.997 9.997 9.997 26.206 0 36.204l-294.4 294.401c-9.998 9.997-26.207 9.997-36.204-.001z\"><\/path><\/svg>\t\t\t\t\t\t<\/span>\n\t\t\t\t\t\t\t\t\t\t<span class=\"elementor-icon-list-text\">Nachhaltiger &amp; zukunftsf\u00e4higer Ansatz<\/span>\n\t\t\t\t\t\t\t\t\t<\/li>\n\t\t\t\t\t\t<\/ul>\n\t\t\t\t\t\t<\/div>\n\t\t\t\t<\/div>\n\t\t<div class=\"elementor-element elementor-element-fafa7eb e-con-full e-flex wpr-particle-no wpr-jarallax-no wpr-parallax-no wpr-sticky-section-no e-con e-child\" data-id=\"fafa7eb\" data-element_type=\"container\" data-settings=\"{&quot;_ha_eqh_enable&quot;:false}\">\n\t\t\t\t<div class=\"elementor-element elementor-element-3afd2a2 exad-sticky-section-no exad-glass-effect-no elementor-widget elementor-widget-image\" data-id=\"3afd2a2\" data-element_type=\"widget\" data-widget_type=\"image.default\">\n\t\t\t\t\t\t\t\t\t\t\t\t\t\t\t<img fetchpriority=\"high\" decoding=\"async\" width=\"1024\" height=\"768\" src=\"http:\/\/fenster-discount.com\/wp-content\/uploads\/2025\/07\/25-1024x768.webp\" class=\"attachment-large size-large wp-image-1321\" alt=\"\" srcset=\"http:\/\/fenster-discount.com\/wp-content\/uploads\/2025\/07\/25-1024x768.webp 1024w, http:\/\/fenster-discount.com\/wp-content\/uploads\/2025\/07\/25-300x225.webp 300w, http:\/\/fenster-discount.com\/wp-content\/uploads\/2025\/07\/25-768x576.webp 768w, http:\/\/fenster-discount.com\/wp-content\/uploads\/2025\/07\/25.webp 1280w\" sizes=\"(max-width: 1024px) 100vw, 1024px\" \/>\t\t\t\t\t\t\t\t\t\t\t\t\t\t\t<\/div>\n\t\t\t\t<div class=\"elementor-element elementor-element-2e281d9 exad-sticky-section-no exad-glass-effect-no elementor-widget elementor-widget-text-editor\" data-id=\"2e281d9\" data-element_type=\"widget\" data-widget_type=\"text-editor.default\">\n\t\t\t\t\t\t\t\t\t<p><span style=\"font-weight: 400;\">Diese individuelle Villa stellt eine perfekte Mischung aus moderner architektonischer Innovation und Hochleistungsmaterialien dar, die \u00c4sthetik, Komfort und Langlebigkeit bieten. Dieses Wohnprojekt umfasst verschiedene Fenstersysteme der Alumil Supreme-Serie, darunter S77, SD77, SF85 und S700, die aufgrund ihrer hervorragenden W\u00e4rmed\u00e4mmeigenschaften, Schalld\u00e4mmung und ihres eleganten, modernen Designs ausgew\u00e4hlt wurden und so f\u00fcr optimale Energieeffizienz im gesamten Geb\u00e4ude sorgen.<\/span><\/p><p><span style=\"font-weight: 400;\">Die Verwendung von Alumil M8250-Glasgel\u00e4ndern bietet elegante Sicherheitsmerkmale f\u00fcr Balkone und Terrassen und erm\u00f6glicht ungehinderte Sicht bei gleichzeitiger Wahrung der strukturellen Integrit\u00e4t. Das hinterl\u00fcftete Fassadensystem besteht aus hochwertigen Fundermax-Platten, die mit Sika-Klebstoffen sicher befestigt und mit 18 cm dickem Rockwool-Material isoliert sind. Dieses bietet hervorragende W\u00e4rmed\u00e4mmung, Feuerbest\u00e4ndigkeit und Schalld\u00e4mmung, wodurch der Energieverbrauch deutlich gesenkt und der Wohnkomfort erh\u00f6ht wird.<\/span><\/p><p><span style=\"font-weight: 400;\">Um die nat\u00fcrliche Beleuchtung zu optimieren und gleichzeitig die solare W\u00e4rmezufuhr zu kontrollieren, wurde das Verbundglas Guardian Glass Solar Clima Guard VSG integriert, das sowohl Sicherheit als auch Energieeffizienz gew\u00e4hrleistet. F\u00fcr zus\u00e4tzlichen Schatten und Privatsph\u00e4re ist die Villa mit Jalousien Z90 ausgestattet, die eine flexible Lichtsteuerung erm\u00f6glichen und die moderne \u00c4sthetik des Geb\u00e4udes unterstreichen.<\/span><\/p>\t\t\t\t\t\t\t\t<\/div>\n\t\t\t\t<\/div>\n\t\t\t\t\t<\/div>\n\t\t\t\t<\/div>\n\t\t<div class=\"elementor-element elementor-element-0de9564 e-flex e-con-boxed wpr-particle-no wpr-jarallax-no wpr-parallax-no wpr-sticky-section-no e-con e-parent\" data-id=\"0de9564\" data-element_type=\"container\" data-settings=\"{&quot;_ha_eqh_enable&quot;:false}\">\n\t\t\t\t\t<div class=\"e-con-inner\">\n\t\t\t\t<div class=\"elementor-element elementor-element-52ea18d gallery-spacing-custom exad-sticky-section-no exad-glass-effect-no elementor-widget elementor-widget-image-gallery\" data-id=\"52ea18d\" data-element_type=\"widget\" data-widget_type=\"image-gallery.default\">\n\t\t\t\t\t\t\t<div class=\"elementor-image-gallery\">\n\t\t\t<div id='gallery-1' class='gallery galleryid-916 gallery-columns-3 gallery-size-full'><figure class='gallery-item'>\n\t\t\t<div class='gallery-icon landscape'>\n\t\t\t\t<a data-elementor-open-lightbox=\"yes\" data-elementor-lightbox-slideshow=\"52ea18d\" data-elementor-lightbox-title=\"Picture44\" data-e-action-hash=\"#elementor-action%3Aaction%3Dlightbox%26settings%3DeyJpZCI6MTY0OCwidXJsIjoiaHR0cDpcL1wvZmVuc3Rlci1kaXNjb3VudC5jb21cL3dwLWNvbnRlbnRcL3VwbG9hZHNcLzIwMjVcLzA3XC9QaWN0dXJlNDQuanBnIiwic2xpZGVzaG93IjoiNTJlYTE4ZCJ9\" href='http:\/\/fenster-discount.com\/wp-content\/uploads\/2025\/07\/Picture44.jpg'><img decoding=\"async\" width=\"1344\" height=\"865\" src=\"http:\/\/fenster-discount.com\/wp-content\/uploads\/2025\/07\/Picture44.jpg\" class=\"attachment-full size-full\" alt=\"\" srcset=\"http:\/\/fenster-discount.com\/wp-content\/uploads\/2025\/07\/Picture44.jpg 1344w, http:\/\/fenster-discount.com\/wp-content\/uploads\/2025\/07\/Picture44-300x193.jpg 300w, http:\/\/fenster-discount.com\/wp-content\/uploads\/2025\/07\/Picture44-1024x659.jpg 1024w, http:\/\/fenster-discount.com\/wp-content\/uploads\/2025\/07\/Picture44-768x494.jpg 768w\" sizes=\"(max-width: 1344px) 100vw, 1344px\" \/><\/a>\n\t\t\t<\/div><\/figure><figure class='gallery-item'>\n\t\t\t<div class='gallery-icon landscape'>\n\t\t\t\t<a data-elementor-open-lightbox=\"yes\" data-elementor-lightbox-slideshow=\"52ea18d\" data-elementor-lightbox-title=\"5 (3)\" data-e-action-hash=\"#elementor-action%3Aaction%3Dlightbox%26settings%3DeyJpZCI6ODM1LCJ1cmwiOiJodHRwOlwvXC9mZW5zdGVyLWRpc2NvdW50LmNvbVwvd3AtY29udGVudFwvdXBsb2Fkc1wvMjAyNVwvMDdcLzUtMy5qcGVnIiwic2xpZGVzaG93IjoiNTJlYTE4ZCJ9\" href='http:\/\/fenster-discount.com\/wp-content\/uploads\/2025\/07\/5-3.jpeg'><img decoding=\"async\" width=\"1280\" height=\"720\" src=\"http:\/\/fenster-discount.com\/wp-content\/uploads\/2025\/07\/5-3.jpeg\" class=\"attachment-full size-full\" alt=\"\" srcset=\"http:\/\/fenster-discount.com\/wp-content\/uploads\/2025\/07\/5-3.jpeg 1280w, http:\/\/fenster-discount.com\/wp-content\/uploads\/2025\/07\/5-3-300x169.jpeg 300w, http:\/\/fenster-discount.com\/wp-content\/uploads\/2025\/07\/5-3-1024x576.jpeg 1024w, http:\/\/fenster-discount.com\/wp-content\/uploads\/2025\/07\/5-3-768x432.jpeg 768w\" sizes=\"(max-width: 1280px) 100vw, 1280px\" \/><\/a>\n\t\t\t<\/div><\/figure><figure class='gallery-item'>\n\t\t\t<div class='gallery-icon landscape'>\n\t\t\t\t<a data-elementor-open-lightbox=\"yes\" data-elementor-lightbox-slideshow=\"52ea18d\" data-elementor-lightbox-title=\"7(1)\" data-e-action-hash=\"#elementor-action%3Aaction%3Dlightbox%26settings%3DeyJpZCI6MTMyMCwidXJsIjoiaHR0cDpcL1wvZmVuc3Rlci1kaXNjb3VudC5jb21cL3dwLWNvbnRlbnRcL3VwbG9hZHNcLzIwMjVcLzA3XC83MS53ZWJwIiwic2xpZGVzaG93IjoiNTJlYTE4ZCJ9\" href='http:\/\/fenster-discount.com\/wp-content\/uploads\/2025\/07\/71.webp'><img loading=\"lazy\" decoding=\"async\" width=\"1280\" height=\"960\" src=\"http:\/\/fenster-discount.com\/wp-content\/uploads\/2025\/07\/71.webp\" class=\"attachment-full size-full\" alt=\"\" srcset=\"http:\/\/fenster-discount.com\/wp-content\/uploads\/2025\/07\/71.webp 1280w, http:\/\/fenster-discount.com\/wp-content\/uploads\/2025\/07\/71-300x225.webp 300w, http:\/\/fenster-discount.com\/wp-content\/uploads\/2025\/07\/71-1024x768.webp 1024w, http:\/\/fenster-discount.com\/wp-content\/uploads\/2025\/07\/71-768x576.webp 768w\" sizes=\"(max-width: 1280px) 100vw, 1280px\" \/><\/a>\n\t\t\t<\/div><\/figure><figure class='gallery-item'>\n\t\t\t<div class='gallery-icon landscape'>\n\t\t\t\t<a data-elementor-open-lightbox=\"yes\" data-elementor-lightbox-slideshow=\"52ea18d\" data-elementor-lightbox-title=\"6 (3)\" data-e-action-hash=\"#elementor-action%3Aaction%3Dlightbox%26settings%3DeyJpZCI6ODM0LCJ1cmwiOiJodHRwOlwvXC9mZW5zdGVyLWRpc2NvdW50LmNvbVwvd3AtY29udGVudFwvdXBsb2Fkc1wvMjAyNVwvMDdcLzYtMy5qcGVnIiwic2xpZGVzaG93IjoiNTJlYTE4ZCJ9\" href='http:\/\/fenster-discount.com\/wp-content\/uploads\/2025\/07\/6-3.jpeg'><img loading=\"lazy\" decoding=\"async\" width=\"1280\" height=\"960\" src=\"http:\/\/fenster-discount.com\/wp-content\/uploads\/2025\/07\/6-3.jpeg\" class=\"attachment-full size-full\" alt=\"\" srcset=\"http:\/\/fenster-discount.com\/wp-content\/uploads\/2025\/07\/6-3.jpeg 1280w, http:\/\/fenster-discount.com\/wp-content\/uploads\/2025\/07\/6-3-300x225.jpeg 300w, http:\/\/fenster-discount.com\/wp-content\/uploads\/2025\/07\/6-3-1024x768.jpeg 1024w, http:\/\/fenster-discount.com\/wp-content\/uploads\/2025\/07\/6-3-768x576.jpeg 768w\" sizes=\"(max-width: 1280px) 100vw, 1280px\" \/><\/a>\n\t\t\t<\/div><\/figure><figure class='gallery-item'>\n\t\t\t<div class='gallery-icon landscape'>\n\t\t\t\t<a data-elementor-open-lightbox=\"yes\" data-elementor-lightbox-slideshow=\"52ea18d\" data-elementor-lightbox-title=\"Picture47\" data-e-action-hash=\"#elementor-action%3Aaction%3Dlightbox%26settings%3DeyJpZCI6MTY0OSwidXJsIjoiaHR0cDpcL1wvZmVuc3Rlci1kaXNjb3VudC5jb21cL3dwLWNvbnRlbnRcL3VwbG9hZHNcLzIwMjVcLzA3XC9QaWN0dXJlNDcuanBnIiwic2xpZGVzaG93IjoiNTJlYTE4ZCJ9\" href='http:\/\/fenster-discount.com\/wp-content\/uploads\/2025\/07\/Picture47.jpg'><img loading=\"lazy\" decoding=\"async\" width=\"1344\" height=\"1008\" src=\"http:\/\/fenster-discount.com\/wp-content\/uploads\/2025\/07\/Picture47.jpg\" class=\"attachment-full size-full\" alt=\"\" srcset=\"http:\/\/fenster-discount.com\/wp-content\/uploads\/2025\/07\/Picture47.jpg 1344w, http:\/\/fenster-discount.com\/wp-content\/uploads\/2025\/07\/Picture47-300x225.jpg 300w, http:\/\/fenster-discount.com\/wp-content\/uploads\/2025\/07\/Picture47-1024x768.jpg 1024w, http:\/\/fenster-discount.com\/wp-content\/uploads\/2025\/07\/Picture47-768x576.jpg 768w\" sizes=\"(max-width: 1344px) 100vw, 1344px\" \/><\/a>\n\t\t\t<\/div><\/figure><figure class='gallery-item'>\n\t\t\t<div class='gallery-icon landscape'>\n\t\t\t\t<a data-elementor-open-lightbox=\"yes\" data-elementor-lightbox-slideshow=\"52ea18d\" data-elementor-lightbox-title=\"aurora2\" data-e-action-hash=\"#elementor-action%3Aaction%3Dlightbox%26settings%3DeyJpZCI6MTY1MywidXJsIjoiaHR0cDpcL1wvZmVuc3Rlci1kaXNjb3VudC5jb21cL3dwLWNvbnRlbnRcL3VwbG9hZHNcLzIwMjVcLzA3XC9hdXJvcmEyLmpwZyIsInNsaWRlc2hvdyI6IjUyZWExOGQifQ%3D%3D\" href='http:\/\/fenster-discount.com\/wp-content\/uploads\/2025\/07\/aurora2.jpg'><img loading=\"lazy\" decoding=\"async\" width=\"1600\" height=\"1200\" src=\"http:\/\/fenster-discount.com\/wp-content\/uploads\/2025\/07\/aurora2.jpg\" class=\"attachment-full size-full\" alt=\"\" srcset=\"http:\/\/fenster-discount.com\/wp-content\/uploads\/2025\/07\/aurora2.jpg 1600w, http:\/\/fenster-discount.com\/wp-content\/uploads\/2025\/07\/aurora2-300x225.jpg 300w, http:\/\/fenster-discount.com\/wp-content\/uploads\/2025\/07\/aurora2-1024x768.jpg 1024w, http:\/\/fenster-discount.com\/wp-content\/uploads\/2025\/07\/aurora2-768x576.jpg 768w, http:\/\/fenster-discount.com\/wp-content\/uploads\/2025\/07\/aurora2-1536x1152.jpg 1536w\" sizes=\"(max-width: 1600px) 100vw, 1600px\" \/><\/a>\n\t\t\t<\/div><\/figure><figure class='gallery-item'>\n\t\t\t<div class='gallery-icon landscape'>\n\t\t\t\t<a data-elementor-open-lightbox=\"yes\" data-elementor-lightbox-slideshow=\"52ea18d\" data-elementor-lightbox-title=\"aurora\" data-e-action-hash=\"#elementor-action%3Aaction%3Dlightbox%26settings%3DeyJpZCI6MTY1MSwidXJsIjoiaHR0cDpcL1wvZmVuc3Rlci1kaXNjb3VudC5jb21cL3dwLWNvbnRlbnRcL3VwbG9hZHNcLzIwMjVcLzA3XC9hdXJvcmEuanBnIiwic2xpZGVzaG93IjoiNTJlYTE4ZCJ9\" href='http:\/\/fenster-discount.com\/wp-content\/uploads\/2025\/07\/aurora.jpg'><img loading=\"lazy\" decoding=\"async\" width=\"1600\" height=\"1200\" src=\"http:\/\/fenster-discount.com\/wp-content\/uploads\/2025\/07\/aurora.jpg\" class=\"attachment-full size-full\" alt=\"\" srcset=\"http:\/\/fenster-discount.com\/wp-content\/uploads\/2025\/07\/aurora.jpg 1600w, http:\/\/fenster-discount.com\/wp-content\/uploads\/2025\/07\/aurora-300x225.jpg 300w, http:\/\/fenster-discount.com\/wp-content\/uploads\/2025\/07\/aurora-1024x768.jpg 1024w, http:\/\/fenster-discount.com\/wp-content\/uploads\/2025\/07\/aurora-768x576.jpg 768w, http:\/\/fenster-discount.com\/wp-content\/uploads\/2025\/07\/aurora-1536x1152.jpg 1536w\" sizes=\"(max-width: 1600px) 100vw, 1600px\" \/><\/a>\n\t\t\t<\/div><\/figure><figure class='gallery-item'>\n\t\t\t<div class='gallery-icon portrait'>\n\t\t\t\t<a data-elementor-open-lightbox=\"yes\" data-elementor-lightbox-slideshow=\"52ea18d\" data-elementor-lightbox-title=\"WhatsApp Image 2025-07-25 at 15.33.27_797e12ad\" data-e-action-hash=\"#elementor-action%3Aaction%3Dlightbox%26settings%3DeyJpZCI6MjEyNywidXJsIjoiaHR0cDpcL1wvZmVuc3Rlci1kaXNjb3VudC5jb21cL3dwLWNvbnRlbnRcL3VwbG9hZHNcLzIwMjVcLzA3XC9XaGF0c0FwcC1JbWFnZS0yMDI1LTA3LTI1LWF0LTE1LjMzLjI3Xzc5N2UxMmFkLXNjYWxlZC5qcGciLCJzbGlkZXNob3ciOiI1MmVhMThkIn0%3D\" href='http:\/\/fenster-discount.com\/wp-content\/uploads\/2025\/07\/WhatsApp-Image-2025-07-25-at-15.33.27_797e12ad-scaled.jpg'><img loading=\"lazy\" decoding=\"async\" width=\"1920\" height=\"2560\" src=\"http:\/\/fenster-discount.com\/wp-content\/uploads\/2025\/07\/WhatsApp-Image-2025-07-25-at-15.33.27_797e12ad-scaled.jpg\" class=\"attachment-full size-full\" alt=\"\" srcset=\"http:\/\/fenster-discount.com\/wp-content\/uploads\/2025\/07\/WhatsApp-Image-2025-07-25-at-15.33.27_797e12ad-scaled.jpg 1920w, http:\/\/fenster-discount.com\/wp-content\/uploads\/2025\/07\/WhatsApp-Image-2025-07-25-at-15.33.27_797e12ad-225x300.jpg 225w, http:\/\/fenster-discount.com\/wp-content\/uploads\/2025\/07\/WhatsApp-Image-2025-07-25-at-15.33.27_797e12ad-768x1024.jpg 768w, http:\/\/fenster-discount.com\/wp-content\/uploads\/2025\/07\/WhatsApp-Image-2025-07-25-at-15.33.27_797e12ad-1152x1536.jpg 1152w, http:\/\/fenster-discount.com\/wp-content\/uploads\/2025\/07\/WhatsApp-Image-2025-07-25-at-15.33.27_797e12ad-1536x2048.jpg 1536w, http:\/\/fenster-discount.com\/wp-content\/uploads\/2025\/07\/WhatsApp-Image-2025-07-25-at-15.33.27_797e12ad-9x12.jpg 9w\" sizes=\"(max-width: 1920px) 100vw, 1920px\" \/><\/a>\n\t\t\t<\/div><\/figure>\n\t\t<\/div>\n\t\t<\/div>\n\t\t\t\t\t\t<\/div>\n\t\t\t\t\t<\/div>\n\t\t\t\t<\/div>\n\t\t\t\t<\/div>","protected":false},"excerpt":{"rendered":"<p>INDIVIDUELLE VILLA Umfassende interne Kapazit\u00e4ten Fortschrittliche Technologie und Innovation Qualit\u00e4tsorientiert und kundenorientiert Nachhaltiger und zukunftsorientierter Ansatz Diese individuelle Villa stellt eine perfekte Mischung aus moderner architektonischer Innovation und Hochleistungsmaterialien dar, die f\u00fcr \u00c4sthetik, Komfort und lange Haltbarkeit sorgen. Dieses Wohnprojekt umfasst verschiedene Fenstersysteme der Alumil Supreme-Serie, darunter S77, SD77, SF85 und S700, die alle aufgrund ihrer au\u00dfergew\u00f6hnlichen W\u00e4rmed\u00e4mmeigenschaften, Schalld\u00e4mmung und ihres schlanken, modernen Designs ausgew\u00e4hlt wurden und im gesamten Geb\u00e4ude optimale Energieeffizienz gew\u00e4hrleisten. Die Verwendung von Alumil M8250-Glasgel\u00e4ndern bietet elegante Sicherheitsmerkmale f\u00fcr Balkone und Terrassen und erm\u00f6glicht ungehinderte Ausblicke bei gleichzeitiger Wahrung der strukturellen Integrit\u00e4t. Das hinterl\u00fcftete Fassadensystem besteht aus hochwertigen Fundermax-Platten, die sicher mit Sika-Klebstoffen befestigt und mit 18 cm dickem Rockwool-Material isoliert werden, das hervorragende W\u00e4rmed\u00e4mmung, Feuerbest\u00e4ndigkeit und Schalld\u00e4mmung bietet Um die nat\u00fcrliche Beleuchtung zu optimieren und gleichzeitig die solare W\u00e4rmezufuhr zu kontrollieren, wurde das Verbundglas Guardian Glass Solar Clima Guard VSG integriert, das sowohl Sicherheit als auch Energieeffizienz gew\u00e4hrleistet. F\u00fcr zus\u00e4tzlichen Schatten und Privatsph\u00e4re ist die Villa mit Jalousien Z90 ausgestattet, die eine flexible Lichtsteuerung erm\u00f6glichen und die moderne \u00c4sthetik des Geb\u00e4udes unterstreichen.<\/p>","protected":false},"author":1,"featured_media":0,"parent":0,"menu_order":0,"comment_status":"closed","ping_status":"closed","template":"elementor_canvas","meta":{"site-sidebar-layout":"default","site-content-layout":"","ast-site-content-layout":"default","site-content-style":"default","site-sidebar-style":"default","ast-global-header-display":"","ast-banner-title-visibility":"","ast-main-header-display":"","ast-hfb-above-header-display":"","ast-hfb-below-header-display":"","ast-hfb-mobile-header-display":"","site-post-title":"","ast-breadcrumbs-content":"","ast-featured-img":"","footer-sml-layout":"","theme-transparent-header-meta":"","adv-header-id-meta":"","stick-header-meta":"","header-above-stick-meta":"","header-main-stick-meta":"","header-below-stick-meta":"","astra-migrate-meta-layouts":"default","ast-page-background-enabled":"default","ast-page-background-meta":{"desktop":{"background-color":"var(--ast-global-color-5)","background-image":"","background-repeat":"repeat","background-position":"center center","background-size":"auto","background-attachment":"scroll","background-type":"","background-media":"","overlay-type":"","overlay-color":"","overlay-opacity":"","overlay-gradient":""},"tablet":{"background-color":"","background-image":"","background-repeat":"repeat","background-position":"center center","background-size":"auto","background-attachment":"scroll","background-type":"","background-media":"","overlay-type":"","overlay-color":"","overlay-opacity":"","overlay-gradient":""},"mobile":{"background-color":"","background-image":"","background-repeat":"repeat","background-position":"center center","background-size":"auto","background-attachment":"scroll","background-type":"","background-media":"","overlay-type":"","overlay-color":"","overlay-opacity":"","overlay-gradient":""}},"ast-content-background-meta":{"desktop":{"background-color":"var(--ast-global-color-4)","background-image":"","background-repeat":"repeat","background-position":"center center","background-size":"auto","background-attachment":"scroll","background-type":"","background-media":"","overlay-type":"","overlay-color":"","overlay-opacity":"","overlay-gradient":""},"tablet":{"background-color":"var(--ast-global-color-4)","background-image":"","background-repeat":"repeat","background-position":"center center","background-size":"auto","background-attachment":"scroll","background-type":"","background-media":"","overlay-type":"","overlay-color":"","overlay-opacity":"","overlay-gradient":""},"mobile":{"background-color":"var(--ast-global-color-4)","background-image":"","background-repeat":"repeat","background-position":"center center","background-size":"auto","background-attachment":"scroll","background-type":"","background-media":"","overlay-type":"","overlay-color":"","overlay-opacity":"","overlay-gradient":""}},"footnotes":""},"class_list":["post-916","page","type-page","status-publish","hentry"],"_links":{"self":[{"href":"http:\/\/fenster-discount.com\/de\/wp-json\/wp\/v2\/pages\/916","targetHints":{"allow":["GET"]}}],"collection":[{"href":"http:\/\/fenster-discount.com\/de\/wp-json\/wp\/v2\/pages"}],"about":[{"href":"http:\/\/fenster-discount.com\/de\/wp-json\/wp\/v2\/types\/page"}],"author":[{"embeddable":true,"href":"http:\/\/fenster-discount.com\/de\/wp-json\/wp\/v2\/users\/1"}],"replies":[{"embeddable":true,"href":"http:\/\/fenster-discount.com\/de\/wp-json\/wp\/v2\/comments?post=916"}],"version-history":[{"count":0,"href":"http:\/\/fenster-discount.com\/de\/wp-json\/wp\/v2\/pages\/916\/revisions"}],"wp:attachment":[{"href":"http:\/\/fenster-discount.com\/de\/wp-json\/wp\/v2\/media?parent=916"}],"curies":[{"name":"wp","href":"https:\/\/api.w.org\/{rel}","templated":true}]}}