{"id":930,"date":"2025-07-12T22:57:20","date_gmt":"2025-07-12T22:57:20","guid":{"rendered":"http:\/\/ginz.local\/?page_id=930"},"modified":"2025-07-25T12:59:35","modified_gmt":"2025-07-25T12:59:35","slug":"events-hall","status":"publish","type":"page","link":"http:\/\/fenster-discount.com\/de\/events-hall\/","title":{"rendered":"Veranstaltungssaal"},"content":{"rendered":"<div data-elementor-type=\"wp-page\" data-elementor-id=\"930\" class=\"elementor elementor-930\" data-elementor-settings=\"{&quot;ha_cmc_init_switcher&quot;:&quot;no&quot;}\">\n\t\t\t\t<div class=\"elementor-element elementor-element-a16ecb8 e-flex e-con-boxed wpr-particle-no wpr-jarallax-no wpr-parallax-no wpr-sticky-section-no e-con e-parent\" data-id=\"a16ecb8\" data-element_type=\"container\" data-settings=\"{&quot;_ha_eqh_enable&quot;:false}\">\n\t\t\t\t\t<div class=\"e-con-inner\">\n\t\t<div class=\"elementor-element elementor-element-2ca4e05 e-con-full e-flex wpr-particle-no wpr-jarallax-no wpr-parallax-no wpr-sticky-section-no e-con e-child\" data-id=\"2ca4e05\" data-element_type=\"container\" data-settings=\"{&quot;_ha_eqh_enable&quot;:false}\">\n\t\t\t\t<div class=\"elementor-element elementor-element-27dd82f exad-sticky-section-no exad-glass-effect-no elementor-widget elementor-widget-heading\" data-id=\"27dd82f\" data-element_type=\"widget\" data-widget_type=\"heading.default\">\n\t\t\t\t\t<h3 class=\"elementor-heading-title elementor-size-default\">VERANSTALTUNGSSAAL\n<\/h3>\t\t\t\t<\/div>\n\t\t\t\t<\/div>\n\t\t<div class=\"elementor-element elementor-element-2784f9d e-con-full e-flex wpr-particle-no wpr-jarallax-no wpr-parallax-no wpr-sticky-section-no e-con e-child\" data-id=\"2784f9d\" data-element_type=\"container\" data-settings=\"{&quot;_ha_eqh_enable&quot;:false}\">\n\t\t\t\t<\/div>\n\t\t\t\t\t<\/div>\n\t\t\t\t<\/div>\n\t\t<div class=\"elementor-element elementor-element-1248584 e-flex e-con-boxed wpr-particle-no wpr-jarallax-no wpr-parallax-no wpr-sticky-section-no e-con e-parent\" data-id=\"1248584\" data-element_type=\"container\" data-settings=\"{&quot;_ha_eqh_enable&quot;:false}\">\n\t\t\t\t\t<div class=\"e-con-inner\">\n\t\t<div class=\"elementor-element elementor-element-0e4499b e-con-full e-flex wpr-particle-no wpr-jarallax-no wpr-parallax-no wpr-sticky-section-no e-con e-child\" data-id=\"0e4499b\" data-element_type=\"container\" data-settings=\"{&quot;_ha_eqh_enable&quot;:false}\">\n\t\t\t\t<div class=\"elementor-element elementor-element-37ef23e elementor-icon-list--layout-traditional elementor-list-item-link-full_width exad-sticky-section-no exad-glass-effect-no elementor-widget elementor-widget-icon-list\" data-id=\"37ef23e\" data-element_type=\"widget\" data-widget_type=\"icon-list.default\">\n\t\t\t\t\t\t\t<ul class=\"elementor-icon-list-items\">\n\t\t\t\t\t\t\t<li class=\"elementor-icon-list-item\">\n\t\t\t\t\t\t\t\t\t\t\t<span class=\"elementor-icon-list-icon\">\n\t\t\t\t\t\t\t<svg aria-hidden=\"true\" class=\"e-font-icon-svg e-fas-check\" viewbox=\"0 0 512 512\" xmlns=\"http:\/\/www.w3.org\/2000\/svg\"><path d=\"M173.898 439.404l-166.4-166.4c-9.997-9.997-9.997-26.206 0-36.204l36.203-36.204c9.997-9.998 26.207-9.998 36.204 0L192 312.69 432.095 72.596c9.997-9.997 26.207-9.997 36.204 0l36.203 36.204c9.997 9.997 9.997 26.206 0 36.204l-294.4 294.401c-9.998 9.997-26.207 9.997-36.204-.001z\"><\/path><\/svg>\t\t\t\t\t\t<\/span>\n\t\t\t\t\t\t\t\t\t\t<span class=\"elementor-icon-list-text\">Umfassende In-House-F\u00e4higkeiten<\/span>\n\t\t\t\t\t\t\t\t\t<\/li>\n\t\t\t\t\t\t\t\t<li class=\"elementor-icon-list-item\">\n\t\t\t\t\t\t\t\t\t\t\t<span class=\"elementor-icon-list-icon\">\n\t\t\t\t\t\t\t<svg aria-hidden=\"true\" class=\"e-font-icon-svg e-fas-check\" viewbox=\"0 0 512 512\" xmlns=\"http:\/\/www.w3.org\/2000\/svg\"><path d=\"M173.898 439.404l-166.4-166.4c-9.997-9.997-9.997-26.206 0-36.204l36.203-36.204c9.997-9.998 26.207-9.998 36.204 0L192 312.69 432.095 72.596c9.997-9.997 26.207-9.997 36.204 0l36.203 36.204c9.997 9.997 9.997 26.206 0 36.204l-294.4 294.401c-9.998 9.997-26.207 9.997-36.204-.001z\"><\/path><\/svg>\t\t\t\t\t\t<\/span>\n\t\t\t\t\t\t\t\t\t\t<span class=\"elementor-icon-list-text\">Fortschrittliche Technologie &amp; Innovation<\/span>\n\t\t\t\t\t\t\t\t\t<\/li>\n\t\t\t\t\t\t\t\t<li class=\"elementor-icon-list-item\">\n\t\t\t\t\t\t\t\t\t\t\t<span class=\"elementor-icon-list-icon\">\n\t\t\t\t\t\t\t<svg aria-hidden=\"true\" class=\"e-font-icon-svg e-fas-check\" viewbox=\"0 0 512 512\" xmlns=\"http:\/\/www.w3.org\/2000\/svg\"><path d=\"M173.898 439.404l-166.4-166.4c-9.997-9.997-9.997-26.206 0-36.204l36.203-36.204c9.997-9.998 26.207-9.998 36.204 0L192 312.69 432.095 72.596c9.997-9.997 26.207-9.997 36.204 0l36.203 36.204c9.997 9.997 9.997 26.206 0 36.204l-294.4 294.401c-9.998 9.997-26.207 9.997-36.204-.001z\"><\/path><\/svg>\t\t\t\t\t\t<\/span>\n\t\t\t\t\t\t\t\t\t\t<span class=\"elementor-icon-list-text\">Qualit\u00e4tsorientiert &amp; kundenfokussiert<\/span>\n\t\t\t\t\t\t\t\t\t<\/li>\n\t\t\t\t\t\t\t\t<li class=\"elementor-icon-list-item\">\n\t\t\t\t\t\t\t\t\t\t\t<span class=\"elementor-icon-list-icon\">\n\t\t\t\t\t\t\t<svg aria-hidden=\"true\" class=\"e-font-icon-svg e-fas-check\" viewbox=\"0 0 512 512\" xmlns=\"http:\/\/www.w3.org\/2000\/svg\"><path d=\"M173.898 439.404l-166.4-166.4c-9.997-9.997-9.997-26.206 0-36.204l36.203-36.204c9.997-9.998 26.207-9.998 36.204 0L192 312.69 432.095 72.596c9.997-9.997 26.207-9.997 36.204 0l36.203 36.204c9.997 9.997 9.997 26.206 0 36.204l-294.4 294.401c-9.998 9.997-26.207 9.997-36.204-.001z\"><\/path><\/svg>\t\t\t\t\t\t<\/span>\n\t\t\t\t\t\t\t\t\t\t<span class=\"elementor-icon-list-text\">Nachhaltiger &amp; zukunftsf\u00e4higer Ansatz<\/span>\n\t\t\t\t\t\t\t\t\t<\/li>\n\t\t\t\t\t\t<\/ul>\n\t\t\t\t\t\t<\/div>\n\t\t\t\t<\/div>\n\t\t<div class=\"elementor-element elementor-element-fafa7eb e-con-full e-flex wpr-particle-no wpr-jarallax-no wpr-parallax-no wpr-sticky-section-no e-con e-child\" data-id=\"fafa7eb\" data-element_type=\"container\" data-settings=\"{&quot;_ha_eqh_enable&quot;:false}\">\n\t\t\t\t<div class=\"elementor-element elementor-element-3afd2a2 exad-sticky-section-no exad-glass-effect-no elementor-widget elementor-widget-image\" data-id=\"3afd2a2\" data-element_type=\"widget\" data-widget_type=\"image.default\">\n\t\t\t\t\t\t\t\t\t\t\t\t\t\t\t<img fetchpriority=\"high\" decoding=\"async\" width=\"1024\" height=\"598\" src=\"http:\/\/fenster-discount.com\/wp-content\/uploads\/2025\/07\/image1-1024x598.jpg\" class=\"attachment-large size-large wp-image-2097\" alt=\"\" srcset=\"http:\/\/fenster-discount.com\/wp-content\/uploads\/2025\/07\/image1-1024x598.jpg 1024w, http:\/\/fenster-discount.com\/wp-content\/uploads\/2025\/07\/image1-300x175.jpg 300w, http:\/\/fenster-discount.com\/wp-content\/uploads\/2025\/07\/image1-768x449.jpg 768w, http:\/\/fenster-discount.com\/wp-content\/uploads\/2025\/07\/image1-1536x897.jpg 1536w, http:\/\/fenster-discount.com\/wp-content\/uploads\/2025\/07\/image1-18x12.jpg 18w, http:\/\/fenster-discount.com\/wp-content\/uploads\/2025\/07\/image1.jpg 2048w\" sizes=\"(max-width: 1024px) 100vw, 1024px\" \/>\t\t\t\t\t\t\t\t\t\t\t\t\t\t\t<\/div>\n\t\t\t\t<div class=\"elementor-element elementor-element-2e281d9 exad-sticky-section-no exad-glass-effect-no elementor-widget elementor-widget-text-editor\" data-id=\"2e281d9\" data-element_type=\"widget\" data-widget_type=\"text-editor.default\">\n\t\t\t\t\t\t\t\t\t<p><span style=\"font-weight: 400;\">Der Hochzeitssaal ist ein moderner Veranstaltungsort, der Eleganz, Funktionalit\u00e4t und zeitgen\u00f6ssische Architektur vereint. Das Projekt vereint moderne Materialien und raffiniertes Design und schafft so einen luxuri\u00f6sen Rahmen f\u00fcr Feierlichkeiten.<\/span><\/p><p><span style=\"font-weight: 400;\">\u00a0Die Fassade ist mit dem hinterl\u00fcfteten System Fundermax ausgestattet, das hervorragende W\u00e4rmed\u00e4mmung, Witterungsbest\u00e4ndigkeit und ein elegantes Erscheinungsbild bietet.<\/span><\/p><p><span style=\"font-weight: 400;\">Eine strukturelle Glasfassade, getragen vom ALUMIL SMARTIA M6 Vorhangfassadensystem, erh\u00f6ht die Transparenz und sorgt f\u00fcr viel nat\u00fcrliches Licht. Das durchgehend verwendete Hochleistungsglas GUARDIAN sorgt f\u00fcr Energieeffizienz und optische Klarheit.<\/span><\/p><p><span style=\"font-weight: 400;\">Zu den wichtigsten Designelementen geh\u00f6ren gew\u00f6lbte Glasz\u00e4une (20 mm) sowie Glast\u00fcren und -trennw\u00e4nde (20 mm), die Eleganz verleihen und gleichzeitig Offenheit und Funktionalit\u00e4t bewahren. Der Innenraum ist zudem mit individuell CNC-bewegbaren dekorativen Eisengittern ausgestattet, die sowohl optische F\u00fclle als auch r\u00e4umliche Flexibilit\u00e4t bieten.<\/span><\/p><p><span style=\"font-weight: 400;\">Mit GEZE Sensort\u00fcren wird ein nahtloser Zugang erm\u00f6glicht, der den G\u00e4sten Komfort und Sicherheit bietet.<\/span><\/p><p><span style=\"font-weight: 400;\">Der an den Hochzeitssaal angrenzende Garten erweitert die Kapazit\u00e4t und Vielseitigkeit des Veranstaltungsortes. Ausgestattet mit GUARDIAN GLASS ClimaGuard VSG f\u00fcr hervorragende Isolierung und Sicherheit schafft das Gartengeb\u00e4ude eine helle und komfortable Atmosph\u00e4re.<\/span><\/p><p><span style=\"font-weight: 400;\">Gro\u00dfe Aluminium-Schiebet\u00fcren (System S560) erm\u00f6glichen m\u00fchelose \u00dcberg\u00e4nge zwischen Innen- und Au\u00dfenbereich \u2013 ideal f\u00fcr Gartenveranstaltungen und flexible Raumaufteilungen. Automatische GEZE Sensort\u00fcren sorgen weiterhin f\u00fcr einen reibungslosen und barrierefreien Bewegungsablauf im gesamten Veranstaltungsort.<\/span><\/p><p><span style=\"font-weight: 400;\">Zusammen bilden die Events Hall einen stimmigen, modernen Komplex, der fortschrittliche Struktursysteme, intelligenten Materialeinsatz und elegante Details vereint und so einen erstklassigen Ort f\u00fcr unvergessliche Feiern schafft.<\/span><\/p>\t\t\t\t\t\t\t\t<\/div>\n\t\t\t\t<\/div>\n\t\t\t\t\t<\/div>\n\t\t\t\t<\/div>\n\t\t<div class=\"elementor-element elementor-element-34b50fc e-flex e-con-boxed wpr-particle-no wpr-jarallax-no wpr-parallax-no wpr-sticky-section-no e-con e-parent\" data-id=\"34b50fc\" data-element_type=\"container\" data-settings=\"{&quot;_ha_eqh_enable&quot;:false}\">\n\t\t\t\t\t<div class=\"e-con-inner\">\n\t\t\t\t<div class=\"elementor-element elementor-element-1f8e751 gallery-spacing-custom exad-sticky-section-no exad-glass-effect-no elementor-widget elementor-widget-image-gallery\" data-id=\"1f8e751\" data-element_type=\"widget\" data-widget_type=\"image-gallery.default\">\n\t\t\t\t\t\t\t<div class=\"elementor-image-gallery\">\n\t\t\t<div id='gallery-1' class='gallery galleryid-930 gallery-columns-3 gallery-size-full'><figure class='gallery-item'>\n\t\t\t<div class='gallery-icon landscape'>\n\t\t\t\t<a data-elementor-open-lightbox=\"yes\" data-elementor-lightbox-slideshow=\"1f8e751\" data-elementor-lightbox-title=\"image1\" data-e-action-hash=\"#elementor-action%3Aaction%3Dlightbox%26settings%3DeyJpZCI6MjA5NywidXJsIjoiaHR0cDpcL1wvZmVuc3Rlci1kaXNjb3VudC5jb21cL3dwLWNvbnRlbnRcL3VwbG9hZHNcLzIwMjVcLzA3XC9pbWFnZTEuanBnIiwic2xpZGVzaG93IjoiMWY4ZTc1MSJ9\" href='http:\/\/fenster-discount.com\/wp-content\/uploads\/2025\/07\/image1.jpg'><img decoding=\"async\" width=\"2048\" height=\"1196\" src=\"http:\/\/fenster-discount.com\/wp-content\/uploads\/2025\/07\/image1.jpg\" class=\"attachment-full size-full\" alt=\"\" srcset=\"http:\/\/fenster-discount.com\/wp-content\/uploads\/2025\/07\/image1.jpg 2048w, http:\/\/fenster-discount.com\/wp-content\/uploads\/2025\/07\/image1-300x175.jpg 300w, http:\/\/fenster-discount.com\/wp-content\/uploads\/2025\/07\/image1-1024x598.jpg 1024w, http:\/\/fenster-discount.com\/wp-content\/uploads\/2025\/07\/image1-768x449.jpg 768w, http:\/\/fenster-discount.com\/wp-content\/uploads\/2025\/07\/image1-1536x897.jpg 1536w, http:\/\/fenster-discount.com\/wp-content\/uploads\/2025\/07\/image1-18x12.jpg 18w\" sizes=\"(max-width: 2048px) 100vw, 2048px\" \/><\/a>\n\t\t\t<\/div><\/figure><figure class='gallery-item'>\n\t\t\t<div class='gallery-icon landscape'>\n\t\t\t\t<a data-elementor-open-lightbox=\"yes\" data-elementor-lightbox-slideshow=\"1f8e751\" data-elementor-lightbox-title=\"sharazz1\" data-e-action-hash=\"#elementor-action%3Aaction%3Dlightbox%26settings%3DeyJpZCI6MTY2NSwidXJsIjoiaHR0cDpcL1wvZmVuc3Rlci1kaXNjb3VudC5jb21cL3dwLWNvbnRlbnRcL3VwbG9hZHNcLzIwMjVcLzA3XC9zaGFyYXp6MS5qcGciLCJzbGlkZXNob3ciOiIxZjhlNzUxIn0%3D\" href='http:\/\/fenster-discount.com\/wp-content\/uploads\/2025\/07\/sharazz1.jpg'><img decoding=\"async\" width=\"1440\" height=\"754\" src=\"http:\/\/fenster-discount.com\/wp-content\/uploads\/2025\/07\/sharazz1.jpg\" class=\"attachment-full size-full\" alt=\"\" srcset=\"http:\/\/fenster-discount.com\/wp-content\/uploads\/2025\/07\/sharazz1.jpg 1440w, http:\/\/fenster-discount.com\/wp-content\/uploads\/2025\/07\/sharazz1-300x157.jpg 300w, http:\/\/fenster-discount.com\/wp-content\/uploads\/2025\/07\/sharazz1-1024x536.jpg 1024w, http:\/\/fenster-discount.com\/wp-content\/uploads\/2025\/07\/sharazz1-768x402.jpg 768w\" sizes=\"(max-width: 1440px) 100vw, 1440px\" \/><\/a>\n\t\t\t<\/div><\/figure><figure class='gallery-item'>\n\t\t\t<div class='gallery-icon landscape'>\n\t\t\t\t<a data-elementor-open-lightbox=\"yes\" data-elementor-lightbox-slideshow=\"1f8e751\" data-elementor-lightbox-title=\"sharazi2\" data-e-action-hash=\"#elementor-action%3Aaction%3Dlightbox%26settings%3DeyJpZCI6MTY2NiwidXJsIjoiaHR0cDpcL1wvZmVuc3Rlci1kaXNjb3VudC5jb21cL3dwLWNvbnRlbnRcL3VwbG9hZHNcLzIwMjVcLzA3XC9zaGFyYXppMi5qcGciLCJzbGlkZXNob3ciOiIxZjhlNzUxIn0%3D\" href='http:\/\/fenster-discount.com\/wp-content\/uploads\/2025\/07\/sharazi2.jpg'><img loading=\"lazy\" decoding=\"async\" width=\"1440\" height=\"754\" src=\"http:\/\/fenster-discount.com\/wp-content\/uploads\/2025\/07\/sharazi2.jpg\" class=\"attachment-full size-full\" alt=\"\" srcset=\"http:\/\/fenster-discount.com\/wp-content\/uploads\/2025\/07\/sharazi2.jpg 1440w, http:\/\/fenster-discount.com\/wp-content\/uploads\/2025\/07\/sharazi2-300x157.jpg 300w, http:\/\/fenster-discount.com\/wp-content\/uploads\/2025\/07\/sharazi2-1024x536.jpg 1024w, http:\/\/fenster-discount.com\/wp-content\/uploads\/2025\/07\/sharazi2-768x402.jpg 768w\" sizes=\"(max-width: 1440px) 100vw, 1440px\" \/><\/a>\n\t\t\t<\/div><\/figure><figure class='gallery-item'>\n\t\t\t<div class='gallery-icon landscape'>\n\t\t\t\t<a data-elementor-open-lightbox=\"yes\" data-elementor-lightbox-slideshow=\"1f8e751\" data-elementor-lightbox-title=\"2 (11)\" data-e-action-hash=\"#elementor-action%3Aaction%3Dlightbox%26settings%3DeyJpZCI6MTMyNywidXJsIjoiaHR0cDpcL1wvZmVuc3Rlci1kaXNjb3VudC5jb21cL3dwLWNvbnRlbnRcL3VwbG9hZHNcLzIwMjVcLzA3XC8yLTExLmpwZWciLCJzbGlkZXNob3ciOiIxZjhlNzUxIn0%3D\" href='http:\/\/fenster-discount.com\/wp-content\/uploads\/2025\/07\/2-11.jpeg'><img loading=\"lazy\" decoding=\"async\" width=\"1280\" height=\"720\" src=\"http:\/\/fenster-discount.com\/wp-content\/uploads\/2025\/07\/2-11.jpeg\" class=\"attachment-full size-full\" alt=\"\" srcset=\"http:\/\/fenster-discount.com\/wp-content\/uploads\/2025\/07\/2-11.jpeg 1280w, http:\/\/fenster-discount.com\/wp-content\/uploads\/2025\/07\/2-11-300x169.jpeg 300w, http:\/\/fenster-discount.com\/wp-content\/uploads\/2025\/07\/2-11-1024x576.jpeg 1024w, http:\/\/fenster-discount.com\/wp-content\/uploads\/2025\/07\/2-11-768x432.jpeg 768w\" sizes=\"(max-width: 1280px) 100vw, 1280px\" \/><\/a>\n\t\t\t<\/div><\/figure><figure class='gallery-item'>\n\t\t\t<div class='gallery-icon landscape'>\n\t\t\t\t<a data-elementor-open-lightbox=\"yes\" data-elementor-lightbox-slideshow=\"1f8e751\" data-elementor-lightbox-title=\"5(1)\" data-e-action-hash=\"#elementor-action%3Aaction%3Dlightbox%26settings%3DeyJpZCI6MTMyNiwidXJsIjoiaHR0cDpcL1wvZmVuc3Rlci1kaXNjb3VudC5jb21cL3dwLWNvbnRlbnRcL3VwbG9hZHNcLzIwMjVcLzA3XC81MS53ZWJwIiwic2xpZGVzaG93IjoiMWY4ZTc1MSJ9\" href='http:\/\/fenster-discount.com\/wp-content\/uploads\/2025\/07\/51.webp'><img loading=\"lazy\" decoding=\"async\" width=\"1280\" height=\"720\" src=\"http:\/\/fenster-discount.com\/wp-content\/uploads\/2025\/07\/51.webp\" class=\"attachment-full size-full\" alt=\"\" srcset=\"http:\/\/fenster-discount.com\/wp-content\/uploads\/2025\/07\/51.webp 1280w, http:\/\/fenster-discount.com\/wp-content\/uploads\/2025\/07\/51-300x169.webp 300w, http:\/\/fenster-discount.com\/wp-content\/uploads\/2025\/07\/51-1024x576.webp 1024w, http:\/\/fenster-discount.com\/wp-content\/uploads\/2025\/07\/51-768x432.webp 768w\" sizes=\"(max-width: 1280px) 100vw, 1280px\" \/><\/a>\n\t\t\t<\/div><\/figure><figure class='gallery-item'>\n\t\t\t<div class='gallery-icon landscape'>\n\t\t\t\t<a data-elementor-open-lightbox=\"yes\" data-elementor-lightbox-slideshow=\"1f8e751\" data-elementor-lightbox-title=\"1 (6)\" data-e-action-hash=\"#elementor-action%3Aaction%3Dlightbox%26settings%3DeyJpZCI6ODUyLCJ1cmwiOiJodHRwOlwvXC9mZW5zdGVyLWRpc2NvdW50LmNvbVwvd3AtY29udGVudFwvdXBsb2Fkc1wvMjAyNVwvMDdcLzEtNi5qcGVnIiwic2xpZGVzaG93IjoiMWY4ZTc1MSJ9\" href='http:\/\/fenster-discount.com\/wp-content\/uploads\/2025\/07\/1-6.jpeg'><img loading=\"lazy\" decoding=\"async\" width=\"1280\" height=\"720\" src=\"http:\/\/fenster-discount.com\/wp-content\/uploads\/2025\/07\/1-6.jpeg\" class=\"attachment-full size-full\" alt=\"\" srcset=\"http:\/\/fenster-discount.com\/wp-content\/uploads\/2025\/07\/1-6.jpeg 1280w, http:\/\/fenster-discount.com\/wp-content\/uploads\/2025\/07\/1-6-300x169.jpeg 300w, http:\/\/fenster-discount.com\/wp-content\/uploads\/2025\/07\/1-6-1024x576.jpeg 1024w, http:\/\/fenster-discount.com\/wp-content\/uploads\/2025\/07\/1-6-768x432.jpeg 768w\" sizes=\"(max-width: 1280px) 100vw, 1280px\" \/><\/a>\n\t\t\t<\/div><\/figure><figure class='gallery-item'>\n\t\t\t<div class='gallery-icon landscape'>\n\t\t\t\t<a data-elementor-open-lightbox=\"yes\" data-elementor-lightbox-slideshow=\"1f8e751\" data-elementor-lightbox-title=\"4 (7)\" data-e-action-hash=\"#elementor-action%3Aaction%3Dlightbox%26settings%3DeyJpZCI6ODQ5LCJ1cmwiOiJodHRwOlwvXC9mZW5zdGVyLWRpc2NvdW50LmNvbVwvd3AtY29udGVudFwvdXBsb2Fkc1wvMjAyNVwvMDdcLzQtNy5qcGVnIiwic2xpZGVzaG93IjoiMWY4ZTc1MSJ9\" href='http:\/\/fenster-discount.com\/wp-content\/uploads\/2025\/07\/4-7.jpeg'><img loading=\"lazy\" decoding=\"async\" width=\"1280\" height=\"720\" src=\"http:\/\/fenster-discount.com\/wp-content\/uploads\/2025\/07\/4-7.jpeg\" class=\"attachment-full size-full\" alt=\"\" srcset=\"http:\/\/fenster-discount.com\/wp-content\/uploads\/2025\/07\/4-7.jpeg 1280w, http:\/\/fenster-discount.com\/wp-content\/uploads\/2025\/07\/4-7-300x169.jpeg 300w, http:\/\/fenster-discount.com\/wp-content\/uploads\/2025\/07\/4-7-1024x576.jpeg 1024w, http:\/\/fenster-discount.com\/wp-content\/uploads\/2025\/07\/4-7-768x432.jpeg 768w\" sizes=\"(max-width: 1280px) 100vw, 1280px\" \/><\/a>\n\t\t\t<\/div><\/figure>\n\t\t<\/div>\n\t\t<\/div>\n\t\t\t\t\t\t<\/div>\n\t\t\t\t\t<\/div>\n\t\t\t\t<\/div>\n\t\t\t\t<\/div>","protected":false},"excerpt":{"rendered":"<p>EVENTS HALL Comprehensive In-House Capabilities Advanced Technology &#038; Innovation Quality-Driven &#038; Client-Focused Sustainable &#038; Future-Ready Approach The Wedding Hall is a modern event venue designed to combine elegance, functionality, and contemporary architecture. The project brings together advanced materials and refined design to create a luxurious setting for celebrations. \u00a0Its fa\u00e7ade features the Fundermax ventilated system, offering excellent thermal performance, weather resistance, and a sleek appearance. A structural glass fa\u00e7ade, supported by the ALUMIL SMARTIA M6 curtain wall system, enhances transparency and brings abundant natural light into the space. High-performance GUARDIAN Glass is used throughout, ensuring energy efficiency and visual clarity. Key design elements include arched glass fences (20 mm) and glass doors and partitions (20 mm) that add elegance while maintaining openness and functionality. The interior also features custom CNC movable iron decorative grids, offering both visual richness and spatial flexibility. Access is made seamless with GEZE sensor doors, providing convenience and safety for guests. Adjacent to the wedding hall, the Garden, extends the venue\u2019s capacity and versatility. Featuring GUARDIAN GLASS ClimaGuard VSG for superior insulation and safety, the garden building creates a bright and comfortable atmosphere. Large aluminium sliding doors (S560 system) allow for effortless indoor-outdoor transitions, perfect for garden events and adaptable layouts. Automatic GEZE sensor doors continue to ensure smooth, accessible movement throughout the venue. Together, Events Hall form a cohesive, modern complex that combines advanced structural systems, intelligent material use, and elegant detailing \u2014 creating a premier destination for unforgettable celebration.<\/p>","protected":false},"author":1,"featured_media":0,"parent":0,"menu_order":0,"comment_status":"closed","ping_status":"closed","template":"elementor_canvas","meta":{"site-sidebar-layout":"default","site-content-layout":"","ast-site-content-layout":"default","site-content-style":"default","site-sidebar-style":"default","ast-global-header-display":"","ast-banner-title-visibility":"","ast-main-header-display":"","ast-hfb-above-header-display":"","ast-hfb-below-header-display":"","ast-hfb-mobile-header-display":"","site-post-title":"","ast-breadcrumbs-content":"","ast-featured-img":"","footer-sml-layout":"","theme-transparent-header-meta":"","adv-header-id-meta":"","stick-header-meta":"","header-above-stick-meta":"","header-main-stick-meta":"","header-below-stick-meta":"","astra-migrate-meta-layouts":"default","ast-page-background-enabled":"default","ast-page-background-meta":{"desktop":{"background-color":"var(--ast-global-color-5)","background-image":"","background-repeat":"repeat","background-position":"center center","background-size":"auto","background-attachment":"scroll","background-type":"","background-media":"","overlay-type":"","overlay-color":"","overlay-opacity":"","overlay-gradient":""},"tablet":{"background-color":"","background-image":"","background-repeat":"repeat","background-position":"center center","background-size":"auto","background-attachment":"scroll","background-type":"","background-media":"","overlay-type":"","overlay-color":"","overlay-opacity":"","overlay-gradient":""},"mobile":{"background-color":"","background-image":"","background-repeat":"repeat","background-position":"center center","background-size":"auto","background-attachment":"scroll","background-type":"","background-media":"","overlay-type":"","overlay-color":"","overlay-opacity":"","overlay-gradient":""}},"ast-content-background-meta":{"desktop":{"background-color":"var(--ast-global-color-4)","background-image":"","background-repeat":"repeat","background-position":"center center","background-size":"auto","background-attachment":"scroll","background-type":"","background-media":"","overlay-type":"","overlay-color":"","overlay-opacity":"","overlay-gradient":""},"tablet":{"background-color":"var(--ast-global-color-4)","background-image":"","background-repeat":"repeat","background-position":"center center","background-size":"auto","background-attachment":"scroll","background-type":"","background-media":"","overlay-type":"","overlay-color":"","overlay-opacity":"","overlay-gradient":""},"mobile":{"background-color":"var(--ast-global-color-4)","background-image":"","background-repeat":"repeat","background-position":"center center","background-size":"auto","background-attachment":"scroll","background-type":"","background-media":"","overlay-type":"","overlay-color":"","overlay-opacity":"","overlay-gradient":""}},"footnotes":""},"class_list":["post-930","page","type-page","status-publish","hentry"],"_links":{"self":[{"href":"http:\/\/fenster-discount.com\/de\/wp-json\/wp\/v2\/pages\/930","targetHints":{"allow":["GET"]}}],"collection":[{"href":"http:\/\/fenster-discount.com\/de\/wp-json\/wp\/v2\/pages"}],"about":[{"href":"http:\/\/fenster-discount.com\/de\/wp-json\/wp\/v2\/types\/page"}],"author":[{"embeddable":true,"href":"http:\/\/fenster-discount.com\/de\/wp-json\/wp\/v2\/users\/1"}],"replies":[{"embeddable":true,"href":"http:\/\/fenster-discount.com\/de\/wp-json\/wp\/v2\/comments?post=930"}],"version-history":[{"count":0,"href":"http:\/\/fenster-discount.com\/de\/wp-json\/wp\/v2\/pages\/930\/revisions"}],"wp:attachment":[{"href":"http:\/\/fenster-discount.com\/de\/wp-json\/wp\/v2\/media?parent=930"}],"curies":[{"name":"wp","href":"https:\/\/api.w.org\/{rel}","templated":true}]}}