{"id":938,"date":"2025-07-12T23:43:59","date_gmt":"2025-07-12T23:43:59","guid":{"rendered":"http:\/\/ginz.local\/?page_id=938"},"modified":"2025-07-25T13:41:42","modified_gmt":"2025-07-25T13:41:42","slug":"cube-iii","status":"publish","type":"page","link":"http:\/\/fenster-discount.com\/de\/cube-iii\/","title":{"rendered":"W\u00dcRFEL III"},"content":{"rendered":"<div data-elementor-type=\"wp-page\" data-elementor-id=\"938\" class=\"elementor elementor-938\" data-elementor-settings=\"{&quot;ha_cmc_init_switcher&quot;:&quot;no&quot;}\">\n\t\t\t\t<div class=\"elementor-element elementor-element-a16ecb8 e-flex e-con-boxed wpr-particle-no wpr-jarallax-no wpr-parallax-no wpr-sticky-section-no e-con e-parent\" data-id=\"a16ecb8\" data-element_type=\"container\" data-settings=\"{&quot;_ha_eqh_enable&quot;:false}\">\n\t\t\t\t\t<div class=\"e-con-inner\">\n\t\t<div class=\"elementor-element elementor-element-2ca4e05 e-con-full e-flex wpr-particle-no wpr-jarallax-no wpr-parallax-no wpr-sticky-section-no e-con e-child\" data-id=\"2ca4e05\" data-element_type=\"container\" data-settings=\"{&quot;_ha_eqh_enable&quot;:false}\">\n\t\t\t\t<div class=\"elementor-element elementor-element-27dd82f exad-sticky-section-no exad-glass-effect-no elementor-widget elementor-widget-heading\" data-id=\"27dd82f\" data-element_type=\"widget\" data-widget_type=\"heading.default\">\n\t\t\t\t\t<h3 class=\"elementor-heading-title elementor-size-default\">CUBE III, WEIL AM RHEIN\n<\/h3>\t\t\t\t<\/div>\n\t\t\t\t<\/div>\n\t\t<div class=\"elementor-element elementor-element-2784f9d e-con-full e-flex wpr-particle-no wpr-jarallax-no wpr-parallax-no wpr-sticky-section-no e-con e-child\" data-id=\"2784f9d\" data-element_type=\"container\" data-settings=\"{&quot;_ha_eqh_enable&quot;:false}\">\n\t\t\t\t<\/div>\n\t\t\t\t\t<\/div>\n\t\t\t\t<\/div>\n\t\t<div class=\"elementor-element elementor-element-1248584 e-flex e-con-boxed wpr-particle-no wpr-jarallax-no wpr-parallax-no wpr-sticky-section-no e-con e-parent\" data-id=\"1248584\" data-element_type=\"container\" data-settings=\"{&quot;_ha_eqh_enable&quot;:false}\">\n\t\t\t\t\t<div class=\"e-con-inner\">\n\t\t<div class=\"elementor-element elementor-element-0e4499b e-con-full e-flex wpr-particle-no wpr-jarallax-no wpr-parallax-no wpr-sticky-section-no e-con e-child\" data-id=\"0e4499b\" data-element_type=\"container\" data-settings=\"{&quot;_ha_eqh_enable&quot;:false}\">\n\t\t\t\t<div class=\"elementor-element elementor-element-37ef23e elementor-icon-list--layout-traditional elementor-list-item-link-full_width exad-sticky-section-no exad-glass-effect-no elementor-widget elementor-widget-icon-list\" data-id=\"37ef23e\" data-element_type=\"widget\" data-widget_type=\"icon-list.default\">\n\t\t\t\t\t\t\t<ul class=\"elementor-icon-list-items\">\n\t\t\t\t\t\t\t<li class=\"elementor-icon-list-item\">\n\t\t\t\t\t\t\t\t\t\t\t<span class=\"elementor-icon-list-icon\">\n\t\t\t\t\t\t\t<svg aria-hidden=\"true\" class=\"e-font-icon-svg e-fas-check\" viewbox=\"0 0 512 512\" xmlns=\"http:\/\/www.w3.org\/2000\/svg\"><path d=\"M173.898 439.404l-166.4-166.4c-9.997-9.997-9.997-26.206 0-36.204l36.203-36.204c9.997-9.998 26.207-9.998 36.204 0L192 312.69 432.095 72.596c9.997-9.997 26.207-9.997 36.204 0l36.203 36.204c9.997 9.997 9.997 26.206 0 36.204l-294.4 294.401c-9.998 9.997-26.207 9.997-36.204-.001z\"><\/path><\/svg>\t\t\t\t\t\t<\/span>\n\t\t\t\t\t\t\t\t\t\t<span class=\"elementor-icon-list-text\">Umfassende In-House-F\u00e4higkeiten<\/span>\n\t\t\t\t\t\t\t\t\t<\/li>\n\t\t\t\t\t\t\t\t<li class=\"elementor-icon-list-item\">\n\t\t\t\t\t\t\t\t\t\t\t<span class=\"elementor-icon-list-icon\">\n\t\t\t\t\t\t\t<svg aria-hidden=\"true\" class=\"e-font-icon-svg e-fas-check\" viewbox=\"0 0 512 512\" xmlns=\"http:\/\/www.w3.org\/2000\/svg\"><path d=\"M173.898 439.404l-166.4-166.4c-9.997-9.997-9.997-26.206 0-36.204l36.203-36.204c9.997-9.998 26.207-9.998 36.204 0L192 312.69 432.095 72.596c9.997-9.997 26.207-9.997 36.204 0l36.203 36.204c9.997 9.997 9.997 26.206 0 36.204l-294.4 294.401c-9.998 9.997-26.207 9.997-36.204-.001z\"><\/path><\/svg>\t\t\t\t\t\t<\/span>\n\t\t\t\t\t\t\t\t\t\t<span class=\"elementor-icon-list-text\">Fortschrittliche Technologie &amp; Innovation<\/span>\n\t\t\t\t\t\t\t\t\t<\/li>\n\t\t\t\t\t\t\t\t<li class=\"elementor-icon-list-item\">\n\t\t\t\t\t\t\t\t\t\t\t<span class=\"elementor-icon-list-icon\">\n\t\t\t\t\t\t\t<svg aria-hidden=\"true\" class=\"e-font-icon-svg e-fas-check\" viewbox=\"0 0 512 512\" xmlns=\"http:\/\/www.w3.org\/2000\/svg\"><path d=\"M173.898 439.404l-166.4-166.4c-9.997-9.997-9.997-26.206 0-36.204l36.203-36.204c9.997-9.998 26.207-9.998 36.204 0L192 312.69 432.095 72.596c9.997-9.997 26.207-9.997 36.204 0l36.203 36.204c9.997 9.997 9.997 26.206 0 36.204l-294.4 294.401c-9.998 9.997-26.207 9.997-36.204-.001z\"><\/path><\/svg>\t\t\t\t\t\t<\/span>\n\t\t\t\t\t\t\t\t\t\t<span class=\"elementor-icon-list-text\">Qualit\u00e4tsorientiert &amp; kundenfokussiert<\/span>\n\t\t\t\t\t\t\t\t\t<\/li>\n\t\t\t\t\t\t\t\t<li class=\"elementor-icon-list-item\">\n\t\t\t\t\t\t\t\t\t\t\t<span class=\"elementor-icon-list-icon\">\n\t\t\t\t\t\t\t<svg aria-hidden=\"true\" class=\"e-font-icon-svg e-fas-check\" viewbox=\"0 0 512 512\" xmlns=\"http:\/\/www.w3.org\/2000\/svg\"><path d=\"M173.898 439.404l-166.4-166.4c-9.997-9.997-9.997-26.206 0-36.204l36.203-36.204c9.997-9.998 26.207-9.998 36.204 0L192 312.69 432.095 72.596c9.997-9.997 26.207-9.997 36.204 0l36.203 36.204c9.997 9.997 9.997 26.206 0 36.204l-294.4 294.401c-9.998 9.997-26.207 9.997-36.204-.001z\"><\/path><\/svg>\t\t\t\t\t\t<\/span>\n\t\t\t\t\t\t\t\t\t\t<span class=\"elementor-icon-list-text\">Nachhaltiger &amp; zukunftsf\u00e4higer Ansatz<\/span>\n\t\t\t\t\t\t\t\t\t<\/li>\n\t\t\t\t\t\t<\/ul>\n\t\t\t\t\t\t<\/div>\n\t\t\t\t<\/div>\n\t\t<div class=\"elementor-element elementor-element-fafa7eb e-con-full e-flex wpr-particle-no wpr-jarallax-no wpr-parallax-no wpr-sticky-section-no e-con e-child\" data-id=\"fafa7eb\" data-element_type=\"container\" data-settings=\"{&quot;_ha_eqh_enable&quot;:false}\">\n\t\t\t\t<div class=\"elementor-element elementor-element-3afd2a2 exad-sticky-section-no exad-glass-effect-no elementor-widget elementor-widget-image\" data-id=\"3afd2a2\" data-element_type=\"widget\" data-widget_type=\"image.default\">\n\t\t\t\t\t\t\t\t\t\t\t\t\t\t\t<img fetchpriority=\"high\" decoding=\"async\" width=\"1024\" height=\"473\" src=\"http:\/\/fenster-discount.com\/wp-content\/uploads\/2025\/07\/cube-III-1024x473.webp\" class=\"attachment-large size-large wp-image-1331\" alt=\"\" srcset=\"http:\/\/fenster-discount.com\/wp-content\/uploads\/2025\/07\/cube-III-1024x473.webp 1024w, http:\/\/fenster-discount.com\/wp-content\/uploads\/2025\/07\/cube-III-300x139.webp 300w, http:\/\/fenster-discount.com\/wp-content\/uploads\/2025\/07\/cube-III-768x355.webp 768w, http:\/\/fenster-discount.com\/wp-content\/uploads\/2025\/07\/cube-III.webp 1280w\" sizes=\"(max-width: 1024px) 100vw, 1024px\" \/>\t\t\t\t\t\t\t\t\t\t\t\t\t\t\t<\/div>\n\t\t\t\t<div class=\"elementor-element elementor-element-2e281d9 exad-sticky-section-no exad-glass-effect-no elementor-widget elementor-widget-text-editor\" data-id=\"2e281d9\" data-element_type=\"widget\" data-widget_type=\"text-editor.default\">\n\t\t\t\t\t\t\t\t\t<p><span style=\"font-weight: 400;\">CUBE III ist ein Sanierungsprojekt f\u00fcr ein bestehendes B\u00fcrogeb\u00e4ude in Weil am Rhein. Ziel ist es, ein konventionelles Verwaltungsgeb\u00e4ude durch die Kombination funktionaler Architektur mit fortschrittlichen Bau- und Nachhaltigkeitstechnologien in einen modernen, flexiblen Arbeitsplatz umzuwandeln.<\/span><\/p><p><span style=\"font-weight: 400;\">Die Fassade ist mit intelligenten Systemen wie Sch\u00fcco AWS 120 CC.SI und Sch\u00fcco CC B ausgestattet, die f\u00fcr hohe W\u00e4rmed\u00e4mmung, automatisierte L\u00fcftung und Sonnenschutz sorgen. Diese Elemente verbessern das Raumklima und senken gleichzeitig den Energieverbrauch. Ausgew\u00e4hlte Bereiche der Fassade sind mit integrierten Photovoltaikmodulen ausgestattet, die sauberen Strom erzeugen und so das Projektziel unterst\u00fctzen, die Umweltbelastung zu minimieren.<\/span><\/p><p><span style=\"font-weight: 400;\">Die flexible Raumaufteilung erfolgt durch Sch\u00fcco AKS IW40 Trennwandsysteme. Diese erm\u00f6glichen eine funktionale Trennung, ohne auf Offenheit und nat\u00fcrliches Licht zu verzichten. Diese Trennw\u00e4nde eignen sich ideal f\u00fcr moderne B\u00fcros, die Privatsph\u00e4re und Transparenz gleicherma\u00dfen erfordern. Guardian Glas kommt \u00fcberall zum Einsatz und bietet hervorragende Tageslichtdurchl\u00e4ssigkeit, W\u00e4rmed\u00e4mmung und UV-Schutz. Dies erh\u00f6ht den Komfort der Bewohner und die Energieeffizienz.<\/span><\/p><p><span style=\"font-weight: 400;\">Das hinterl\u00fcftete Fassadensystem verbessert die Luftzirkulation und tr\u00e4gt zur W\u00e4rmeableitung bei. Durch die Kombination von Hightech-L\u00f6sungen mit nachhaltigen Designprinzipien setzt CUBE III einen neuen Standard f\u00fcr intelligente B\u00fcrosanierungen in Deutschland.<\/span><\/p>\t\t\t\t\t\t\t\t<\/div>\n\t\t\t\t<\/div>\n\t\t\t\t\t<\/div>\n\t\t\t\t<\/div>\n\t\t<div class=\"elementor-element elementor-element-a9ee89e e-flex e-con-boxed wpr-particle-no wpr-jarallax-no wpr-parallax-no wpr-sticky-section-no e-con e-parent\" data-id=\"a9ee89e\" data-element_type=\"container\" data-settings=\"{&quot;_ha_eqh_enable&quot;:false}\">\n\t\t\t\t\t<div class=\"e-con-inner\">\n\t\t\t\t<div class=\"elementor-element elementor-element-30245df gallery-spacing-custom exad-sticky-section-no exad-glass-effect-no elementor-widget elementor-widget-image-gallery\" data-id=\"30245df\" data-element_type=\"widget\" data-widget_type=\"image-gallery.default\">\n\t\t\t\t\t\t\t<div class=\"elementor-image-gallery\">\n\t\t\t<div id='gallery-1' class='gallery galleryid-938 gallery-columns-3 gallery-size-full'><figure class='gallery-item'>\n\t\t\t<div class='gallery-icon landscape'>\n\t\t\t\t<a data-elementor-open-lightbox=\"yes\" data-elementor-lightbox-slideshow=\"30245df\" data-elementor-lightbox-title=\"WhatsApp Image 2025-07-25 at 15.37.06_2ab3b3e5\" data-e-action-hash=\"#elementor-action%3Aaction%3Dlightbox%26settings%3DeyJpZCI6MjEzNCwidXJsIjoiaHR0cDpcL1wvZmVuc3Rlci1kaXNjb3VudC5jb21cL3dwLWNvbnRlbnRcL3VwbG9hZHNcLzIwMjVcLzA3XC9XaGF0c0FwcC1JbWFnZS0yMDI1LTA3LTI1LWF0LTE1LjM3LjA2XzJhYjNiM2U1LmpwZyIsInNsaWRlc2hvdyI6IjMwMjQ1ZGYifQ%3D%3D\" href='http:\/\/fenster-discount.com\/wp-content\/uploads\/2025\/07\/WhatsApp-Image-2025-07-25-at-15.37.06_2ab3b3e5.jpg'><img decoding=\"async\" width=\"1600\" height=\"720\" src=\"http:\/\/fenster-discount.com\/wp-content\/uploads\/2025\/07\/WhatsApp-Image-2025-07-25-at-15.37.06_2ab3b3e5.jpg\" class=\"attachment-full size-full\" alt=\"\" srcset=\"http:\/\/fenster-discount.com\/wp-content\/uploads\/2025\/07\/WhatsApp-Image-2025-07-25-at-15.37.06_2ab3b3e5.jpg 1600w, http:\/\/fenster-discount.com\/wp-content\/uploads\/2025\/07\/WhatsApp-Image-2025-07-25-at-15.37.06_2ab3b3e5-300x135.jpg 300w, http:\/\/fenster-discount.com\/wp-content\/uploads\/2025\/07\/WhatsApp-Image-2025-07-25-at-15.37.06_2ab3b3e5-1024x461.jpg 1024w, http:\/\/fenster-discount.com\/wp-content\/uploads\/2025\/07\/WhatsApp-Image-2025-07-25-at-15.37.06_2ab3b3e5-768x346.jpg 768w, http:\/\/fenster-discount.com\/wp-content\/uploads\/2025\/07\/WhatsApp-Image-2025-07-25-at-15.37.06_2ab3b3e5-1536x691.jpg 1536w, http:\/\/fenster-discount.com\/wp-content\/uploads\/2025\/07\/WhatsApp-Image-2025-07-25-at-15.37.06_2ab3b3e5-18x8.jpg 18w\" sizes=\"(max-width: 1600px) 100vw, 1600px\" \/><\/a>\n\t\t\t<\/div><\/figure><figure class='gallery-item'>\n\t\t\t<div class='gallery-icon landscape'>\n\t\t\t\t<a data-elementor-open-lightbox=\"yes\" data-elementor-lightbox-slideshow=\"30245df\" data-elementor-lightbox-title=\"WhatsApp Image 2025-07-25 at 15.37.05_ae3cb986\" data-e-action-hash=\"#elementor-action%3Aaction%3Dlightbox%26settings%3DeyJpZCI6MjEzNSwidXJsIjoiaHR0cDpcL1wvZmVuc3Rlci1kaXNjb3VudC5jb21cL3dwLWNvbnRlbnRcL3VwbG9hZHNcLzIwMjVcLzA3XC9XaGF0c0FwcC1JbWFnZS0yMDI1LTA3LTI1LWF0LTE1LjM3LjA1X2FlM2NiOTg2LmpwZyIsInNsaWRlc2hvdyI6IjMwMjQ1ZGYifQ%3D%3D\" href='http:\/\/fenster-discount.com\/wp-content\/uploads\/2025\/07\/WhatsApp-Image-2025-07-25-at-15.37.05_ae3cb986.jpg'><img decoding=\"async\" width=\"1600\" height=\"1200\" src=\"http:\/\/fenster-discount.com\/wp-content\/uploads\/2025\/07\/WhatsApp-Image-2025-07-25-at-15.37.05_ae3cb986.jpg\" class=\"attachment-full size-full\" alt=\"\" srcset=\"http:\/\/fenster-discount.com\/wp-content\/uploads\/2025\/07\/WhatsApp-Image-2025-07-25-at-15.37.05_ae3cb986.jpg 1600w, http:\/\/fenster-discount.com\/wp-content\/uploads\/2025\/07\/WhatsApp-Image-2025-07-25-at-15.37.05_ae3cb986-300x225.jpg 300w, http:\/\/fenster-discount.com\/wp-content\/uploads\/2025\/07\/WhatsApp-Image-2025-07-25-at-15.37.05_ae3cb986-1024x768.jpg 1024w, http:\/\/fenster-discount.com\/wp-content\/uploads\/2025\/07\/WhatsApp-Image-2025-07-25-at-15.37.05_ae3cb986-768x576.jpg 768w, http:\/\/fenster-discount.com\/wp-content\/uploads\/2025\/07\/WhatsApp-Image-2025-07-25-at-15.37.05_ae3cb986-1536x1152.jpg 1536w, http:\/\/fenster-discount.com\/wp-content\/uploads\/2025\/07\/WhatsApp-Image-2025-07-25-at-15.37.05_ae3cb986-16x12.jpg 16w\" sizes=\"(max-width: 1600px) 100vw, 1600px\" \/><\/a>\n\t\t\t<\/div><\/figure><figure class='gallery-item'>\n\t\t\t<div class='gallery-icon landscape'>\n\t\t\t\t<a data-elementor-open-lightbox=\"yes\" data-elementor-lightbox-slideshow=\"30245df\" data-elementor-lightbox-title=\"WhatsApp Image 2025-07-25 at 14.01.17_c24cf314\" data-e-action-hash=\"#elementor-action%3Aaction%3Dlightbox%26settings%3DeyJpZCI6MjA4MywidXJsIjoiaHR0cDpcL1wvZmVuc3Rlci1kaXNjb3VudC5jb21cL3dwLWNvbnRlbnRcL3VwbG9hZHNcLzIwMjVcLzA3XC9XaGF0c0FwcC1JbWFnZS0yMDI1LTA3LTI1LWF0LTE0LjAxLjE3X2MyNGNmMzE0LXNjYWxlZC5qcGciLCJzbGlkZXNob3ciOiIzMDI0NWRmIn0%3D\" href='http:\/\/fenster-discount.com\/wp-content\/uploads\/2025\/07\/WhatsApp-Image-2025-07-25-at-14.01.17_c24cf314-scaled.jpg'><img loading=\"lazy\" decoding=\"async\" width=\"2560\" height=\"1183\" src=\"http:\/\/fenster-discount.com\/wp-content\/uploads\/2025\/07\/WhatsApp-Image-2025-07-25-at-14.01.17_c24cf314-scaled.jpg\" class=\"attachment-full size-full\" alt=\"\" srcset=\"http:\/\/fenster-discount.com\/wp-content\/uploads\/2025\/07\/WhatsApp-Image-2025-07-25-at-14.01.17_c24cf314-scaled.jpg 2560w, http:\/\/fenster-discount.com\/wp-content\/uploads\/2025\/07\/WhatsApp-Image-2025-07-25-at-14.01.17_c24cf314-300x139.jpg 300w, http:\/\/fenster-discount.com\/wp-content\/uploads\/2025\/07\/WhatsApp-Image-2025-07-25-at-14.01.17_c24cf314-1024x473.jpg 1024w, http:\/\/fenster-discount.com\/wp-content\/uploads\/2025\/07\/WhatsApp-Image-2025-07-25-at-14.01.17_c24cf314-768x355.jpg 768w, http:\/\/fenster-discount.com\/wp-content\/uploads\/2025\/07\/WhatsApp-Image-2025-07-25-at-14.01.17_c24cf314-1536x710.jpg 1536w, http:\/\/fenster-discount.com\/wp-content\/uploads\/2025\/07\/WhatsApp-Image-2025-07-25-at-14.01.17_c24cf314-2048x946.jpg 2048w, http:\/\/fenster-discount.com\/wp-content\/uploads\/2025\/07\/WhatsApp-Image-2025-07-25-at-14.01.17_c24cf314-18x8.jpg 18w\" sizes=\"(max-width: 2560px) 100vw, 2560px\" \/><\/a>\n\t\t\t<\/div><\/figure><figure class='gallery-item'>\n\t\t\t<div class='gallery-icon landscape'>\n\t\t\t\t<a data-elementor-open-lightbox=\"yes\" data-elementor-lightbox-slideshow=\"30245df\" data-elementor-lightbox-title=\"WhatsApp Image 2025-07-12 at 18.12.10\" data-e-action-hash=\"#elementor-action%3Aaction%3Dlightbox%26settings%3DeyJpZCI6MTMzMiwidXJsIjoiaHR0cDpcL1wvZmVuc3Rlci1kaXNjb3VudC5jb21cL3dwLWNvbnRlbnRcL3VwbG9hZHNcLzIwMjVcLzA3XC9XaGF0c0FwcC1JbWFnZS0yMDI1LTA3LTEyLWF0LTE4LjEyLjEwLndlYnAiLCJzbGlkZXNob3ciOiIzMDI0NWRmIn0%3D\" href='http:\/\/fenster-discount.com\/wp-content\/uploads\/2025\/07\/WhatsApp-Image-2025-07-12-at-18.12.10.webp'><img loading=\"lazy\" decoding=\"async\" width=\"2048\" height=\"1152\" src=\"http:\/\/fenster-discount.com\/wp-content\/uploads\/2025\/07\/WhatsApp-Image-2025-07-12-at-18.12.10.webp\" class=\"attachment-full size-full\" alt=\"\" srcset=\"http:\/\/fenster-discount.com\/wp-content\/uploads\/2025\/07\/WhatsApp-Image-2025-07-12-at-18.12.10.webp 2048w, http:\/\/fenster-discount.com\/wp-content\/uploads\/2025\/07\/WhatsApp-Image-2025-07-12-at-18.12.10-300x169.webp 300w, http:\/\/fenster-discount.com\/wp-content\/uploads\/2025\/07\/WhatsApp-Image-2025-07-12-at-18.12.10-1024x576.webp 1024w, http:\/\/fenster-discount.com\/wp-content\/uploads\/2025\/07\/WhatsApp-Image-2025-07-12-at-18.12.10-768x432.webp 768w, http:\/\/fenster-discount.com\/wp-content\/uploads\/2025\/07\/WhatsApp-Image-2025-07-12-at-18.12.10-1536x864.webp 1536w\" sizes=\"(max-width: 2048px) 100vw, 2048px\" \/><\/a>\n\t\t\t<\/div><\/figure><figure class='gallery-item'>\n\t\t\t<div class='gallery-icon portrait'>\n\t\t\t\t<a data-elementor-open-lightbox=\"yes\" data-elementor-lightbox-slideshow=\"30245df\" data-elementor-lightbox-title=\"WhatsApp Image 2025-07-25 at 15.26.59_c5468be2\" data-e-action-hash=\"#elementor-action%3Aaction%3Dlightbox%26settings%3DeyJpZCI6MjExNCwidXJsIjoiaHR0cDpcL1wvZmVuc3Rlci1kaXNjb3VudC5jb21cL3dwLWNvbnRlbnRcL3VwbG9hZHNcLzIwMjVcLzA3XC9XaGF0c0FwcC1JbWFnZS0yMDI1LTA3LTI1LWF0LTE1LjI2LjU5X2M1NDY4YmUyLmpwZyIsInNsaWRlc2hvdyI6IjMwMjQ1ZGYifQ%3D%3D\" href='http:\/\/fenster-discount.com\/wp-content\/uploads\/2025\/07\/WhatsApp-Image-2025-07-25-at-15.26.59_c5468be2.jpg'><img loading=\"lazy\" decoding=\"async\" width=\"899\" height=\"1259\" src=\"http:\/\/fenster-discount.com\/wp-content\/uploads\/2025\/07\/WhatsApp-Image-2025-07-25-at-15.26.59_c5468be2.jpg\" class=\"attachment-full size-full\" alt=\"\" srcset=\"http:\/\/fenster-discount.com\/wp-content\/uploads\/2025\/07\/WhatsApp-Image-2025-07-25-at-15.26.59_c5468be2.jpg 899w, http:\/\/fenster-discount.com\/wp-content\/uploads\/2025\/07\/WhatsApp-Image-2025-07-25-at-15.26.59_c5468be2-214x300.jpg 214w, http:\/\/fenster-discount.com\/wp-content\/uploads\/2025\/07\/WhatsApp-Image-2025-07-25-at-15.26.59_c5468be2-731x1024.jpg 731w, http:\/\/fenster-discount.com\/wp-content\/uploads\/2025\/07\/WhatsApp-Image-2025-07-25-at-15.26.59_c5468be2-768x1076.jpg 768w, http:\/\/fenster-discount.com\/wp-content\/uploads\/2025\/07\/WhatsApp-Image-2025-07-25-at-15.26.59_c5468be2-9x12.jpg 9w\" sizes=\"(max-width: 899px) 100vw, 899px\" \/><\/a>\n\t\t\t<\/div><\/figure>\n\t\t<\/div>\n\t\t<\/div>\n\t\t\t\t\t\t<\/div>\n\t\t\t\t\t<\/div>\n\t\t\t\t<\/div>\n\t\t\t\t<\/div>","protected":false},"excerpt":{"rendered":"<p>CUBE III, WEIL AM RHEIN Umfassende interne Kapazit\u00e4ten Fortschrittliche Technologie und Innovation Qualit\u00e4tsorientiert und kundenorientiert Nachhaltiger und zukunftssicherer Ansatz CUBE III ist ein Renovierungsprojekt eines bestehenden B\u00fcrogeb\u00e4udes in Weil am Rhein, Deutschland. Ziel ist es, ein konventionelles Verwaltungsgeb\u00e4ude durch die Kombination funktionaler Architektur mit fortschrittlichen Bau- und Nachhaltigkeitstechnologien in einen modernen, flexiblen Arbeitsraum umzuwandeln. Die Fassade ist mit intelligenten Systemen ausgestattet, darunter Sch\u00fcco AWS 120 CC.SI und Sch\u00fcco CC B, die ein hohes Ma\u00df an W\u00e4rmed\u00e4mmung, automatisierte Bel\u00fcftung und Sonnenschutz bieten. Diese Elemente verbessern die Raumklimabedingungen und senken gleichzeitig den Energieverbrauch. Ausgew\u00e4hlte Bereiche der Fassade sind mit integrierten Photovoltaikmodulen ausgestattet, die sauberen Strom erzeugen und so das Projektziel unterst\u00fctzen, die Umweltbelastung zu minimieren. Innenr\u00e4ume werden mithilfe von Sch\u00fcco AKS IW40 Trennwandsystemen flexibel organisiert und erm\u00f6glichen eine funktionale Trennung, ohne auf Offenheit oder nat\u00fcrliches Licht zu verzichten. Diese Trennw\u00e4nde sind ideal f\u00fcr moderne B\u00fcros, die sowohl Privatsph\u00e4re als auch Transparenz erfordern. Das durchgehend verwendete Guardian-Glas bietet hervorragende Tageslichtdurchl\u00e4ssigkeit, W\u00e4rmed\u00e4mmung und UV-Schutz und erh\u00f6ht so den Komfort der Bewohner und die Energieeffizienz. Das hinterl\u00fcftete Fassadensystem verbessert die Luftzirkulation und tr\u00e4gt zur W\u00e4rmeableitung bei. Durch die Kombination von Hightech-L\u00f6sungen mit nachhaltigen Designprinzipien setzt CUBE III einen neuen Standard f\u00fcr intelligente B\u00fcrosanierungen in Deutschland.<\/p>","protected":false},"author":1,"featured_media":0,"parent":0,"menu_order":0,"comment_status":"closed","ping_status":"closed","template":"elementor_canvas","meta":{"site-sidebar-layout":"default","site-content-layout":"","ast-site-content-layout":"default","site-content-style":"default","site-sidebar-style":"default","ast-global-header-display":"","ast-banner-title-visibility":"","ast-main-header-display":"","ast-hfb-above-header-display":"","ast-hfb-below-header-display":"","ast-hfb-mobile-header-display":"","site-post-title":"","ast-breadcrumbs-content":"","ast-featured-img":"","footer-sml-layout":"","theme-transparent-header-meta":"","adv-header-id-meta":"","stick-header-meta":"","header-above-stick-meta":"","header-main-stick-meta":"","header-below-stick-meta":"","astra-migrate-meta-layouts":"default","ast-page-background-enabled":"default","ast-page-background-meta":{"desktop":{"background-color":"var(--ast-global-color-5)","background-image":"","background-repeat":"repeat","background-position":"center center","background-size":"auto","background-attachment":"scroll","background-type":"","background-media":"","overlay-type":"","overlay-color":"","overlay-opacity":"","overlay-gradient":""},"tablet":{"background-color":"","background-image":"","background-repeat":"repeat","background-position":"center center","background-size":"auto","background-attachment":"scroll","background-type":"","background-media":"","overlay-type":"","overlay-color":"","overlay-opacity":"","overlay-gradient":""},"mobile":{"background-color":"","background-image":"","background-repeat":"repeat","background-position":"center center","background-size":"auto","background-attachment":"scroll","background-type":"","background-media":"","overlay-type":"","overlay-color":"","overlay-opacity":"","overlay-gradient":""}},"ast-content-background-meta":{"desktop":{"background-color":"var(--ast-global-color-4)","background-image":"","background-repeat":"repeat","background-position":"center center","background-size":"auto","background-attachment":"scroll","background-type":"","background-media":"","overlay-type":"","overlay-color":"","overlay-opacity":"","overlay-gradient":""},"tablet":{"background-color":"var(--ast-global-color-4)","background-image":"","background-repeat":"repeat","background-position":"center center","background-size":"auto","background-attachment":"scroll","background-type":"","background-media":"","overlay-type":"","overlay-color":"","overlay-opacity":"","overlay-gradient":""},"mobile":{"background-color":"var(--ast-global-color-4)","background-image":"","background-repeat":"repeat","background-position":"center center","background-size":"auto","background-attachment":"scroll","background-type":"","background-media":"","overlay-type":"","overlay-color":"","overlay-opacity":"","overlay-gradient":""}},"footnotes":""},"class_list":["post-938","page","type-page","status-publish","hentry"],"_links":{"self":[{"href":"http:\/\/fenster-discount.com\/de\/wp-json\/wp\/v2\/pages\/938","targetHints":{"allow":["GET"]}}],"collection":[{"href":"http:\/\/fenster-discount.com\/de\/wp-json\/wp\/v2\/pages"}],"about":[{"href":"http:\/\/fenster-discount.com\/de\/wp-json\/wp\/v2\/types\/page"}],"author":[{"embeddable":true,"href":"http:\/\/fenster-discount.com\/de\/wp-json\/wp\/v2\/users\/1"}],"replies":[{"embeddable":true,"href":"http:\/\/fenster-discount.com\/de\/wp-json\/wp\/v2\/comments?post=938"}],"version-history":[{"count":0,"href":"http:\/\/fenster-discount.com\/de\/wp-json\/wp\/v2\/pages\/938\/revisions"}],"wp:attachment":[{"href":"http:\/\/fenster-discount.com\/de\/wp-json\/wp\/v2\/media?parent=938"}],"curies":[{"name":"wp","href":"https:\/\/api.w.org\/{rel}","templated":true}]}}