{"id":219,"date":"2025-07-11T20:26:40","date_gmt":"2025-07-11T20:26:40","guid":{"rendered":"http:\/\/ginz.local\/?page_id=219"},"modified":"2025-07-25T12:46:47","modified_gmt":"2025-07-25T12:46:47","slug":"about-us","status":"publish","type":"page","link":"https:\/\/fenster-discount.com\/de\/about-us\/","title":{"rendered":"\u00dcber uns"},"content":{"rendered":"<div data-elementor-type=\"wp-page\" data-elementor-id=\"219\" class=\"elementor elementor-219\" data-elementor-settings=\"{&quot;ha_cmc_init_switcher&quot;:&quot;no&quot;}\">\n\t\t\t\t\t\t<section class=\"elementor-section elementor-top-section elementor-element elementor-element-562bf85c0 elementor-section-height-min-height elementor-section-content-middle elementor-section-boxed elementor-section-height-default elementor-section-items-middle exad-glass-effect-no wpr-particle-no wpr-jarallax-no wpr-parallax-no wpr-sticky-section-no exad-sticky-section-no\" data-id=\"562bf85c0\" data-element_type=\"section\" data-settings=\"{&quot;background_background&quot;:&quot;classic&quot;,&quot;_ha_eqh_enable&quot;:false}\">\n\t\t\t\t\t\t\t<div class=\"elementor-background-overlay\"><\/div>\n\t\t\t\t\t\t\t<div class=\"elementor-container elementor-column-gap-default\">\n\t\t\t\t\t<div class=\"elementor-column elementor-col-100 elementor-top-column elementor-element elementor-element-55e040d3 exad-glass-effect-no exad-sticky-section-no\" data-id=\"55e040d3\" data-element_type=\"column\">\n\t\t\t<div class=\"elementor-widget-wrap elementor-element-populated\">\n\t\t\t\t\t\t<div class=\"elementor-element elementor-element-63bfa124 exad-sticky-section-no exad-glass-effect-no elementor-widget elementor-widget-heading\" data-id=\"63bfa124\" data-element_type=\"widget\" data-widget_type=\"heading.default\">\n\t\t\t\t\t<h2 class=\"elementor-heading-title elementor-size-default\">\u00dcber uns<\/h2>\t\t\t\t<\/div>\n\t\t\t\t\t<\/div>\n\t\t<\/div>\n\t\t\t\t\t<\/div>\n\t\t<\/section>\n\t\t\t\t<section class=\"elementor-section elementor-top-section elementor-element elementor-element-53fa554 elementor-section-boxed elementor-section-height-default elementor-section-height-default exad-glass-effect-no wpr-particle-no wpr-jarallax-no wpr-parallax-no wpr-sticky-section-no exad-sticky-section-no\" data-id=\"53fa554\" data-element_type=\"section\" data-settings=\"{&quot;_ha_eqh_enable&quot;:false}\">\n\t\t\t\t\t\t<div class=\"elementor-container elementor-column-gap-default\">\n\t\t\t\t\t<div class=\"elementor-column elementor-col-100 elementor-top-column elementor-element elementor-element-574ce76 exad-glass-effect-no exad-sticky-section-no\" data-id=\"574ce76\" data-element_type=\"column\">\n\t\t\t<div class=\"elementor-widget-wrap elementor-element-populated\">\n\t\t\t\t\t\t<div class=\"elementor-element elementor-element-adc0a35 exad-sticky-section-no exad-glass-effect-no elementor-widget elementor-widget-text-editor\" data-id=\"adc0a35\" data-element_type=\"widget\" data-widget_type=\"text-editor.default\">\n\t\t\t\t\t\t\t\t\t<p>\u00dcber uns<\/p>\t\t\t\t\t\t\t\t<\/div>\n\t\t\t\t<div class=\"elementor-element elementor-element-13b0160 exad-sticky-section-no exad-glass-effect-no elementor-widget elementor-widget-heading\" data-id=\"13b0160\" data-element_type=\"widget\" data-widget_type=\"heading.default\">\n\t\t\t\t\t<h3 class=\"elementor-heading-title elementor-size-default\">Hersteller von hervorragender Qualit\u00e4t.<\/h3>\t\t\t\t<\/div>\n\t\t\t\t<div class=\"elementor-element elementor-element-a2a9a53 exad-sticky-section-no exad-glass-effect-no elementor-widget elementor-widget-text-editor\" data-id=\"a2a9a53\" data-element_type=\"widget\" data-widget_type=\"text-editor.default\">\n\t\t\t\t\t\t\t\t\t<p>Unser Unternehmen mit Sitz in Deutschland ist auf die Herstellung von T\u00fcren und Fenstern, Eingangst\u00fcren, Glasprodukten, L\u00fcftungsfassaden und Sonnenschutzsystemen aus PVC und Aluminium f\u00fcr Wohn- und Gesch\u00e4ftsgeb\u00e4ude spezialisiert. Vom Entwurf bis zur fehlerfreien Montage unserer Produkte sind unsere engagierten Ingenieure auf alle Aspekte des Bauens spezialisiert. Dank unserer umfassenden Kenntnisse des Produktionsprozesses verbessern wir unsere Produkte st\u00e4ndig, um eine reibungslose Produktion und Montage zu gew\u00e4hrleisten und gleichzeitig die Qualit\u00e4tserwartungen unserer Kunden zu erf\u00fcllen. Wir streben kontinuierlichen Erfolg in unserem Bereich an und nutzen modernste Technologien, um unsere Kunden zufriedenzustellen. Unter Wahrung unserer Grundprinzipien und der Befolgung globaler Richtlinien legen wir bei allem, was wir tun, h\u00f6chsten Wert auf Perfektion.<\/p><p class=\"MsoNormal\" style=\"text-align: justify; line-height: normal;\">\u00a0<\/p>\t\t\t\t\t\t\t\t<\/div>\n\t\t\t\t\t<\/div>\n\t\t<\/div>\n\t\t\t\t\t<\/div>\n\t\t<\/section>\n\t\t\t\t<section class=\"elementor-section elementor-top-section elementor-element elementor-element-769c541f elementor-section-height-min-height elementor-section-content-middle elementor-section-full_width elementor-section-height-default elementor-section-items-middle exad-glass-effect-no wpr-particle-no wpr-jarallax-no wpr-parallax-no wpr-sticky-section-no exad-sticky-section-no\" data-id=\"769c541f\" data-element_type=\"section\" data-settings=\"{&quot;background_background&quot;:&quot;classic&quot;,&quot;_ha_eqh_enable&quot;:false}\">\n\t\t\t\t\t\t\t<div class=\"elementor-background-overlay\"><\/div>\n\t\t\t\t\t\t\t<div class=\"elementor-container elementor-column-gap-default\">\n\t\t\t\t\t<div class=\"elementor-column elementor-col-33 elementor-top-column elementor-element elementor-element-64843f12 exad-glass-effect-no exad-sticky-section-no\" data-id=\"64843f12\" data-element_type=\"column\">\n\t\t\t<div class=\"elementor-widget-wrap\">\n\t\t\t\t\t\t\t<\/div>\n\t\t<\/div>\n\t\t\t\t<div class=\"elementor-column elementor-col-33 elementor-top-column elementor-element elementor-element-4ca782f1 exad-glass-effect-no exad-sticky-section-no\" data-id=\"4ca782f1\" data-element_type=\"column\">\n\t\t\t<div class=\"elementor-widget-wrap elementor-element-populated\">\n\t\t\t\t\t\t<div class=\"elementor-element elementor-element-6596267b exad-sticky-section-no exad-glass-effect-no elementor-widget elementor-widget-heading\" data-id=\"6596267b\" data-element_type=\"widget\" data-widget_type=\"heading.default\">\n\t\t\t\t\t<h2 class=\"elementor-heading-title elementor-size-default\">Hochwertige Konstruktion, ehrlicher Service, tolles Preis-Leistungs-Verh\u00e4ltnis!<\/h2>\t\t\t\t<\/div>\n\t\t\t\t<div class=\"elementor-element elementor-element-34a098e0 exad-sticky-section-no exad-glass-effect-no elementor-invisible elementor-widget elementor-widget-text-editor\" data-id=\"34a098e0\" data-element_type=\"widget\" data-settings=\"{&quot;_animation&quot;:&quot;slideInLeft&quot;,&quot;_animation_delay&quot;:100}\" data-widget_type=\"text-editor.default\">\n\t\t\t\t\t\t\t\t\t<p><span style=\"font-weight: 400;\">Unser Team nimmt sich die Zeit, Ihre Bed\u00fcrfnisse zu verstehen, Sie kompetent zu beraten und Sie mit Integrit\u00e4t und Verantwortung durch jede Projektphase zu begleiten. Sie k\u00f6nnen darauf vertrauen, dass wir von Anfang bis Ende offen, l\u00f6sungsorientiert und voll und ganz auf Ihre Zufriedenheit bedacht sind.<\/span><\/p>\t\t\t\t\t\t\t\t<\/div>\n\t\t\t\t<div class=\"elementor-element elementor-element-4cdbdd58 wpr-button-icon-style-inline wpr-button-icon-position-right exad-sticky-section-no exad-glass-effect-no elementor-invisible elementor-widget elementor-widget-wpr-button\" data-id=\"4cdbdd58\" data-element_type=\"widget\" data-settings=\"{&quot;_animation&quot;:&quot;slideInRight&quot;,&quot;_animation_delay&quot;:200}\" data-widget_type=\"wpr-button.default\">\n\t\t\t\t\t\t\n\t\t\t\n\t\t\n\t\t<div class=\"wpr-button-wrap elementor-clearfix\">\n\t\t<a class=\"wpr-button wpr-button-effect elementor-animation-grow\" data-text=\"Go\" href=\"http:\/\/fenster-discount.com\/de\/services\/\">\n\t\t\t\n\t\t\t<span class=\"wpr-button-content\">\n\t\t\t\t\t\t\t\t\t<span class=\"wpr-button-text\">Mehr erfahren<\/span>\n\t\t\t\t\t\t\t\t\n\t\t\t\t\t\t\t<\/span>\n\t\t<\/a>\n\n\t\t\t\t<\/div>\n\t\n\t\n\t\t\t\t\t<\/div>\n\t\t\t\t\t<\/div>\n\t\t<\/div>\n\t\t\t\t<div class=\"elementor-column elementor-col-33 elementor-top-column elementor-element elementor-element-46735923 exad-glass-effect-no exad-sticky-section-no\" data-id=\"46735923\" data-element_type=\"column\">\n\t\t\t<div class=\"elementor-widget-wrap\">\n\t\t\t\t\t\t\t<\/div>\n\t\t<\/div>\n\t\t\t\t\t<\/div>\n\t\t<\/section>\n\t\t\t\t<\/div>","protected":false},"excerpt":{"rendered":"<p>About Us About Us Superior quality manufacturer. Our Company is based in Germany, Specialized in Producing PVC and Aluminum Doors and Windows, Entrance Doors, Glass Products, Ventilation Facades, and Sun Shading Systems for Both Residential and Business Buildings. From Original Design to Flawless Installation of Our Products, Our Committed Engineering Staff Specializes in Every Element of Building Tasks. With an in-Depth Awareness of The Process of Production, We Constantly Improve Our Products in Order to Guarantee Smooth Production and Installation While Fulfilling Our Clients&#8217; Expectations on Quality, we are Dedicated to Continuous Success in its Field, Utilizing Cutting-Edge Technologies to Satisfy our Clients. Maintaining our Basic Principles and Following Global Instructions, We Place a High Priority on Perfection in Everything We Do. \u00a0 Quality Construction, Honest service, Great value! Our team takes the time to understand your needs, offer expert advice, and guide you through every phase of the project with integrity and accountability. You can trust us to be upfront, solution-oriented, and fully committed to your satisfaction from start to finish. Explore More<\/p>","protected":false},"author":1,"featured_media":0,"parent":0,"menu_order":0,"comment_status":"closed","ping_status":"closed","template":"elementor_canvas","meta":{"site-sidebar-layout":"default","site-content-layout":"","ast-site-content-layout":"default","site-content-style":"default","site-sidebar-style":"default","ast-global-header-display":"","ast-banner-title-visibility":"","ast-main-header-display":"","ast-hfb-above-header-display":"","ast-hfb-below-header-display":"","ast-hfb-mobile-header-display":"","site-post-title":"","ast-breadcrumbs-content":"","ast-featured-img":"","footer-sml-layout":"","theme-transparent-header-meta":"","adv-header-id-meta":"","stick-header-meta":"","header-above-stick-meta":"","header-main-stick-meta":"","header-below-stick-meta":"","astra-migrate-meta-layouts":"default","ast-page-background-enabled":"default","ast-page-background-meta":{"desktop":{"background-color":"var(--ast-global-color-5)","background-image":"","background-repeat":"repeat","background-position":"center center","background-size":"auto","background-attachment":"scroll","background-type":"","background-media":"","overlay-type":"","overlay-color":"","overlay-opacity":"","overlay-gradient":""},"tablet":{"background-color":"","background-image":"","background-repeat":"repeat","background-position":"center center","background-size":"auto","background-attachment":"scroll","background-type":"","background-media":"","overlay-type":"","overlay-color":"","overlay-opacity":"","overlay-gradient":""},"mobile":{"background-color":"","background-image":"","background-repeat":"repeat","background-position":"center center","background-size":"auto","background-attachment":"scroll","background-type":"","background-media":"","overlay-type":"","overlay-color":"","overlay-opacity":"","overlay-gradient":""}},"ast-content-background-meta":{"desktop":{"background-color":"var(--ast-global-color-4)","background-image":"","background-repeat":"repeat","background-position":"center center","background-size":"auto","background-attachment":"scroll","background-type":"","background-media":"","overlay-type":"","overlay-color":"","overlay-opacity":"","overlay-gradient":""},"tablet":{"background-color":"var(--ast-global-color-4)","background-image":"","background-repeat":"repeat","background-position":"center center","background-size":"auto","background-attachment":"scroll","background-type":"","background-media":"","overlay-type":"","overlay-color":"","overlay-opacity":"","overlay-gradient":""},"mobile":{"background-color":"var(--ast-global-color-4)","background-image":"","background-repeat":"repeat","background-position":"center center","background-size":"auto","background-attachment":"scroll","background-type":"","background-media":"","overlay-type":"","overlay-color":"","overlay-opacity":"","overlay-gradient":""}},"footnotes":""},"class_list":["post-219","page","type-page","status-publish","hentry"],"_links":{"self":[{"href":"https:\/\/fenster-discount.com\/de\/wp-json\/wp\/v2\/pages\/219","targetHints":{"allow":["GET"]}}],"collection":[{"href":"https:\/\/fenster-discount.com\/de\/wp-json\/wp\/v2\/pages"}],"about":[{"href":"https:\/\/fenster-discount.com\/de\/wp-json\/wp\/v2\/types\/page"}],"author":[{"embeddable":true,"href":"https:\/\/fenster-discount.com\/de\/wp-json\/wp\/v2\/users\/1"}],"replies":[{"embeddable":true,"href":"https:\/\/fenster-discount.com\/de\/wp-json\/wp\/v2\/comments?post=219"}],"version-history":[{"count":0,"href":"https:\/\/fenster-discount.com\/de\/wp-json\/wp\/v2\/pages\/219\/revisions"}],"wp:attachment":[{"href":"https:\/\/fenster-discount.com\/de\/wp-json\/wp\/v2\/media?parent=219"}],"curies":[{"name":"wp","href":"https:\/\/api.w.org\/{rel}","templated":true}]}}