{"id":955,"date":"2025-07-13T00:42:40","date_gmt":"2025-07-13T00:42:40","guid":{"rendered":"http:\/\/ginz.local\/?page_id=955"},"modified":"2025-07-25T14:03:17","modified_gmt":"2025-07-25T14:03:17","slug":"brochures","status":"publish","type":"page","link":"https:\/\/fenster-discount.com\/de\/brochures\/","title":{"rendered":"Brosch\u00fcren"},"content":{"rendered":"<div data-elementor-type=\"wp-page\" data-elementor-id=\"955\" class=\"elementor elementor-955\" data-elementor-settings=\"{&quot;ha_cmc_init_switcher&quot;:&quot;no&quot;}\">\n\t\t\t\t\t\t<section class=\"elementor-section elementor-top-section elementor-element elementor-element-6a5e1b5b0 elementor-section-height-min-height elementor-section-content-middle elementor-section-boxed elementor-section-height-default elementor-section-items-middle exad-glass-effect-no wpr-particle-no wpr-jarallax-no wpr-parallax-no wpr-sticky-section-no exad-sticky-section-no\" data-id=\"6a5e1b5b0\" data-element_type=\"section\" data-settings=\"{&quot;background_background&quot;:&quot;classic&quot;,&quot;_ha_eqh_enable&quot;:false}\">\n\t\t\t\t\t\t\t<div class=\"elementor-background-overlay\"><\/div>\n\t\t\t\t\t\t\t<div class=\"elementor-container elementor-column-gap-default\">\n\t\t\t\t\t<div class=\"elementor-column elementor-col-100 elementor-top-column elementor-element elementor-element-8575b4b exad-glass-effect-no exad-sticky-section-no\" data-id=\"8575b4b\" data-element_type=\"column\">\n\t\t\t<div class=\"elementor-widget-wrap elementor-element-populated\">\n\t\t\t\t\t\t<div class=\"elementor-element elementor-element-5f560eed exad-sticky-section-no exad-glass-effect-no elementor-widget elementor-widget-heading\" data-id=\"5f560eed\" data-element_type=\"widget\" data-widget_type=\"heading.default\">\n\t\t\t\t\t<h2 class=\"elementor-heading-title elementor-size-default\">Brosch\u00fcren<\/h2>\t\t\t\t<\/div>\n\t\t\t\t\t<\/div>\n\t\t<\/div>\n\t\t\t\t\t<\/div>\n\t\t<\/section>\n\t\t\t\t<section class=\"elementor-section elementor-top-section elementor-element elementor-element-3a0deccc elementor-section-boxed elementor-section-height-default elementor-section-height-default exad-glass-effect-no wpr-particle-no wpr-jarallax-no wpr-parallax-no wpr-sticky-section-no exad-sticky-section-no\" data-id=\"3a0deccc\" data-element_type=\"section\" data-settings=\"{&quot;_ha_eqh_enable&quot;:false}\">\n\t\t\t\t\t\t<div class=\"elementor-container elementor-column-gap-default\">\n\t\t\t\t\t<div class=\"elementor-column elementor-col-100 elementor-top-column elementor-element elementor-element-6be32372 exad-glass-effect-no exad-sticky-section-no\" data-id=\"6be32372\" data-element_type=\"column\">\n\t\t\t<div class=\"elementor-widget-wrap elementor-element-populated\">\n\t\t\t\t\t\t<div class=\"elementor-element elementor-element-32f7c782 exad-sticky-section-no exad-glass-effect-no elementor-widget elementor-widget-heading\" data-id=\"32f7c782\" data-element_type=\"widget\" data-widget_type=\"heading.default\">\n\t\t\t\t\t<h2 class=\"elementor-heading-title elementor-size-default\">Detaillierte Brosch\u00fcren<\/h2>\t\t\t\t<\/div>\n\t\t\t\t<section class=\"elementor-section elementor-inner-section elementor-element elementor-element-681ce3ef elementor-section-boxed elementor-section-height-default elementor-section-height-default exad-glass-effect-no wpr-particle-no wpr-jarallax-no wpr-parallax-no wpr-sticky-section-no exad-sticky-section-no\" data-id=\"681ce3ef\" data-element_type=\"section\" data-settings=\"{&quot;_ha_eqh_enable&quot;:false}\">\n\t\t\t\t\t\t<div class=\"elementor-container elementor-column-gap-default\">\n\t\t\t\t\t<div class=\"elementor-column elementor-col-33 elementor-inner-column elementor-element elementor-element-2870c368 exad-glass-effect-no exad-sticky-section-no\" data-id=\"2870c368\" data-element_type=\"column\">\n\t\t\t<div class=\"elementor-widget-wrap elementor-element-populated\">\n\t\t\t\t\t\t<div class=\"elementor-element elementor-element-e0e9bfb exad-sticky-section-no exad-glass-effect-no elementor-widget elementor-widget-heading\" data-id=\"e0e9bfb\" data-element_type=\"widget\" data-widget_type=\"heading.default\">\n\t\t\t\t\t<h2 class=\"elementor-heading-title elementor-size-default\">Trocal<\/h2>\t\t\t\t<\/div>\n\t\t\t\t<div class=\"elementor-element elementor-element-b20426d exad-sticky-section-no exad-glass-effect-no elementor-widget elementor-widget-heading\" data-id=\"b20426d\" data-element_type=\"widget\" data-widget_type=\"heading.default\">\n\t\t\t\t\t<h2 class=\"elementor-heading-title elementor-size-default\"><a href=\"http:\/\/fenster-discount.com\/wp-content\/uploads\/2025\/07\/TROCAL-76-MD-Hauptprospekt-DE.pdf\" target=\"_blank\">TROCAL 76 MD<\/a><\/h2>\t\t\t\t<\/div>\n\t\t\t\t<div class=\"elementor-element elementor-element-0501117 exad-sticky-section-no exad-glass-effect-no elementor-widget elementor-widget-heading\" data-id=\"0501117\" data-element_type=\"widget\" data-widget_type=\"heading.default\">\n\t\t\t\t\t<h2 class=\"elementor-heading-title elementor-size-default\"><a href=\"http:\/\/fenster-discount.com\/wp-content\/uploads\/2025\/07\/TROCAL-76-AD-Hauptprospekt-DE.pdf\" target=\"_blank\">TROCAL 76 AD<\/a><\/h2>\t\t\t\t<\/div>\n\t\t\t\t<div class=\"elementor-element elementor-element-f9ec7ff exad-sticky-section-no exad-glass-effect-no elementor-widget elementor-widget-heading\" data-id=\"f9ec7ff\" data-element_type=\"widget\" data-widget_type=\"heading.default\">\n\t\t\t\t\t<h2 class=\"elementor-heading-title elementor-size-default\"><a href=\"http:\/\/fenster-discount.com\/wp-content\/uploads\/2025\/07\/TROCAL-PremiDoor76-Hauptprospekt-DE.pdf\" target=\"_blank\">TROCAL PremiDoor76<\/a><\/h2>\t\t\t\t<\/div>\n\t\t\t\t<div class=\"elementor-element elementor-element-cb1791c exad-sticky-section-no exad-glass-effect-no elementor-widget elementor-widget-heading\" data-id=\"cb1791c\" data-element_type=\"widget\" data-widget_type=\"heading.default\">\n\t\t\t\t\t<h2 class=\"elementor-heading-title elementor-size-default\"><a href=\"http:\/\/fenster-discount.com\/wp-content\/uploads\/2025\/07\/TROCAL-88-MD-Hauptprospekt-DE.pdf\" target=\"_blank\">TROCAL 88 MD<\/a><\/h2>\t\t\t\t<\/div>\n\t\t\t\t\t<\/div>\n\t\t<\/div>\n\t\t\t\t<div class=\"elementor-column elementor-col-33 elementor-inner-column elementor-element elementor-element-b49a9f9 exad-glass-effect-no exad-sticky-section-no\" data-id=\"b49a9f9\" data-element_type=\"column\">\n\t\t\t<div class=\"elementor-widget-wrap elementor-element-populated\">\n\t\t\t\t\t\t<div class=\"elementor-element elementor-element-26184c1 exad-sticky-section-no exad-glass-effect-no elementor-widget elementor-widget-heading\" data-id=\"26184c1\" data-element_type=\"widget\" data-widget_type=\"heading.default\">\n\t\t\t\t\t<h2 class=\"elementor-heading-title elementor-size-default\">Sch\u00fcco<\/h2>\t\t\t\t<\/div>\n\t\t\t\t<div class=\"elementor-element elementor-element-d8eda8e exad-sticky-section-no exad-glass-effect-no elementor-widget elementor-widget-heading\" data-id=\"d8eda8e\" data-element_type=\"widget\" data-widget_type=\"heading.default\">\n\t\t\t\t\t<h2 class=\"elementor-heading-title elementor-size-default\"><a href=\"http:\/\/fenster-discount.com\/wp-content\/uploads\/2025\/07\/Schuco-AWS-75.pdf\" target=\"_blank\">Sch\u00fcco AWS 75<\/a><\/h2>\t\t\t\t<\/div>\n\t\t\t\t<div class=\"elementor-element elementor-element-b40ba41 exad-sticky-section-no exad-glass-effect-no elementor-widget elementor-widget-heading\" data-id=\"b40ba41\" data-element_type=\"widget\" data-widget_type=\"heading.default\">\n\t\t\t\t\t<h2 class=\"elementor-heading-title elementor-size-default\"><a href=\"http:\/\/fenster-discount.com\/wp-content\/uploads\/2025\/07\/Schuco-AWS-120-CC.SI_.pdf\" target=\"_blank\">Sch\u00fcco AWS 120 CC.SI<\/a><\/h2>\t\t\t\t<\/div>\n\t\t\t\t<div class=\"elementor-element elementor-element-3d90274 exad-sticky-section-no exad-glass-effect-no elementor-widget elementor-widget-heading\" data-id=\"3d90274\" data-element_type=\"widget\" data-widget_type=\"heading.default\">\n\t\t\t\t\t<h2 class=\"elementor-heading-title elementor-size-default\"><a href=\"http:\/\/fenster-discount.com\/wp-content\/uploads\/2025\/07\/Schuco-ASE-60-80.HI_.pdf\" target=\"_blank\">Sch\u00fcco ASE 60-80.HI<\/a><\/h2>\t\t\t\t<\/div>\n\t\t\t\t<div class=\"elementor-element elementor-element-9de2c7e exad-sticky-section-no exad-glass-effect-no elementor-widget elementor-widget-heading\" data-id=\"9de2c7e\" data-element_type=\"widget\" data-widget_type=\"heading.default\">\n\t\t\t\t\t<h2 class=\"elementor-heading-title elementor-size-default\"><a href=\"http:\/\/fenster-discount.com\/wp-content\/uploads\/2025\/07\/Schuco-ASS-70-FD.pdf\" target=\"_blank\">Sch\u00fcco ASS 70 FD<\/a><\/h2>\t\t\t\t<\/div>\n\t\t\t\t<div class=\"elementor-element elementor-element-034e212 exad-sticky-section-no exad-glass-effect-no elementor-widget elementor-widget-heading\" data-id=\"034e212\" data-element_type=\"widget\" data-widget_type=\"heading.default\">\n\t\t\t\t\t<h2 class=\"elementor-heading-title elementor-size-default\"><a href=\"http:\/\/fenster-discount.com\/wp-content\/uploads\/2025\/07\/Schuco-Door-System-AD-UP.pdf\" target=\"_blank\">Sch\u00fcco T\u00fcrsystem AD UP<\/a><\/h2>\t\t\t\t<\/div>\n\t\t\t\t<div class=\"elementor-element elementor-element-b616f97 exad-sticky-section-no exad-glass-effect-no elementor-widget elementor-widget-heading\" data-id=\"b616f97\" data-element_type=\"widget\" data-widget_type=\"heading.default\">\n\t\t\t\t\t<h2 class=\"elementor-heading-title elementor-size-default\"><a href=\"http:\/\/fenster-discount.com\/wp-content\/uploads\/2025\/07\/Schuco-Aluminium-Entrance-Doors.pdf\" target=\"_blank\">Sch\u00fcco Aluminium-Haust\u00fcren<\/a><\/h2>\t\t\t\t<\/div>\n\t\t\t\t\t<\/div>\n\t\t<\/div>\n\t\t\t\t<div class=\"elementor-column elementor-col-33 elementor-inner-column elementor-element elementor-element-1c703ad exad-glass-effect-no exad-sticky-section-no\" data-id=\"1c703ad\" data-element_type=\"column\">\n\t\t\t<div class=\"elementor-widget-wrap elementor-element-populated\">\n\t\t\t\t\t\t<div class=\"elementor-element elementor-element-4d42ebc exad-sticky-section-no exad-glass-effect-no elementor-widget elementor-widget-heading\" data-id=\"4d42ebc\" data-element_type=\"widget\" data-widget_type=\"heading.default\">\n\t\t\t\t\t<h2 class=\"elementor-heading-title elementor-size-default\">Alumil<\/h2>\t\t\t\t<\/div>\n\t\t\t\t<div class=\"elementor-element elementor-element-67652a6 exad-sticky-section-no exad-glass-effect-no elementor-widget elementor-widget-heading\" data-id=\"67652a6\" data-element_type=\"widget\" data-widget_type=\"heading.default\">\n\t\t\t\t\t<h2 class=\"elementor-heading-title elementor-size-default\"><a href=\"http:\/\/fenster-discount.com\/wp-content\/uploads\/2025\/07\/smartia-s77-en.pdf\" target=\"_blank\">Alumil Smartia S77<\/a><\/h2>\t\t\t\t<\/div>\n\t\t\t\t<div class=\"elementor-element elementor-element-dcf6d9e exad-sticky-section-no exad-glass-effect-no elementor-widget elementor-widget-heading\" data-id=\"dcf6d9e\" data-element_type=\"widget\" data-widget_type=\"heading.default\">\n\t\t\t\t\t<h2 class=\"elementor-heading-title elementor-size-default\"><a href=\"http:\/\/fenster-discount.com\/wp-content\/uploads\/2025\/07\/Alumil-Smartia-SD77.pdf\" target=\"_blank\"><span style=\"letter-spacing: 0.2px\">Alumil Smartia SD77<\/span><\/a><\/h2>\t\t\t\t<\/div>\n\t\t\t\t<div class=\"elementor-element elementor-element-be89b40 exad-sticky-section-no exad-glass-effect-no elementor-widget elementor-widget-heading\" data-id=\"be89b40\" data-element_type=\"widget\" data-widget_type=\"heading.default\">\n\t\t\t\t\t<h2 class=\"elementor-heading-title elementor-size-default\"><a href=\"http:\/\/fenster-discount.com\/wp-content\/uploads\/2025\/07\/Alumil-Smartia-MD67.pdf\" target=\"_blank\"><span style=\"letter-spacing: 0.2px\">Alumil Smartia MD67<\/span><\/a><\/h2>\t\t\t\t<\/div>\n\t\t\t\t<div class=\"elementor-element elementor-element-360c40a exad-sticky-section-no exad-glass-effect-no elementor-widget elementor-widget-heading\" data-id=\"360c40a\" data-element_type=\"widget\" data-widget_type=\"heading.default\">\n\t\t\t\t\t<h2 class=\"elementor-heading-title elementor-size-default\"><a href=\"http:\/\/fenster-discount.com\/wp-content\/uploads\/2025\/07\/Alumil-Supreme-SD-115-Pivot.pdf\" target=\"_blank\"><span style=\"letter-spacing: 0.2px\">Alumil Supreme SD115-Pivot<\/span><\/a><\/h2>\t\t\t\t<\/div>\n\t\t\t\t<div class=\"elementor-element elementor-element-3ddfee4 exad-sticky-section-no exad-glass-effect-no elementor-widget elementor-widget-heading\" data-id=\"3ddfee4\" data-element_type=\"widget\" data-widget_type=\"heading.default\">\n\t\t\t\t\t<h2 class=\"elementor-heading-title elementor-size-default\"><a href=\"http:\/\/fenster-discount.com\/wp-content\/uploads\/2025\/07\/Alumil-Supreme-S700.pdf\" target=\"_blank\">Alumil Supreme S700<\/a><\/h2>\t\t\t\t<\/div>\n\t\t\t\t<div class=\"elementor-element elementor-element-d89d979 exad-sticky-section-no exad-glass-effect-no elementor-widget elementor-widget-heading\" data-id=\"d89d979\" data-element_type=\"widget\" data-widget_type=\"heading.default\">\n\t\t\t\t\t<h2 class=\"elementor-heading-title elementor-size-default\"><a href=\"http:\/\/fenster-discount.com\/wp-content\/uploads\/2025\/07\/Alumil-Smartia-S560.pdf\" target=\"_blank\">Alumil Smartia S560<\/a><\/h2>\t\t\t\t<\/div>\n\t\t\t\t<div class=\"elementor-element elementor-element-3c676fb exad-sticky-section-no exad-glass-effect-no elementor-widget elementor-widget-heading\" data-id=\"3c676fb\" data-element_type=\"widget\" data-widget_type=\"heading.default\">\n\t\t\t\t\t<h2 class=\"elementor-heading-title elementor-size-default\"><a href=\"http:\/\/fenster-discount.com\/wp-content\/uploads\/2025\/07\/Alumil-Supreme-S650-Phos.pdf\" target=\"_blank\">Alumil Supreme S650-Phos<\/a><\/h2>\t\t\t\t<\/div>\n\t\t\t\t<div class=\"elementor-element elementor-element-3d5105e exad-sticky-section-no exad-glass-effect-no elementor-widget elementor-widget-heading\" data-id=\"3d5105e\" data-element_type=\"widget\" data-widget_type=\"heading.default\">\n\t\t\t\t\t<h2 class=\"elementor-heading-title elementor-size-default\"><a href=\"http:\/\/fenster-discount.com\/wp-content\/uploads\/2025\/07\/Alumil-Supreme-SF85.pdf\" target=\"_blank\">Alumil Supreme SF85<\/a><\/h2>\t\t\t\t<\/div>\n\t\t\t\t\t<\/div>\n\t\t<\/div>\n\t\t\t\t\t<\/div>\n\t\t<\/section>\n\t\t\t\t\t<\/div>\n\t\t<\/div>\n\t\t\t\t\t<\/div>\n\t\t<\/section>\n\t\t\t\t<\/div>","protected":false},"excerpt":{"rendered":"<p>Brosch\u00fcren Detailbrosch\u00fcren Trocal TROCAL 76 MD TROCAL 76 AD TROCAL PremiDoor76 TROCAL 88 MD Sch\u00fcco Sch\u00fcco AWS 75 Sch\u00fcco AWS 120 CC.SI Sch\u00fcco ASE 60-80.HI Sch\u00fcco ASS 70 FD Sch\u00fcco T\u00fcrsystem AD UP Sch\u00fcco Aluminium-Eingangst\u00fcren Alumil Alumil Smartia S77 Alumil Smartia SD77 Alumil Smartia MD67 Alumil Supreme SD115-Pivot Alumil Supreme S700 Alumil Smartia S560 Alumil Supreme S650-Phos Alumil Supreme SF85<\/p>","protected":false},"author":1,"featured_media":0,"parent":0,"menu_order":0,"comment_status":"closed","ping_status":"closed","template":"","meta":{"site-sidebar-layout":"no-sidebar","site-content-layout":"","ast-site-content-layout":"full-width-container","site-content-style":"default","site-sidebar-style":"default","ast-global-header-display":"","ast-banner-title-visibility":"","ast-main-header-display":"","ast-hfb-above-header-display":"","ast-hfb-below-header-display":"","ast-hfb-mobile-header-display":"","site-post-title":"disabled","ast-breadcrumbs-content":"","ast-featured-img":"disabled","footer-sml-layout":"","theme-transparent-header-meta":"","adv-header-id-meta":"","stick-header-meta":"","header-above-stick-meta":"","header-main-stick-meta":"","header-below-stick-meta":"","astra-migrate-meta-layouts":"default","ast-page-background-enabled":"default","ast-page-background-meta":{"desktop":{"background-color":"var(--ast-global-color-5)","background-image":"","background-repeat":"repeat","background-position":"center center","background-size":"auto","background-attachment":"scroll","background-type":"","background-media":"","overlay-type":"","overlay-color":"","overlay-opacity":"","overlay-gradient":""},"tablet":{"background-color":"","background-image":"","background-repeat":"repeat","background-position":"center center","background-size":"auto","background-attachment":"scroll","background-type":"","background-media":"","overlay-type":"","overlay-color":"","overlay-opacity":"","overlay-gradient":""},"mobile":{"background-color":"","background-image":"","background-repeat":"repeat","background-position":"center center","background-size":"auto","background-attachment":"scroll","background-type":"","background-media":"","overlay-type":"","overlay-color":"","overlay-opacity":"","overlay-gradient":""}},"ast-content-background-meta":{"desktop":{"background-color":"var(--ast-global-color-4)","background-image":"","background-repeat":"repeat","background-position":"center center","background-size":"auto","background-attachment":"scroll","background-type":"","background-media":"","overlay-type":"","overlay-color":"","overlay-opacity":"","overlay-gradient":""},"tablet":{"background-color":"var(--ast-global-color-4)","background-image":"","background-repeat":"repeat","background-position":"center center","background-size":"auto","background-attachment":"scroll","background-type":"","background-media":"","overlay-type":"","overlay-color":"","overlay-opacity":"","overlay-gradient":""},"mobile":{"background-color":"var(--ast-global-color-4)","background-image":"","background-repeat":"repeat","background-position":"center center","background-size":"auto","background-attachment":"scroll","background-type":"","background-media":"","overlay-type":"","overlay-color":"","overlay-opacity":"","overlay-gradient":""}},"footnotes":""},"class_list":["post-955","page","type-page","status-publish","hentry"],"_links":{"self":[{"href":"https:\/\/fenster-discount.com\/de\/wp-json\/wp\/v2\/pages\/955","targetHints":{"allow":["GET"]}}],"collection":[{"href":"https:\/\/fenster-discount.com\/de\/wp-json\/wp\/v2\/pages"}],"about":[{"href":"https:\/\/fenster-discount.com\/de\/wp-json\/wp\/v2\/types\/page"}],"author":[{"embeddable":true,"href":"https:\/\/fenster-discount.com\/de\/wp-json\/wp\/v2\/users\/1"}],"replies":[{"embeddable":true,"href":"https:\/\/fenster-discount.com\/de\/wp-json\/wp\/v2\/comments?post=955"}],"version-history":[{"count":0,"href":"https:\/\/fenster-discount.com\/de\/wp-json\/wp\/v2\/pages\/955\/revisions"}],"wp:attachment":[{"href":"https:\/\/fenster-discount.com\/de\/wp-json\/wp\/v2\/media?parent=955"}],"curies":[{"name":"wp","href":"https:\/\/api.w.org\/{rel}","templated":true}]}}